{"id":9272,"date":"2023-11-15T11:28:54","date_gmt":"2023-11-15T11:28:54","guid":{"rendered":"https:\/\/www.vortal.biz\/?page_id=9272"},"modified":"2026-04-20T07:49:39","modified_gmt":"2026-04-20T07:49:39","slug":"price-update-policy","status":"publish","type":"page","link":"https:\/\/www.vortal.biz\/pt-pt\/price-update-policy\/","title":{"rendered":"Price Update Policy"},"content":{"rendered":"<p><div class=\"fusion-fullwidth fullwidth-box fusion-builder-row-1 fusion-flex-container nonhundred-percent-fullwidth non-hundred-percent-height-scrolling fusion-custom-z-index\" style=\"background-color: #ffffff;background-position: center center;background-repeat: no-repeat;border-width: 0px 0px 0px 0px;border-color:#e2e2e2;border-style:solid;\" ><div class=\"fusion-builder-row fusion-row fusion-flex-align-items-flex-start\" style=\"max-width:calc( 1640px + 32px );margin-left: calc(-32px \/ 2 );margin-right: calc(-32px \/ 2 );\"><div class=\"fusion-layout-column fusion_builder_column fusion-builder-column-0 fusion_builder_column_1_4 1_4 fusion-flex-column fusion-flex-align-self-stretch\"><div class=\"fusion-column-wrapper fusion-flex-justify-content-flex-start fusion-content-layout-column\" style=\"background-position:left top;background-repeat:no-repeat;-webkit-background-size:cover;-moz-background-size:cover;-o-background-size:cover;background-size:cover;padding: 0px 0px 0px 0px;\"><\/div><style type=\"text\/css\">.fusion-body .fusion-builder-column-0{width:25% !important;margin-top : 0px;margin-bottom : 0px;}.fusion-builder-column-0 > .fusion-column-wrapper {padding-top : 0px !important;padding-right : 0px !important;margin-right : 16px;padding-bottom : 0px !important;padding-left : 0px !important;margin-left : 16px;}@media only screen and (max-width:1024px) {.fusion-body .fusion-builder-column-0{width:25% !important;order : 0;}.fusion-builder-column-0 > .fusion-column-wrapper {margin-right : 16px;margin-left : 16px;}}@media only screen and (max-width:640px) {.fusion-body .fusion-builder-column-0{width:100% !important;order : 0;}.fusion-builder-column-0 > .fusion-column-wrapper {margin-right : 16px;margin-left : 16px;}}<\/style><\/div><div class=\"fusion-layout-column fusion_builder_column fusion-builder-column-1 fusion_builder_column_1_2 1_2 fusion-flex-column fusion-flex-align-self-stretch\"><div class=\"fusion-column-wrapper fusion-flex-justify-content-center fusion-content-layout-column\" style=\"background-position:left top;background-repeat:no-repeat;-webkit-background-size:cover;-moz-background-size:cover;-o-background-size:cover;background-size:cover;padding: 0px 0px 0px 0px;\"><style type=\"text\/css\">@media only screen and (max-width:1024px) {.fusion-title.fusion-title-1{margin-top:0px!important; margin-right:0px!important;margin-bottom:40px!important;margin-left:0px!important;}}@media only screen and (max-width:640px) {.fusion-title.fusion-title-1{margin-top:10px!important; margin-right:0px!important;margin-bottom:10px!important; margin-left:0px!important;}}<\/style><div class=\"fusion-title title fusion-title-1 fusion-sep-none fusion-title-center fusion-title-text fusion-title-size-three\" style=\"margin-top:0px;margin-right:0px;margin-bottom:40px;margin-left:0px;\"><h3 class=\"title-heading-center\" style=\"margin:0;\">Pol\u00edtica de Atualiza\u00e7\u00e3o de Pre\u00e7os<\/h3><\/div><div class=\"fusion-text fusion-text-1\" style=\"line-height:2;\"><p><strong>1. OBJETIVO<\/strong><\/p>\n<p>O objetivo da <em>Pol\u00edtica de Atualiza\u00e7\u00e3o de Pre\u00e7os<\/em> \u00e9 estabelecer os princ\u00edpios e diretrizes claras para a atualiza\u00e7\u00e3o dos pre\u00e7os dos Servi\u00e7os desenvolvidos e oferecidos pela <em>SIMPLIFAE<\/em> e restantes empresas pertencentes ao <em>Grupo de Empresas SIMPLIFAE<\/em> (conforme definido abaixo).<\/p>\n<p>A presente Pol\u00edtica abrange o <em>Grupo de Empresas SIMPLIFAE<\/em>, o qual \u00e9 constitu\u00eddo pelas Empresas elencadas em https:\/\/www.vortal.biz\/pt-pt\/vortal-group-companies\/, e que se passam a denominar de forma conjunta como \u201cEMPRESAS DO GRUPO SIMPLIFAE\u201d. O pre\u00e7o dos Servi\u00e7os das EMPRESAS DO GRUPO SIMPLIFAE procura refletir a qualidade e extens\u00e3o dos Servi\u00e7os prestados, a respetiva marca, a garantia e servi\u00e7os de suporte t\u00e9cnico, assim como outros fatores que influenciam a decis\u00e3o de compra pelos nossos Clientes.<\/p>\n<p>A Pol\u00edtica de Atualiza\u00e7\u00e3o de Pre\u00e7os reflete o compromisso das EMPRESAS DO GRUPO SIMPLIFAE na manuten\u00e7\u00e3o uma rela\u00e7\u00e3o transparente, previs\u00edvel e sustent\u00e1vel com os seus Clientes, procurando sempre assegurar o equil\u00edbrio entre a evolu\u00e7\u00e3o dos Servi\u00e7os prestados e a estabilidade das condi\u00e7\u00f5es comerciais acordadas entre as partes.<\/p>\n<p>As EMPRESAS DO GRUPO SIMPLIFAE proceder\u00e3o regularmente \u00e0 realiza\u00e7\u00e3o de an\u00e1lises de mercado, por forma a verificar tend\u00eancias de pre\u00e7os, o comportamento dos Clientes e a\u00e7\u00f5es da concorr\u00eancia.<\/p>\n<p><strong>2. ATUALIZA\u00c7\u00c3O ANUAL DE PRE\u00c7OS<\/strong><\/p>\n<p>De modo a garantir a qualidade dos Servi\u00e7os prestados, as EMPRESAS DO GRUPO SIMPLIFAE refletem no pre\u00e7o dos seus Servi\u00e7os os respetivos custos de desenvolvimento, comercializa\u00e7\u00e3o e marketing, a evolu\u00e7\u00e3o dos custos da respetiva estrutura organizativa e outros associados ao desenvolvimento da sua atividade comercial.<\/p>\n<p>A atualiza\u00e7\u00e3o do pre\u00e7o dos Servi\u00e7os prestados pelas EMPRESAS DO GRUPO SIMPLIFAE \u00e9 efetuada, anualmente, em fun\u00e7\u00e3o do n\u00edvel de atualiza\u00e7\u00e3o de custos.<\/p>\n<p>A atualiza\u00e7\u00e3o anual de pre\u00e7os prevista na presente Pol\u00edtica constitui um elemento integrante da estrutura de pre\u00e7os contratualmente acordada entre as partes, refletindo a natureza evolutiva e continuada dos Servi\u00e7os prestados pelas EMPRESAS DO GRUPO SIMPLIFAE.<\/p>\n<p>Atendendo a que uma parte significativa dos custos das EMPRESAS DO GRUPO SIMPLIFAE respeita ao pagamento dos sal\u00e1rios dos seus Colaboradores, a atualiza\u00e7\u00e3o anual de pre\u00e7os dos Servi\u00e7os ser\u00e1 calculada atrav\u00e9s de uma pondera\u00e7\u00e3o entre (i) a taxa de aumento do Sal\u00e1rio M\u00ednimo Nacional (SMN), face ao ano anterior, e (ii) o \u00cdndice de Pre\u00e7os no Consumidor (IPC), fator que ser\u00e1 calculado no m\u00eas de janeiro do ano da respetiva atualiza\u00e7\u00e3o e comparado com o m\u00eas de janeiro do ano transato.<\/p>\n<p>No caso de algum dos indicadores utilizados para o c\u00e1lculo da atualiza\u00e7\u00e3o de pre\u00e7os (SMN\/SMI ou IPC) deixar de ser publicado, ser substitu\u00eddo por um \u00edndice equivalente ou a sua metodologia ser substancialmente modificada, tal indicador ser\u00e1 substitu\u00eddo pelo que, publicado pela autoridade estat\u00edstica competente, o substitua formalmente. Na aus\u00eancia de publica\u00e7\u00e3o de \u00edndices oficiais que cumpram estes crit\u00e9rios, ser\u00e1 aplicado o \u00faltimo valor dispon\u00edvel do indicador afetado at\u00e9 que seja restabelecida a sua publica\u00e7\u00e3o ou seja publicado um \u00edndice oficialmente designado como sucessor.<\/p>\n<p>A atualiza\u00e7\u00e3o de pre\u00e7os dos Servi\u00e7os das EMPRESAS DO GRUPO SIMPLIFAE Portuguesas refletir\u00e1 assim a soma ponderada do aumento destes dois \u00edndices, na propor\u00e7\u00e3o de 75% quanto ao indicador SMN e de 25% quanto ao indicador IPC.<\/p>\n<p>A atualiza\u00e7\u00e3o de pre\u00e7os dos Servi\u00e7os das EMPRESAS DO GRUPO SIMPLIFAE Espanholas refletir\u00e1 assim a soma ponderada do aumento destes dois \u00edndices, na propor\u00e7\u00e3o de 75% quanto ao indicador SMN (SMI em Espanha, ou seja, Sal\u00e1rio M\u00ednimo Interprofissional) e de 25% quanto ao indicador IPC. Para efeitos de c\u00e1lculo, quer o SMN quer o IPC, resultam de uma pondera\u00e7\u00e3o entre o indicador em Portugal (75%) e o indicador em Espanha (25%), espelhando a estrutura organizacional da opera\u00e7\u00e3o em Espanha. De forma exemplificativa:<\/p>\n<p>Ano de 2025<\/p>\n<p>\u00c0 data, encontra-se em vigor nas EMPRESAS DO GRUPO SIMPLIFAE em Portugal uma atualiza\u00e7\u00e3o anual de pre\u00e7os que decorre da aplica\u00e7\u00e3o do aumento do SMN em 2025 (6,1%), e do indicador IPC, medido em janeiro de 2025 face a janeiro de 2024 (2,5%), resultando, ap\u00f3s a respetiva pondera\u00e7\u00e3o, numa atualiza\u00e7\u00e3o de 5,2% arredondado ao euro.<\/p>\n<p>Em Espanha, encontra-se em vigor nas EMPRESAS DO GRUPO SIMPLIFAE uma atualiza\u00e7\u00e3o anual de pre\u00e7os que decorre da aplica\u00e7\u00e3o do aumento do SMN em Espanha em 2025 (4,41%) do aumento do SMN em Portugal em 2025 (6,1%), do indicador IPC de Espanha, medido em janeiro de 2025 face a janeiro de 2024 (2,9%) e do indicador IPC de Portugal, medido no mesmo per\u00edodo (2,5%), resultando, ap\u00f3s a respetiva pondera\u00e7\u00e3o, numa atualiza\u00e7\u00e3o de 4,91% arredondado ao euro.<\/p>\n<p>Ano de 2026<\/p>\n<p>Relativamente ao ano de 2026, a atualiza\u00e7\u00e3o anual de pre\u00e7os dos Servi\u00e7os das EMPRESAS DO GRUPO SIMPLIFAE ser\u00e1 apurada nos termos previstos na presente Pol\u00edtica, com base na varia\u00e7\u00e3o do SMN\/SMI aplic\u00e1vel em 2026 e no \u00cdndice de Pre\u00e7os no Consumidor (IPC), a calcular no m\u00eas de janeiro de 2026 e comparado com o m\u00eas de janeiro do ano anterior, ap\u00f3s a divulga\u00e7\u00e3o dos respetivos dados oficiais, tanto em Portugal, como em Espanha.<\/p>\n<p><strong>3. CAMPANHAS PROMOCIONAIS E DESCONTOS<\/strong><\/p>\n<p>Ser\u00e1 utilizada estrategicamente pelas EMPRESAS DO GRUPO SIMPLIFAE a ado\u00e7\u00e3o de campanhas promocionais e descontos, por forma a impulsionar vendas e recompensar a confian\u00e7a dos Cliente nos Servi\u00e7os SIMPLIFAE.<\/p>\n<p>Todas as campanhas promocionais e descontos da SIMPLIFAE seguir\u00e3o pol\u00edticas claras e ser\u00e3o divulgados aos Clientes de forma transparente.<\/p>\n<p>Verificando-se o termo de campanhas promocionais, ofertas ou descontos tempor\u00e1rios, cessam as respetivas condi\u00e7\u00f5es promocionais, restabelecendo-se o pre\u00e7o contratualmente aplic\u00e1vel.<\/p>\n<p><strong>4. OUTRAS REVIS\u00d5ES DE PRE\u00c7OS<\/strong><\/p>\n<p>Poder\u00e1 verificar-se a necessidade de revis\u00e3o e ajuste dos pre\u00e7os dos Servi\u00e7os SIMPLIFAE em situa\u00e7\u00f5es espec\u00edficas, nomeadamente em consequ\u00eancia: (i) do aumento do n\u00edvel de Servi\u00e7o contratado pelo Cliente; (ii) da subscri\u00e7\u00e3o de novos Servi\u00e7os e\/ou funcionalidades adicionais por parte do Cliente;; (iii) de altera\u00e7\u00f5es objetivas ao Servi\u00e7o, e\/ou evolu\u00e7\u00f5es funcionais do mesmo, que impliquem uma modifica\u00e7\u00e3o relevante do respetivo \u00e2mbito funcional ou t\u00e9cnico; (iv) do termo de campanhas promocionais, ofertas ou descontos tempor\u00e1rios.<\/p>\n<p>Em situa\u00e7\u00f5es excecionais de altera\u00e7\u00e3o significativa das condi\u00e7\u00f5es \u2013 econ\u00f3micas ou operacionais &#8211; que impactem de forma relevante a presta\u00e7\u00e3o dos Servi\u00e7os, poder\u00e1 tamb\u00e9m ser necess\u00e1rio \u00e0s EMPRESAS DO GRUPO SIMPLIFAE avaliar, de boa-f\u00e9, a adequa\u00e7\u00e3o dos pre\u00e7os praticados \u00e0s novas circunst\u00e2ncias e, em consequ\u00eancia, proceder \u00e0 revis\u00e3o e ajuste dos pre\u00e7os dos Servi\u00e7os SIMPLIFAE.<\/p>\n<p><strong>5. ESTRAT\u00c9GIA DE SEGMENTA\u00c7\u00c3O<\/strong><\/p>\n<p>O GRUPO DE EMPRESAS SIMPLIFAE poder\u00e1 ainda adotar diferentes modelos de estrutura\u00e7\u00e3o de pre\u00e7os para segmentos espec\u00edficos de Clientes, tendo em conta as suas necessidades e comportamentos de compra particulares, com base em crit\u00e9rios objetivos e transparentes, designadamente:<\/p>\n<ol>\n<li>volume de Servi\u00e7os contratados;<\/li>\n<li>n\u00famero de utilizadores ou licen\u00e7as;<\/li>\n<li>dura\u00e7\u00e3o da rela\u00e7\u00e3o contratual;<\/li>\n<li>escal\u00f5es de fatura\u00e7\u00e3o ou de utiliza\u00e7\u00e3o previamente definidos.<\/li>\n<\/ol>\n<p>A aplica\u00e7\u00e3o de estrat\u00e9gias de segmenta\u00e7\u00e3o ser\u00e1 efetuada de forma n\u00e3o discriminat\u00f3ria, em conformidade com os princ\u00edpios da boa-f\u00e9, proporcionalidade e transpar\u00eancia, refletindo a adequa\u00e7\u00e3o dos crit\u00e9rios de atualiza\u00e7\u00e3o de pre\u00e7os ao perfil de utiliza\u00e7\u00e3o do Cliente.<\/p>\n<p><strong>6. REVIS\u00c3O PERI\u00d3DICA DA POL\u00cdTICA ATUALIZA\u00c7\u00c3O DE PRE\u00c7OS<\/strong><\/p>\n<p>A Pol\u00edtica de Atualiza\u00e7\u00e3o de Pre\u00e7os constitui parte integrante dos contratos celebrados com os Clientes e poder\u00e1 ser revista periodicamente pelas EMPRESAS DO GRUPO SIMPLIFAE, garantindo seu alinhamento com os respetivos objetivos estrat\u00e9gicos e com as condi\u00e7\u00f5es de mercado.<\/p>\n<p><strong>7. DISPOSI\u00c7\u00d5ES FINAIS<\/strong><\/p>\n<p>A Pol\u00edtica de Atualiza\u00e7\u00e3o de Pre\u00e7os deve ser interpretada e aplicada em articula\u00e7\u00e3o com os contratos celebrados entre as partes, n\u00e3o prevalecendo sobre disposi\u00e7\u00f5es contratuais espec\u00edficas que regulem, de forma expressa, mat\u00e9rias relativas a atualiza\u00e7\u00e3o de pre\u00e7os.<\/p>\n<p>As altera\u00e7\u00f5es introduzidas \u00e0 presente Pol\u00edtica apenas se aplicar\u00e3o a contratos celebrados ap\u00f3s a respetiva altera\u00e7\u00e3o, n\u00e3o produzindo efeitos relativamente a contratos em execu\u00e7\u00e3o, salvo acordo expresso e escrito em contr\u00e1rio entre as partes.<\/p>\n<p>As atualiza\u00e7\u00f5es ou revis\u00f5es de pre\u00e7os efetuadas nos termos da presente Pol\u00edtica n\u00e3o representam uma modifica\u00e7\u00e3o dos respetivos termos, correspondendo \u00e0 aplica\u00e7\u00e3o dos mecanismos de atualiza\u00e7\u00e3o na mesma definidos.<\/p>\n<p>A eventual n\u00e3o aplica\u00e7\u00e3o, em determinado momento, de qualquer mecanismo de atualiza\u00e7\u00e3o ou revis\u00e3o de pre\u00e7os previsto na presente Pol\u00edtica n\u00e3o constitui ren\u00fancia ao direito da sua aplica\u00e7\u00e3o futura.<\/p>\n<p>Vers\u00e3o 04 | Publicada em 20 de abril de 2026<\/p>\n<\/div><\/div><style type=\"text\/css\">.fusion-body .fusion-builder-column-1{width:50% !important;margin-top : 0px;margin-bottom : 0px;}.fusion-builder-column-1 > .fusion-column-wrapper {padding-top : 0px !important;padding-right : 0px !important;margin-right : 0px;padding-bottom : 0px !important;padding-left : 0px !important;margin-left : 0px;}@media only screen and (max-width:1024px) {.fusion-body .fusion-builder-column-1{width:50% !important;order : 0;}.fusion-builder-column-1 > .fusion-column-wrapper {margin-right : 0px;margin-left : 0px;}}@media only screen and (max-width:640px) {.fusion-body .fusion-builder-column-1{width:100% !important;order : 0;}.fusion-builder-column-1 > .fusion-column-wrapper {margin-right : 16px;margin-left : 16px;}}<\/style><\/div><div class=\"fusion-layout-column fusion_builder_column fusion-builder-column-2 fusion_builder_column_1_4 1_4 fusion-flex-column\"><div class=\"fusion-column-wrapper fusion-flex-justify-content-flex-start fusion-content-layout-column\" style=\"background-position:left top;background-repeat:no-repeat;-webkit-background-size:cover;-moz-background-size:cover;-o-background-size:cover;background-size:cover;padding: 0px 0px 0px 0px;\"><\/div><style type=\"text\/css\">.fusion-body .fusion-builder-column-2{width:25% !important;margin-top : 0px;margin-bottom : 0px;}.fusion-builder-column-2 > .fusion-column-wrapper {padding-top : 0px !important;padding-right : 0px !important;margin-right : 16px;padding-bottom : 0px !important;padding-left : 0px !important;margin-left : 16px;}@media only screen and (max-width:1024px) {.fusion-body .fusion-builder-column-2{width:25% !important;order : 0;}.fusion-builder-column-2 > .fusion-column-wrapper {margin-right : 16px;margin-left : 16px;}}@media only screen and (max-width:640px) {.fusion-body .fusion-builder-column-2{width:100% !important;order : 0;}.fusion-builder-column-2 > .fusion-column-wrapper {margin-right : 16px;margin-left : 16px;}}<\/style><\/div><\/div><style type=\"text\/css\">.fusion-fullwidth.fusion-builder-row-1 { z-index:1 !important; }.fusion-body .fusion-flex-container.fusion-builder-row-1{ padding-top : 104px;margin-top : 0px;padding-right : 16px;padding-bottom : 104px;margin-bottom : 0px;padding-left : 16px;}<\/style><\/div><\/p>\n","protected":false},"excerpt":{"rendered":"","protected":false},"author":3,"featured_media":0,"parent":0,"menu_order":0,"comment_status":"closed","ping_status":"closed","template":"100-width.php","meta":{"footnotes":""},"yoast_head":"<!-- This site is optimized with the Yoast SEO plugin v22.3 - https:\/\/yoast.com\/wordpress\/plugins\/seo\/ -->\n<title>Price Update Policy - VORTAL<\/title>\n<meta name=\"robots\" content=\"index, follow, max-snippet:-1, max-image-preview:large, max-video-preview:-1\" \/>\n<link rel=\"canonical\" href=\"https:\/\/www.vortal.biz\/pt-pt\/price-update-policy\/\" \/>\n<meta property=\"og:locale\" content=\"pt_PT\" \/>\n<meta property=\"og:type\" content=\"article\" \/>\n<meta property=\"og:title\" content=\"Price Update Policy - VORTAL\" \/>\n<meta property=\"og:url\" content=\"https:\/\/www.vortal.biz\/pt-pt\/price-update-policy\/\" \/>\n<meta property=\"og:site_name\" content=\"VORTAL\" \/>\n<meta property=\"article:modified_time\" content=\"2026-04-20T07:49:39+00:00\" \/>\n<meta name=\"twitter:card\" content=\"summary_large_image\" \/>\n<meta name=\"twitter:label1\" content=\"Tempo estimado de leitura\" \/>\n\t<meta name=\"twitter:data1\" content=\"14 minutos\" \/>\n<script type=\"application\/ld+json\" class=\"yoast-schema-graph\">{\"@context\":\"https:\/\/schema.org\",\"@graph\":[{\"@type\":\"WebPage\",\"@id\":\"https:\/\/www.vortal.biz\/pt-pt\/price-update-policy\/\",\"url\":\"https:\/\/www.vortal.biz\/pt-pt\/price-update-policy\/\",\"name\":\"Price Update Policy - VORTAL\",\"isPartOf\":{\"@id\":\"https:\/\/www.vortal.biz\/pt-pt\/#website\"},\"datePublished\":\"2023-11-15T11:28:54+00:00\",\"dateModified\":\"2026-04-20T07:49:39+00:00\",\"breadcrumb\":{\"@id\":\"https:\/\/www.vortal.biz\/pt-pt\/price-update-policy\/#breadcrumb\"},\"inLanguage\":\"pt-PT\",\"potentialAction\":[{\"@type\":\"ReadAction\",\"target\":[\"https:\/\/www.vortal.biz\/pt-pt\/price-update-policy\/\"]}]},{\"@type\":\"BreadcrumbList\",\"@id\":\"https:\/\/www.vortal.biz\/pt-pt\/price-update-policy\/#breadcrumb\",\"itemListElement\":[{\"@type\":\"ListItem\",\"position\":1,\"name\":\"Home\",\"item\":\"https:\/\/www.vortal.biz\/pt-pt\/\"},{\"@type\":\"ListItem\",\"position\":2,\"name\":\"Price Update Policy\"}]},{\"@type\":\"WebSite\",\"@id\":\"https:\/\/www.vortal.biz\/pt-pt\/#website\",\"url\":\"https:\/\/www.vortal.biz\/pt-pt\/\",\"name\":\"VORTAL\",\"description\":\"Connecting Business\",\"potentialAction\":[{\"@type\":\"SearchAction\",\"target\":{\"@type\":\"EntryPoint\",\"urlTemplate\":\"https:\/\/www.vortal.biz\/pt-pt\/?s={search_term_string}\"},\"query-input\":\"required name=search_term_string\"}],\"inLanguage\":\"pt-PT\"}]}<\/script>\n<!-- \/ Yoast SEO plugin. -->","yoast_head_json":{"title":"Price Update Policy - VORTAL","robots":{"index":"index","follow":"follow","max-snippet":"max-snippet:-1","max-image-preview":"max-image-preview:large","max-video-preview":"max-video-preview:-1"},"canonical":"https:\/\/www.vortal.biz\/pt-pt\/price-update-policy\/","og_locale":"pt_PT","og_type":"article","og_title":"Price Update Policy - VORTAL","og_url":"https:\/\/www.vortal.biz\/pt-pt\/price-update-policy\/","og_site_name":"VORTAL","article_modified_time":"2026-04-20T07:49:39+00:00","twitter_card":"summary_large_image","twitter_misc":{"Tempo estimado de leitura":"14 minutos"},"schema":{"@context":"https:\/\/schema.org","@graph":[{"@type":"WebPage","@id":"https:\/\/www.vortal.biz\/pt-pt\/price-update-policy\/","url":"https:\/\/www.vortal.biz\/pt-pt\/price-update-policy\/","name":"Price Update Policy - VORTAL","isPartOf":{"@id":"https:\/\/www.vortal.biz\/pt-pt\/#website"},"datePublished":"2023-11-15T11:28:54+00:00","dateModified":"2026-04-20T07:49:39+00:00","breadcrumb":{"@id":"https:\/\/www.vortal.biz\/pt-pt\/price-update-policy\/#breadcrumb"},"inLanguage":"pt-PT","potentialAction":[{"@type":"ReadAction","target":["https:\/\/www.vortal.biz\/pt-pt\/price-update-policy\/"]}]},{"@type":"BreadcrumbList","@id":"https:\/\/www.vortal.biz\/pt-pt\/price-update-policy\/#breadcrumb","itemListElement":[{"@type":"ListItem","position":1,"name":"Home","item":"https:\/\/www.vortal.biz\/pt-pt\/"},{"@type":"ListItem","position":2,"name":"Price Update Policy"}]},{"@type":"WebSite","@id":"https:\/\/www.vortal.biz\/pt-pt\/#website","url":"https:\/\/www.vortal.biz\/pt-pt\/","name":"VORTAL","description":"Connecting Business","potentialAction":[{"@type":"SearchAction","target":{"@type":"EntryPoint","urlTemplate":"https:\/\/www.vortal.biz\/pt-pt\/?s={search_term_string}"},"query-input":"required name=search_term_string"}],"inLanguage":"pt-PT"}]}},"_links":{"self":[{"href":"https:\/\/www.vortal.biz\/pt-pt\/wp-json\/wp\/v2\/pages\/9272"}],"collection":[{"href":"https:\/\/www.vortal.biz\/pt-pt\/wp-json\/wp\/v2\/pages"}],"about":[{"href":"https:\/\/www.vortal.biz\/pt-pt\/wp-json\/wp\/v2\/types\/page"}],"author":[{"embeddable":true,"href":"https:\/\/www.vortal.biz\/pt-pt\/wp-json\/wp\/v2\/users\/3"}],"replies":[{"embeddable":true,"href":"https:\/\/www.vortal.biz\/pt-pt\/wp-json\/wp\/v2\/comments?post=9272"}],"version-history":[{"count":7,"href":"https:\/\/www.vortal.biz\/pt-pt\/wp-json\/wp\/v2\/pages\/9272\/revisions"}],"predecessor-version":[{"id":12059,"href":"https:\/\/www.vortal.biz\/pt-pt\/wp-json\/wp\/v2\/pages\/9272\/revisions\/12059"}],"wp:attachment":[{"href":"https:\/\/www.vortal.biz\/pt-pt\/wp-json\/wp\/v2\/media?parent=9272"}],"curies":[{"name":"wp","href":"https:\/\/api.w.org\/{rel}","templated":true}]}}