{"id":8445,"date":"2023-03-22T15:46:27","date_gmt":"2023-03-22T15:46:27","guid":{"rendered":"https:\/\/www.vortal.biz\/?page_id=8445"},"modified":"2023-03-23T16:40:52","modified_gmt":"2023-03-23T16:40:52","slug":"top-policies","status":"publish","type":"page","link":"https:\/\/www.vortal.biz\/pt-pt\/top-policies\/","title":{"rendered":"Top Policy"},"content":{"rendered":"<div class=\"fusion-fullwidth fullwidth-box fusion-builder-row-1 fusion-flex-container nonhundred-percent-fullwidth non-hundred-percent-height-scrolling fusion-custom-z-index\" style=\"background-color: #ffffff;background-position: center center;background-repeat: no-repeat;border-width: 0px 0px 0px 0px;border-color:#e2e2e2;border-style:solid;\" ><div class=\"fusion-builder-row fusion-row fusion-flex-align-items-flex-start\" style=\"max-width:calc( 1640px + 32px );margin-left: calc(-32px \/ 2 );margin-right: calc(-32px \/ 2 );\"><div class=\"fusion-layout-column fusion_builder_column fusion-builder-column-0 fusion_builder_column_1_4 1_4 fusion-flex-column fusion-flex-align-self-stretch\"><div class=\"fusion-column-wrapper fusion-flex-justify-content-flex-start fusion-content-layout-column\" style=\"background-position:left top;background-repeat:no-repeat;-webkit-background-size:cover;-moz-background-size:cover;-o-background-size:cover;background-size:cover;padding: 0px 0px 0px 0px;\"><\/div><style type=\"text\/css\">.fusion-body .fusion-builder-column-0{width:25% !important;margin-top : 0px;margin-bottom : 0px;}.fusion-builder-column-0 > .fusion-column-wrapper {padding-top : 0px !important;padding-right : 0px !important;margin-right : 16px;padding-bottom : 0px !important;padding-left : 0px !important;margin-left : 16px;}@media only screen and (max-width:1024px) {.fusion-body .fusion-builder-column-0{width:25% !important;order : 0;}.fusion-builder-column-0 > .fusion-column-wrapper {margin-right : 16px;margin-left : 16px;}}@media only screen and (max-width:640px) {.fusion-body .fusion-builder-column-0{width:100% !important;order : 0;}.fusion-builder-column-0 > .fusion-column-wrapper {margin-right : 16px;margin-left : 16px;}}<\/style><\/div><div class=\"fusion-layout-column fusion_builder_column fusion-builder-column-1 fusion_builder_column_1_2 1_2 fusion-flex-column fusion-flex-align-self-stretch\"><div class=\"fusion-column-wrapper fusion-flex-justify-content-center fusion-content-layout-column\" style=\"background-position:left top;background-repeat:no-repeat;-webkit-background-size:cover;-moz-background-size:cover;-o-background-size:cover;background-size:cover;padding: 0px 0px 0px 0px;\"><style type=\"text\/css\">@media only screen and (max-width:1024px) {.fusion-title.fusion-title-1{margin-top:0px!important; margin-right:0px!important;margin-bottom:40px!important;margin-left:0px!important;}}@media only screen and (max-width:640px) {.fusion-title.fusion-title-1{margin-top:10px!important; margin-right:0px!important;margin-bottom:10px!important; margin-left:0px!important;}}<\/style><div class=\"fusion-title title fusion-title-1 fusion-sep-none fusion-title-center fusion-title-text fusion-title-size-three\" style=\"margin-top:0px;margin-right:0px;margin-bottom:40px;margin-left:0px;\"><h3 class=\"title-heading-center\" style=\"margin:0;\">Pol\u00edtica da Qualidade<\/h3><\/div><div class=\"fusion-text fusion-text-1\" style=\"line-height:2;\"><p>A pol\u00edtica de qualidade da VORTAL \u00e9 uma orienta\u00e7\u00e3o coletiva da empresa impulsionada pela sua gest\u00e3o e lideran\u00e7a, destinada a exceder as expectativas dos nossos clientes e a melhoria cont\u00ednua do sistema de qualidade, atrav\u00e9s da revis\u00e3o dos objetivos, do cumprimento dos requisitos (dos clientes, sistemas de gest\u00e3o e legais) e da adapta\u00e7\u00e3o \u00e0s necessidades e expectativas dos nossos clientes. Esta orienta\u00e7\u00e3o reflete-se nas nossas atitudes, procedimentos e controlo centrados em atividades diretamente relacionadas com a presta\u00e7\u00e3o de servi\u00e7os aos nossos clientes.<\/p>\n<p><strong>Os nossos valores<\/strong><\/p>\n<p>Os nossos valores s\u00e3o as linhas que definem as nossas a\u00e7\u00f5es e os nossos comportamentos no dia-a-dia. Preservar o passado e honrar o futuro. Estes s\u00e3o:<\/p>\n<p><strong>INTEGRIDADE<\/strong><\/p>\n<p>Agimos com base nos nossos princ\u00edpios: dizemos com franqueza o que pensamos e fazemos o que dizemos.<br \/>\nAbstemo-nos de qualquer ac\u00e7\u00e3o que nos possa envergonhar.<br \/>\nDecidimos com base no m\u00e9rito.<\/p>\n<p><strong>FOCAMO-NOS NO CLIENTE<\/strong><\/p>\n<p>Baseamos a nossa actividade na qualidade e na gera\u00e7\u00e3o de valor, claramente percebida pelo cliente.<br \/>\nAtuamos com agilidade e otimiza\u00e7\u00e3o de recursos.<br \/>\nTrabalhamos para manter continuamente a seguran\u00e7a da informa\u00e7\u00e3o do cliente em sistemas transacionais.<br \/>\nTrabalhamos onde for mais conveniente para os nossos clientes.<br \/>\nO que fazemos tem como finalidade a satisfa\u00e7\u00e3o cont\u00ednua dos nossos clientes.<\/p>\n<p><strong>ESP\u00cdRITO DE EQUIPA<\/strong><\/p>\n<p>Trabalhamos como uma equipa, promovendo a participa\u00e7\u00e3o e a ajuda m\u00fatua, aumentando o valor da entrega.<br \/>\nComprometidos com o sucesso, agimos com responsabilidade e disciplina.<\/p>\n<p><strong>CRIATIVIDADE E INOVA\u00c7\u00c3O<\/strong><\/p>\n<p>Promovemos a partilha do pensamento criativo para desenvolver novas solu\u00e7\u00f5es, encorajando a assumir riscos com senso comum e pragmatismo.<br \/>\nAssumimos uma atitude inovadora perante todos os desafios, avaliando e incorporando conscientemente os riscos.<\/p>\n<p><strong>TALENTO E SIMPLICIDADE<\/strong><\/p>\n<p>Acreditamos que a for\u00e7a motriz para concretizar a nossa ambi\u00e7\u00e3o \u00e9 ter os melhores talentos.<br \/>\nGerimos eficazmente os nossos talentos, capacitando-os para assumir\/aceitar desafios e procurar o conhecimento e a melhoria permanente.<br \/>\nDemonstramos o nosso talento atrav\u00e9s da simplicidade das nossas solu\u00e7\u00f5es.<\/p>\n<p><strong>RESPEITO PELA DIVERSIDADE<\/strong><\/p>\n<p>Quando estamos em contacto com diferentes realidades culturais, de acordo com o nosso padr\u00e3o de refer\u00eancia, respeitamo-las e adaptamo-nos a elas.<br \/>\nEnfrentamos naturalmente diferentes linhas de pensamento e levamo-las em considera\u00e7\u00e3o para a melhoria cont\u00ednua da nossa organiza\u00e7\u00e3o.<\/p>\n<p>Lisboa, agosto de 2022<\/p>\n<p>CEO<br \/>\n<strong>Jorge Macara<\/strong><\/p>\n<\/div><\/div><style type=\"text\/css\">.fusion-body .fusion-builder-column-1{width:50% !important;margin-top : 0px;margin-bottom : 0px;}.fusion-builder-column-1 > .fusion-column-wrapper {padding-top : 0px !important;padding-right : 0px !important;margin-right : 0px;padding-bottom : 0px !important;padding-left : 0px !important;margin-left : 0px;}@media only screen and (max-width:1024px) {.fusion-body .fusion-builder-column-1{width:50% !important;order : 0;}.fusion-builder-column-1 > .fusion-column-wrapper {margin-right : 0px;margin-left : 0px;}}@media only screen and (max-width:640px) {.fusion-body .fusion-builder-column-1{width:100% !important;order : 0;}.fusion-builder-column-1 > .fusion-column-wrapper {margin-right : 16px;margin-left : 16px;}}<\/style><\/div><div class=\"fusion-layout-column fusion_builder_column fusion-builder-column-2 fusion_builder_column_1_4 1_4 fusion-flex-column\"><div class=\"fusion-column-wrapper fusion-flex-justify-content-flex-start fusion-content-layout-column\" style=\"background-position:left top;background-repeat:no-repeat;-webkit-background-size:cover;-moz-background-size:cover;-o-background-size:cover;background-size:cover;padding: 0px 0px 0px 0px;\"><\/div><style type=\"text\/css\">.fusion-body .fusion-builder-column-2{width:25% !important;margin-top : 0px;margin-bottom : 0px;}.fusion-builder-column-2 > .fusion-column-wrapper {padding-top : 0px !important;padding-right : 0px !important;margin-right : 16px;padding-bottom : 0px !important;padding-left : 0px !important;margin-left : 16px;}@media only screen and (max-width:1024px) {.fusion-body .fusion-builder-column-2{width:25% !important;order : 0;}.fusion-builder-column-2 > .fusion-column-wrapper {margin-right : 16px;margin-left : 16px;}}@media only screen and (max-width:640px) {.fusion-body .fusion-builder-column-2{width:100% !important;order : 0;}.fusion-builder-column-2 > .fusion-column-wrapper {margin-right : 16px;margin-left : 16px;}}<\/style><\/div><\/div><style type=\"text\/css\">.fusion-fullwidth.fusion-builder-row-1 { z-index:1 !important; }.fusion-body .fusion-flex-container.fusion-builder-row-1{ padding-top : 104px;margin-top : 0px;padding-right : 16px;padding-bottom : 104px;margin-bottom : 0px;padding-left : 16px;}<\/style><\/div>\n","protected":false},"excerpt":{"rendered":"","protected":false},"author":3,"featured_media":0,"parent":0,"menu_order":0,"comment_status":"closed","ping_status":"closed","template":"100-width.php","meta":{"footnotes":""},"yoast_head":"<!-- This site is optimized with the Yoast SEO plugin v22.3 - https:\/\/yoast.com\/wordpress\/plugins\/seo\/ -->\n<title>Top Policy - VORTAL<\/title>\n<meta name=\"robots\" content=\"index, follow, max-snippet:-1, max-image-preview:large, max-video-preview:-1\" \/>\n<link rel=\"canonical\" href=\"https:\/\/www.vortal.biz\/top-policies\/\" \/>\n<meta property=\"og:locale\" content=\"pt_PT\" \/>\n<meta property=\"og:type\" content=\"article\" \/>\n<meta property=\"og:title\" content=\"Top Policy - VORTAL\" \/>\n<meta property=\"og:url\" content=\"https:\/\/www.vortal.biz\/top-policies\/\" \/>\n<meta property=\"og:site_name\" content=\"VORTAL\" \/>\n<meta property=\"article:modified_time\" content=\"2023-03-23T16:40:52+00:00\" \/>\n<meta name=\"twitter:card\" content=\"summary_large_image\" \/>\n<meta name=\"twitter:label1\" content=\"Tempo estimado de leitura\" \/>\n\t<meta name=\"twitter:data1\" content=\"4 minutos\" \/>\n<script type=\"application\/ld+json\" class=\"yoast-schema-graph\">{\"@context\":\"https:\/\/schema.org\",\"@graph\":[{\"@type\":\"WebPage\",\"@id\":\"https:\/\/www.vortal.biz\/top-policies\/\",\"url\":\"https:\/\/www.vortal.biz\/top-policies\/\",\"name\":\"Top Policy - VORTAL\",\"isPartOf\":{\"@id\":\"https:\/\/www.vortal.biz\/pt-pt\/#website\"},\"datePublished\":\"2023-03-22T15:46:27+00:00\",\"dateModified\":\"2023-03-23T16:40:52+00:00\",\"breadcrumb\":{\"@id\":\"https:\/\/www.vortal.biz\/top-policies\/#breadcrumb\"},\"inLanguage\":\"pt-PT\",\"potentialAction\":[{\"@type\":\"ReadAction\",\"target\":[\"https:\/\/www.vortal.biz\/top-policies\/\"]}]},{\"@type\":\"BreadcrumbList\",\"@id\":\"https:\/\/www.vortal.biz\/top-policies\/#breadcrumb\",\"itemListElement\":[{\"@type\":\"ListItem\",\"position\":1,\"name\":\"Home\",\"item\":\"https:\/\/www.vortal.biz\/pt-pt\/\"},{\"@type\":\"ListItem\",\"position\":2,\"name\":\"Top Policy\"}]},{\"@type\":\"WebSite\",\"@id\":\"https:\/\/www.vortal.biz\/pt-pt\/#website\",\"url\":\"https:\/\/www.vortal.biz\/pt-pt\/\",\"name\":\"VORTAL\",\"description\":\"Connecting Business\",\"potentialAction\":[{\"@type\":\"SearchAction\",\"target\":{\"@type\":\"EntryPoint\",\"urlTemplate\":\"https:\/\/www.vortal.biz\/pt-pt\/?s={search_term_string}\"},\"query-input\":\"required name=search_term_string\"}],\"inLanguage\":\"pt-PT\"}]}<\/script>\n<!-- \/ Yoast SEO plugin. -->","yoast_head_json":{"title":"Top Policy - VORTAL","robots":{"index":"index","follow":"follow","max-snippet":"max-snippet:-1","max-image-preview":"max-image-preview:large","max-video-preview":"max-video-preview:-1"},"canonical":"https:\/\/www.vortal.biz\/top-policies\/","og_locale":"pt_PT","og_type":"article","og_title":"Top Policy - VORTAL","og_url":"https:\/\/www.vortal.biz\/top-policies\/","og_site_name":"VORTAL","article_modified_time":"2023-03-23T16:40:52+00:00","twitter_card":"summary_large_image","twitter_misc":{"Tempo estimado de leitura":"4 minutos"},"schema":{"@context":"https:\/\/schema.org","@graph":[{"@type":"WebPage","@id":"https:\/\/www.vortal.biz\/top-policies\/","url":"https:\/\/www.vortal.biz\/top-policies\/","name":"Top Policy - VORTAL","isPartOf":{"@id":"https:\/\/www.vortal.biz\/pt-pt\/#website"},"datePublished":"2023-03-22T15:46:27+00:00","dateModified":"2023-03-23T16:40:52+00:00","breadcrumb":{"@id":"https:\/\/www.vortal.biz\/top-policies\/#breadcrumb"},"inLanguage":"pt-PT","potentialAction":[{"@type":"ReadAction","target":["https:\/\/www.vortal.biz\/top-policies\/"]}]},{"@type":"BreadcrumbList","@id":"https:\/\/www.vortal.biz\/top-policies\/#breadcrumb","itemListElement":[{"@type":"ListItem","position":1,"name":"Home","item":"https:\/\/www.vortal.biz\/pt-pt\/"},{"@type":"ListItem","position":2,"name":"Top Policy"}]},{"@type":"WebSite","@id":"https:\/\/www.vortal.biz\/pt-pt\/#website","url":"https:\/\/www.vortal.biz\/pt-pt\/","name":"VORTAL","description":"Connecting Business","potentialAction":[{"@type":"SearchAction","target":{"@type":"EntryPoint","urlTemplate":"https:\/\/www.vortal.biz\/pt-pt\/?s={search_term_string}"},"query-input":"required name=search_term_string"}],"inLanguage":"pt-PT"}]}},"_links":{"self":[{"href":"https:\/\/www.vortal.biz\/pt-pt\/wp-json\/wp\/v2\/pages\/8445"}],"collection":[{"href":"https:\/\/www.vortal.biz\/pt-pt\/wp-json\/wp\/v2\/pages"}],"about":[{"href":"https:\/\/www.vortal.biz\/pt-pt\/wp-json\/wp\/v2\/types\/page"}],"author":[{"embeddable":true,"href":"https:\/\/www.vortal.biz\/pt-pt\/wp-json\/wp\/v2\/users\/3"}],"replies":[{"embeddable":true,"href":"https:\/\/www.vortal.biz\/pt-pt\/wp-json\/wp\/v2\/comments?post=8445"}],"version-history":[{"count":0,"href":"https:\/\/www.vortal.biz\/pt-pt\/wp-json\/wp\/v2\/pages\/8445\/revisions"}],"wp:attachment":[{"href":"https:\/\/www.vortal.biz\/pt-pt\/wp-json\/wp\/v2\/media?parent=8445"}],"curies":[{"name":"wp","href":"https:\/\/api.w.org\/{rel}","templated":true}]}}