{"id":6095,"date":"2021-03-19T12:28:01","date_gmt":"2021-03-19T12:28:01","guid":{"rendered":"https:\/\/www.vortal.biz\/?page_id=6095"},"modified":"2023-09-28T09:39:26","modified_gmt":"2023-09-28T09:39:26","slug":"innovation","status":"publish","type":"page","link":"https:\/\/www.vortal.biz\/pt-pt\/innovation\/","title":{"rendered":"Inova\u00e7\u00e3o"},"content":{"rendered":"<div class=\"fusion-fullwidth fullwidth-box fusion-builder-row-1 fusion-flex-container nonhundred-percent-fullwidth non-hundred-percent-height-scrolling fusion-custom-z-index\" style=\"background-color: #ffffff;background-position: center center;background-repeat: no-repeat;border-width: 0px 0px 0px 0px;border-color:#e2e2e2;border-style:solid;\" ><div class=\"fusion-builder-row fusion-row fusion-flex-align-items-flex-start\" style=\"max-width:calc( 1640px + 32px );margin-left: calc(-32px \/ 2 );margin-right: calc(-32px \/ 2 );\"><div class=\"fusion-layout-column fusion_builder_column fusion-builder-column-0 fusion_builder_column_1_4 1_4 fusion-flex-column fusion-flex-align-self-stretch\"><div class=\"fusion-column-wrapper fusion-flex-justify-content-flex-start fusion-content-layout-column\" style=\"background-position:left top;background-repeat:no-repeat;-webkit-background-size:cover;-moz-background-size:cover;-o-background-size:cover;background-size:cover;padding: 0px 0px 0px 0px;\"><\/div><style type=\"text\/css\">.fusion-body .fusion-builder-column-0{width:25% !important;margin-top : 0px;margin-bottom : 0px;}.fusion-builder-column-0 > .fusion-column-wrapper {padding-top : 0px !important;padding-right : 0px !important;margin-right : 16px;padding-bottom : 0px !important;padding-left : 0px !important;margin-left : 16px;}@media only screen and (max-width:1024px) {.fusion-body .fusion-builder-column-0{width:25% !important;order : 0;}.fusion-builder-column-0 > .fusion-column-wrapper {margin-right : 16px;margin-left : 16px;}}@media only screen and (max-width:640px) {.fusion-body .fusion-builder-column-0{width:100% !important;order : 0;}.fusion-builder-column-0 > .fusion-column-wrapper {margin-right : 16px;margin-left : 16px;}}<\/style><\/div><div class=\"fusion-layout-column fusion_builder_column fusion-builder-column-1 fusion_builder_column_1_2 1_2 fusion-flex-column fusion-flex-align-self-stretch\"><div class=\"fusion-column-wrapper fusion-flex-justify-content-center fusion-content-layout-column\" style=\"background-position:left top;background-repeat:no-repeat;-webkit-background-size:cover;-moz-background-size:cover;-o-background-size:cover;background-size:cover;padding: 0px 0px 0px 0px;\"><style type=\"text\/css\">@media only screen and (max-width:1024px) {.fusion-title.fusion-title-1{margin-top:0px!important; margin-right:0px!important;margin-bottom:40px!important;margin-left:0px!important;}}@media only screen and (max-width:640px) {.fusion-title.fusion-title-1{margin-top:10px!important; margin-right:0px!important;margin-bottom:10px!important; margin-left:0px!important;}}<\/style><div class=\"fusion-title title fusion-title-1 fusion-sep-none fusion-title-center fusion-title-text fusion-title-size-three\" style=\"margin-top:0px;margin-right:0px;margin-bottom:40px;margin-left:0px;\"><h3 class=\"title-heading-center\" style=\"margin:0;\">Inova\u00e7\u00e3o<\/h3><\/div><div class=\"fusion-text fusion-text-1\" style=\"line-height:2;\"><p>Desde a sua funda\u00e7\u00e3o, a VORTAL promove uma pol\u00edtica de investimento permanente em Investiga\u00e7\u00e3o &amp; Desenvolvimento (I&amp;D), com o intuito de atingir n\u00edveis excecionais de desempenho e de competitividade.<\/p>\n<p>Com o intuito de cumprir estes pressupostos, a VORTAL estabeleceu v\u00e1rias parcerias com Universidades e outras empresas, as quais nos garantem o acompanhamento permanente das \u00faltimas tend\u00eancias tecnol\u00f3gicas, agilizando a sua ado\u00e7\u00e3o e implementa\u00e7\u00e3o.<\/p>\n<p>Investimos continuamente na forma\u00e7\u00e3o dos nossos colaboradores para permitir o desenvolvimento de solu\u00e7\u00f5es inovadoras capazes de aumentar a competitividade, levando valor aos nossos clientes e consequentemente \u00e0 nossa economia.<\/p>\n<p>O desenvolvimento da nossa plataforma assenta nesta pol\u00edtica de crescer pela inova\u00e7\u00e3o cont\u00ednua, alavancada pelas exig\u00eancias dos nossos clientes. Esta orienta\u00e7\u00e3o valeu um importante reconhecimento da principal associa\u00e7\u00e3o para a inova\u00e7\u00e3o, COTEC, que atribuiu em 2015 o Pr\u00e9mio Produto Inova\u00e7\u00e3o \u00e0 plataforma VORTAL.<\/p>\n<p>Os principais objetivos da VORTAL, assentes na sua pol\u00edtica de I&amp;D s\u00e3o:<\/p>\n<p>Promo\u00e7\u00e3o da criatividade;<br \/>\nRece\u00e7\u00e3o e tratamento de novas ideias e sugest\u00f5es dos nossos clientes e parceiros;<br \/>\nPromo\u00e7\u00e3o de uma rede de conhecimento;<br \/>\nIdentifica\u00e7\u00e3o de novos conceitos mediante o desenvolvimento de prot\u00f3tipos.<\/p>\n<p>S\u00e3o exemplo deste dinamisno no I&amp;D, a participa\u00e7\u00e3o em projetos como o PLAGE, H-Know, vortalWAY e VORTAL Social Apps, onde a VORTAL \u00e9 o promotor l\u00edder.<br \/>\nO car\u00e1ter inovador das nossas atividades inspirou v\u00e1rias Business Schools, nomeadamente a AESE \u2013 Escola de Dire\u00e7\u00e3o e Neg\u00f3cios, a fazerem da VORTAL um dos seus CASE STUDY. A VORTAL \u00e9 tamb\u00e9m um dos casos de estudo no b-MERCATOR.<\/p>\n<p>&#8211;<\/p>\n<\/div><div style=\"text-align:left;\"><span class=\" fusion-imageframe imageframe-none imageframe-1 hover-type-none\" style=\"width:100%;max-width:521px;margin-top:0px;margin-right:0px;margin-bottom:40px;margin-left:0px;\"><img decoding=\"async\" width=\"521\" height=\"80\" alt=\"VORTAL Compete 2020\" title=\"VORTAL Compete 2020\" src=\"https:\/\/www.vortal.biz\/wp-content\/uploads\/2021\/03\/vortal_inovation_compete.png\" class=\"img-responsive wp-image-6113\"\/><\/span><\/div><div class=\"fusion-text fusion-text-2\" style=\"line-height:2;\"><p>Designa\u00e7\u00e3o do projeto: VortalInterData: Sistema de cataloga\u00e7\u00e3o, categoriza\u00e7\u00e3o e procura autom\u00e1tica e inteligente de entidades fornecedoras utilizadoras de plataformas B2B<\/p>\n<p><strong>C\u00f3digo do projeto:<\/strong> POCI-01-0247-FEDER-038361<\/p>\n<p><strong>Objetivo principal:<\/strong> Refor\u00e7ar a investiga\u00e7\u00e3o, o desenvolvimento tecnol\u00f3gico e a inova\u00e7\u00e3o<\/p>\n<p><strong>Regi\u00e3o de interven\u00e7\u00e3o:<\/strong> Norte<\/p>\n<p><strong>Entidade Benefici\u00e1ria:<\/strong> VORTAL \u2013 COM\u00c9RCIO ELECTR\u00d3NICO, CONSULTADORIA E MULTIM\u00c9DIA, S.A.<\/p>\n<p><strong>Data de aprova\u00e7\u00e3o:<\/strong> 21-08-2018<\/p>\n<p><strong>Data de in\u00edcio:<\/strong> 01-07-2018<\/p>\n<p><strong>Data de conclus\u00e3o:<\/strong> 31-07-2020<\/p>\n<p><strong>Custo total eleg\u00edvel:<\/strong> 986.914,21 \u20ac (Novecentos e oitenta e seis mil, novecentos e catorze euros e vinte e um c\u00eantimos).<\/p>\n<p><strong>Apoio Financeiro da Uni\u00e3o Europeia:<\/strong><\/p>\n<p>FEDER &#8211;\u00a0706.485,45 \u20ac (Setecententos e seis mil, quatrocentos e oitenta e cinco euros e quarenta e cinco c\u00eantimos).<\/p>\n<p><strong>Objetivos, atividades e resultados esperados\/atingidos:<\/strong><\/p>\n<p>Este projeto prop\u00f5e-se ao desenvolvimento de uma plataforma de cataloga\u00e7\u00e3o e categoriza\u00e7\u00e3o inteligente de entidades, que agilize o processo de aquisi\u00e7\u00e3o de bens e servi\u00e7os, com interfaces intuitivas adequadas ao utilizador e ao hist\u00f3rico de respostas de todo o universo de utilizadores. Os promotores prop\u00f5em-se usar tecnologias de processamento de l\u00edngua natural, seguran\u00e7a nas transa\u00e7\u00f5es, integridade e confiabilidade dos dados com uso da tecnologia Blockchain como os principais aspetos inovadores;<br \/>\n% de sucesso em termos dos resultados t\u00e9cnico-cient\u00edficos previstos no projeto: Alta (80% a 100%).<\/p>\n<\/div><div class=\"fusion-text fusion-text-3\" style=\"line-height:2;\"><p>&#8211;<\/p>\n<p><strong>Designa\u00e7\u00e3o do projeto:<\/strong> Fatores Din\u00e2micos de Competitividade &#8211; Qualifica\u00e7\u00e3o da VORTAL<\/p>\n<p><strong>C\u00f3digo do projeto:<\/strong> POCI-02-0853-FEDER-018583<\/p>\n<p><strong>Objetivo principal:<\/strong> Melhorar a produtividade e rentabilidade da empresa e reduzir erros, atrav\u00e9s da integra\u00e7\u00e3o da plataforma SinfoxCRM com a plataforma pr\u00f3pria VortalNext (novo produto) e com o novo ERP Navision.<\/p>\n<p><strong>Regi\u00e3o de interven\u00e7\u00e3o:<\/strong> Norte<\/p>\n<p><strong>Entidade Benefici\u00e1ria:<\/strong> VORTAL \u2013 COM\u00c9RCIO ELECTR\u00d3NICO, CONSULTADORIA E MULTIM\u00c9DIA, S.A.<\/p>\n<p><strong>Data de aprova\u00e7\u00e3o:<\/strong> 08-02-2017<\/p>\n<p><strong>Data de in\u00edcio:<\/strong> 01-04-2016<\/p>\n<p><strong>Data de conclus\u00e3o:<\/strong> 31-03-2018<\/p>\n<p><strong>Custo total eleg\u00edvel:<\/strong> 188.167,50\u20ac (Cento e oitenta e oito mil, cento e sessenta e sete euros e cinquenta c\u00eantimos).<\/p>\n<p><strong>FEDER:<\/strong> 188.167,50 \u20ac (Cento e oitenta e oito mil, cento e sessenta e sete euros e cinquenta c\u00eantimos).<\/p>\n<p><strong>Objetivos, atividades e resultados esperados\/atingidos:<\/strong><\/p>\n<p>Volume de Neg\u00f3cios \u2013 alcan\u00e7ar um volume de neg\u00f3cios de 17,7 milh\u00f5es de euros no final de 2019;<br \/>\nEBITDA\/Volume de Neg\u00f3cios \u2013 obter um r\u00e1cio de 32% em 2019;<br \/>\nVolume de Neg\u00f3cios Internacional \u2013 represente 35,5% do volume de neg\u00f3cios total da empresa no final de 2019;<br \/>\nDiversifica\u00e7\u00e3o de Mercados Internacionais \u2013 obter vendas internacionais at\u00e9 2019, em pelo menos 4 novos mercados internacionais alvo;<br \/>\nAumentar a penetra\u00e7\u00e3o das suas solu\u00e7\u00f5es corporate no mercado nacional \u2013 para que represente, no final de 2019, cerca de 25% do volume de neg\u00f3cios nacionais;<br \/>\nInova\u00e7\u00e3o \u2013 lan\u00e7ar um novo produto no mercado at\u00e9 meados de 2018. Continuar a inovar nas suas solu\u00e7\u00f5es. Proceder a uma melhoria cont\u00ednua dos seus produtos, utilizar novas metodologias e modelos que possam surtir um impacto positivo no mercado e continuar a apresentar solu\u00e7\u00f5es que acompanhem o estado da arte ou at\u00e9 (na linha deste projeto) que o imponham;<br \/>\nNotoriedade Institucional \u2013 VORTAL conseguir ser convidada como oradora para 10 eventos internacionais, como reconhecimento da sua compet\u00eancia e elevado know-how em contrata\u00e7\u00e3o eletr\u00f3nica, eSourcing e eCommerce.<\/p>\n<p>&#8211;<\/p>\n<p><strong>Designa\u00e7\u00e3o do projeto:<\/strong> Internacionaliza\u00e7\u00e3o da Vortal<\/p>\n<p><strong>C\u00f3digo do projeto:<\/strong> POCI-02-0752-FEDER-018329<\/p>\n<p><strong>Objetivo principal:<\/strong> Internacionaliza\u00e7\u00e3o das solu\u00e7\u00f5es de plataformas eletr\u00f3nicas de contrata\u00e7\u00e3o e transacionais na Internet da empresa VORTAL<\/p>\n<p><strong>Regi\u00e3o de interven\u00e7\u00e3o:<\/strong> Norte<\/p>\n<p><strong>Entidade Benefici\u00e1ria:<\/strong> VORTAL \u2013 COM\u00c9RCIO ELECTR\u00d3NICO, CONSULTADORIA E MULTIM\u00c9DIA, S.A.<\/p>\n<p><strong>Data de aprova\u00e7\u00e3o:<\/strong> 22-02-2017<\/p>\n<p><strong>Data de in\u00edcio:<\/strong> 01-04-2016<\/p>\n<p><strong>Data de conclus\u00e3o:<\/strong> 31-03-2019<\/p>\n<p><strong>Custo total eleg\u00edvel:<\/strong> 636.797,50 \u20ac (Seiscentos e trinta e seis mil, setencentos e noventa e sete euros e cinquenta c\u00eantimos).<\/p>\n<p><strong>FEDER:<\/strong> 286.558,88 \u20ac (Duzentos e oitenta e seis mil, quinhentos e cinquenta e oito euros e oitenta e oito c\u00eantimos).<\/p>\n<p><strong>Objetivos, atividades e resultados esperados\/atingidos:<\/strong><\/p>\n<p>Volume de Neg\u00f3cios \u2013 12,9 milh\u00f5es de euros no final de 2019;<br \/>\nVolume de Neg\u00f3cios Internacional \u2013 17% do volume de neg\u00f3cios total da empresa no final de 2019;<br \/>\nDiversifica\u00e7\u00e3o de Mercados Internacionais \u2013 B\u00f3snia, B\u00e9lgica, Holanda e Mo\u00e7ambique<br \/>\nNotoriedade Institucional:<\/p>\n<\/div><div class=\"fusion-image-carousel fusion-image-carousel-auto fusion-carousel-border\"><div class=\"fusion-carousel\" data-autoplay=\"yes\" data-columns=\"1\" data-itemmargin=\"16\" data-itemwidth=\"180\" data-touchscroll=\"no\" data-imagesize=\"auto\"><div class=\"fusion-carousel-positioner\"><ul class=\"fusion-carousel-holder\"><li class=\"fusion-carousel-item\"><div class=\"fusion-carousel-item-wrapper\"><div class=\"fusion-image-wrapper hover-type-none\"><img decoding=\"async\" width=\"3120\" height=\"4160\" src=\"https:\/\/www.vortal.biz\/wp-content\/uploads\/2021\/03\/vortal_inovation_01.jpg\" class=\"attachment-full size-full\" alt=\"VORTAL Innovation\" \/><\/div><\/div><\/li><li class=\"fusion-carousel-item\"><div class=\"fusion-carousel-item-wrapper\"><div class=\"fusion-image-wrapper hover-type-none\"><img decoding=\"async\" width=\"4032\" height=\"3024\" src=\"https:\/\/www.vortal.biz\/wp-content\/uploads\/2021\/03\/vortal_inovation_02.jpg\" class=\"attachment-full size-full\" alt=\"VORTAL Innovation\" \/><\/div><\/div><\/li><li class=\"fusion-carousel-item\"><div class=\"fusion-carousel-item-wrapper\"><div class=\"fusion-image-wrapper hover-type-none\"><img decoding=\"async\" width=\"3120\" height=\"4160\" src=\"https:\/\/www.vortal.biz\/wp-content\/uploads\/2021\/03\/vortal_inovation_03.jpg\" class=\"attachment-full size-full\" alt=\"VORTAL Innovation\" \/><\/div><\/div><\/li><\/ul><div class=\"fusion-carousel-nav\"><span class=\"fusion-nav-prev\"><\/span><span class=\"fusion-nav-next\"><\/span><\/div><\/div><\/div><\/div><\/div><style type=\"text\/css\">.fusion-body .fusion-builder-column-1{width:50% !important;margin-top : 0px;margin-bottom : 0px;}.fusion-builder-column-1 > .fusion-column-wrapper {padding-top : 0px !important;padding-right : 0px !important;margin-right : 0px;padding-bottom : 0px !important;padding-left : 0px !important;margin-left : 0px;}@media only screen and (max-width:1024px) {.fusion-body .fusion-builder-column-1{width:50% !important;order : 0;}.fusion-builder-column-1 > .fusion-column-wrapper {margin-right : 0px;margin-left : 0px;}}@media only screen and (max-width:640px) {.fusion-body .fusion-builder-column-1{width:100% !important;order : 0;}.fusion-builder-column-1 > .fusion-column-wrapper {margin-right : 16px;margin-left : 16px;}}<\/style><\/div><div class=\"fusion-layout-column fusion_builder_column fusion-builder-column-2 fusion_builder_column_1_4 1_4 fusion-flex-column\"><div class=\"fusion-column-wrapper fusion-flex-justify-content-flex-start fusion-content-layout-column\" style=\"background-position:left top;background-repeat:no-repeat;-webkit-background-size:cover;-moz-background-size:cover;-o-background-size:cover;background-size:cover;padding: 0px 0px 0px 0px;\"><\/div><style type=\"text\/css\">.fusion-body .fusion-builder-column-2{width:25% !important;margin-top : 0px;margin-bottom : 0px;}.fusion-builder-column-2 > .fusion-column-wrapper {padding-top : 0px !important;padding-right : 0px !important;margin-right : 16px;padding-bottom : 0px !important;padding-left : 0px !important;margin-left : 16px;}@media only screen and (max-width:1024px) {.fusion-body .fusion-builder-column-2{width:25% !important;order : 0;}.fusion-builder-column-2 > .fusion-column-wrapper {margin-right : 16px;margin-left : 16px;}}@media only screen and (max-width:640px) {.fusion-body .fusion-builder-column-2{width:100% !important;order : 0;}.fusion-builder-column-2 > .fusion-column-wrapper {margin-right : 16px;margin-left : 16px;}}<\/style><\/div><\/div><style type=\"text\/css\">.fusion-fullwidth.fusion-builder-row-1 { z-index:1 !important; }.fusion-body .fusion-flex-container.fusion-builder-row-1{ padding-top : 104px;margin-top : 0px;padding-right : 16px;padding-bottom : 104px;margin-bottom : 0px;padding-left : 16px;}<\/style><\/div>\n","protected":false},"excerpt":{"rendered":"","protected":false},"author":5639,"featured_media":0,"parent":0,"menu_order":0,"comment_status":"closed","ping_status":"closed","template":"100-width.php","meta":{"footnotes":""},"yoast_head":"<!-- This site is optimized with the Yoast SEO plugin v22.3 - https:\/\/yoast.com\/wordpress\/plugins\/seo\/ -->\n<title>Inova\u00e7\u00e3o - VORTAL<\/title>\n<meta name=\"robots\" content=\"index, follow, max-snippet:-1, max-image-preview:large, max-video-preview:-1\" \/>\n<link rel=\"canonical\" href=\"https:\/\/www.vortal.biz\/pt-pt\/innovation\/\" \/>\n<meta property=\"og:locale\" content=\"pt_PT\" \/>\n<meta property=\"og:type\" content=\"article\" \/>\n<meta property=\"og:title\" content=\"Inova\u00e7\u00e3o - VORTAL\" \/>\n<meta property=\"og:url\" content=\"https:\/\/www.vortal.biz\/pt-pt\/innovation\/\" \/>\n<meta property=\"og:site_name\" content=\"VORTAL\" \/>\n<meta property=\"article:modified_time\" content=\"2023-09-28T09:39:26+00:00\" \/>\n<meta name=\"twitter:card\" content=\"summary_large_image\" \/>\n<meta name=\"twitter:label1\" content=\"Tempo estimado de leitura\" \/>\n\t<meta name=\"twitter:data1\" content=\"7 minutos\" \/>\n<script type=\"application\/ld+json\" class=\"yoast-schema-graph\">{\"@context\":\"https:\/\/schema.org\",\"@graph\":[{\"@type\":\"WebPage\",\"@id\":\"https:\/\/www.vortal.biz\/pt-pt\/innovation\/\",\"url\":\"https:\/\/www.vortal.biz\/pt-pt\/innovation\/\",\"name\":\"Inova\u00e7\u00e3o - VORTAL\",\"isPartOf\":{\"@id\":\"https:\/\/www.vortal.biz\/pt-pt\/#website\"},\"datePublished\":\"2021-03-19T12:28:01+00:00\",\"dateModified\":\"2023-09-28T09:39:26+00:00\",\"breadcrumb\":{\"@id\":\"https:\/\/www.vortal.biz\/pt-pt\/innovation\/#breadcrumb\"},\"inLanguage\":\"pt-PT\",\"potentialAction\":[{\"@type\":\"ReadAction\",\"target\":[\"https:\/\/www.vortal.biz\/pt-pt\/innovation\/\"]}]},{\"@type\":\"BreadcrumbList\",\"@id\":\"https:\/\/www.vortal.biz\/pt-pt\/innovation\/#breadcrumb\",\"itemListElement\":[{\"@type\":\"ListItem\",\"position\":1,\"name\":\"Home\",\"item\":\"https:\/\/www.vortal.biz\/pt-pt\/\"},{\"@type\":\"ListItem\",\"position\":2,\"name\":\"Inova\u00e7\u00e3o\"}]},{\"@type\":\"WebSite\",\"@id\":\"https:\/\/www.vortal.biz\/pt-pt\/#website\",\"url\":\"https:\/\/www.vortal.biz\/pt-pt\/\",\"name\":\"VORTAL\",\"description\":\"Connecting Business\",\"potentialAction\":[{\"@type\":\"SearchAction\",\"target\":{\"@type\":\"EntryPoint\",\"urlTemplate\":\"https:\/\/www.vortal.biz\/pt-pt\/?s={search_term_string}\"},\"query-input\":\"required name=search_term_string\"}],\"inLanguage\":\"pt-PT\"}]}<\/script>\n<!-- \/ Yoast SEO plugin. -->","yoast_head_json":{"title":"Inova\u00e7\u00e3o - VORTAL","robots":{"index":"index","follow":"follow","max-snippet":"max-snippet:-1","max-image-preview":"max-image-preview:large","max-video-preview":"max-video-preview:-1"},"canonical":"https:\/\/www.vortal.biz\/pt-pt\/innovation\/","og_locale":"pt_PT","og_type":"article","og_title":"Inova\u00e7\u00e3o - VORTAL","og_url":"https:\/\/www.vortal.biz\/pt-pt\/innovation\/","og_site_name":"VORTAL","article_modified_time":"2023-09-28T09:39:26+00:00","twitter_card":"summary_large_image","twitter_misc":{"Tempo estimado de leitura":"7 minutos"},"schema":{"@context":"https:\/\/schema.org","@graph":[{"@type":"WebPage","@id":"https:\/\/www.vortal.biz\/pt-pt\/innovation\/","url":"https:\/\/www.vortal.biz\/pt-pt\/innovation\/","name":"Inova\u00e7\u00e3o - VORTAL","isPartOf":{"@id":"https:\/\/www.vortal.biz\/pt-pt\/#website"},"datePublished":"2021-03-19T12:28:01+00:00","dateModified":"2023-09-28T09:39:26+00:00","breadcrumb":{"@id":"https:\/\/www.vortal.biz\/pt-pt\/innovation\/#breadcrumb"},"inLanguage":"pt-PT","potentialAction":[{"@type":"ReadAction","target":["https:\/\/www.vortal.biz\/pt-pt\/innovation\/"]}]},{"@type":"BreadcrumbList","@id":"https:\/\/www.vortal.biz\/pt-pt\/innovation\/#breadcrumb","itemListElement":[{"@type":"ListItem","position":1,"name":"Home","item":"https:\/\/www.vortal.biz\/pt-pt\/"},{"@type":"ListItem","position":2,"name":"Inova\u00e7\u00e3o"}]},{"@type":"WebSite","@id":"https:\/\/www.vortal.biz\/pt-pt\/#website","url":"https:\/\/www.vortal.biz\/pt-pt\/","name":"VORTAL","description":"Connecting Business","potentialAction":[{"@type":"SearchAction","target":{"@type":"EntryPoint","urlTemplate":"https:\/\/www.vortal.biz\/pt-pt\/?s={search_term_string}"},"query-input":"required name=search_term_string"}],"inLanguage":"pt-PT"}]}},"_links":{"self":[{"href":"https:\/\/www.vortal.biz\/pt-pt\/wp-json\/wp\/v2\/pages\/6095"}],"collection":[{"href":"https:\/\/www.vortal.biz\/pt-pt\/wp-json\/wp\/v2\/pages"}],"about":[{"href":"https:\/\/www.vortal.biz\/pt-pt\/wp-json\/wp\/v2\/types\/page"}],"author":[{"embeddable":true,"href":"https:\/\/www.vortal.biz\/pt-pt\/wp-json\/wp\/v2\/users\/5639"}],"replies":[{"embeddable":true,"href":"https:\/\/www.vortal.biz\/pt-pt\/wp-json\/wp\/v2\/comments?post=6095"}],"version-history":[{"count":0,"href":"https:\/\/www.vortal.biz\/pt-pt\/wp-json\/wp\/v2\/pages\/6095\/revisions"}],"wp:attachment":[{"href":"https:\/\/www.vortal.biz\/pt-pt\/wp-json\/wp\/v2\/media?parent=6095"}],"curies":[{"name":"wp","href":"https:\/\/api.w.org\/{rel}","templated":true}]}}