{"id":5688,"date":"2021-02-16T15:53:09","date_gmt":"2021-02-16T15:53:09","guid":{"rendered":"https:\/\/www.vortal.biz\/?page_id=5688"},"modified":"2021-02-16T15:53:09","modified_gmt":"2021-02-16T15:53:09","slug":"compromisso-vortal","status":"publish","type":"page","link":"https:\/\/www.vortal.biz\/pt-pt\/compromisso-vortal\/","title":{"rendered":"Compromisso Vortal"},"content":{"rendered":"<div class=\"fusion-fullwidth fullwidth-box fusion-builder-row-1 fusion-flex-container nonhundred-percent-fullwidth non-hundred-percent-height-scrolling fusion-custom-z-index\" style=\"background-color: #ffffff;background-position: center center;background-repeat: no-repeat;border-width: 0px 0px 0px 0px;border-color:#e2e2e2;border-style:solid;\" ><div class=\"fusion-builder-row fusion-row fusion-flex-align-items-flex-start\" style=\"max-width:calc( 1640px + 32px );margin-left: calc(-32px \/ 2 );margin-right: calc(-32px \/ 2 );\"><div class=\"fusion-layout-column fusion_builder_column fusion-builder-column-0 fusion_builder_column_1_4 1_4 fusion-flex-column fusion-flex-align-self-stretch\"><div class=\"fusion-column-wrapper fusion-flex-justify-content-flex-start fusion-content-layout-column\" style=\"background-position:left top;background-repeat:no-repeat;-webkit-background-size:cover;-moz-background-size:cover;-o-background-size:cover;background-size:cover;padding: 0px 0px 0px 0px;\"><\/div><style type=\"text\/css\">.fusion-body .fusion-builder-column-0{width:25% !important;margin-top : 0px;margin-bottom : 0px;}.fusion-builder-column-0 > .fusion-column-wrapper {padding-top : 0px !important;padding-right : 0px !important;margin-right : 16px;padding-bottom : 0px !important;padding-left : 0px !important;margin-left : 16px;}@media only screen and (max-width:1024px) {.fusion-body .fusion-builder-column-0{width:25% !important;order : 0;}.fusion-builder-column-0 > .fusion-column-wrapper {margin-right : 16px;margin-left : 16px;}}@media only screen and (max-width:640px) {.fusion-body .fusion-builder-column-0{width:100% !important;order : 0;}.fusion-builder-column-0 > .fusion-column-wrapper {margin-right : 16px;margin-left : 16px;}}<\/style><\/div><div class=\"fusion-layout-column fusion_builder_column fusion-builder-column-1 fusion_builder_column_1_2 1_2 fusion-flex-column fusion-flex-align-self-stretch\"><div class=\"fusion-column-wrapper fusion-flex-justify-content-center fusion-content-layout-column\" style=\"background-position:left top;background-repeat:no-repeat;-webkit-background-size:cover;-moz-background-size:cover;-o-background-size:cover;background-size:cover;padding: 0px 0px 0px 0px;\"><style type=\"text\/css\">@media only screen and (max-width:1024px) {.fusion-title.fusion-title-1{margin-top:0px!important; margin-right:0px!important;margin-bottom:40px!important;margin-left:0px!important;}}@media only screen and (max-width:640px) {.fusion-title.fusion-title-1{margin-top:10px!important; margin-right:0px!important;margin-bottom:10px!important; margin-left:0px!important;}}<\/style><div class=\"fusion-title title fusion-title-1 fusion-sep-none fusion-title-center fusion-title-text fusion-title-size-three\" style=\"margin-top:0px;margin-right:0px;margin-bottom:40px;margin-left:0px;\"><h3 class=\"title-heading-center\" style=\"margin:0;\">Compromisso Vortal<\/h3><\/div><div class=\"fusion-text fusion-text-1\" style=\"line-height:2;\"><p>A fim de contribuir eficazmente e de forma \u00edmpar para os objectivos de neg\u00f3cio de todos os seus Clientes, pela presente declara a Vortal, S.A. o seu compromisso para atingir e manter, no tempo, os seguintes princ\u00edpios basilares no \u00e2mbito dos servi\u00e7os que disponibiliza:<\/p>\n<ul>\n<li>N\u00e3o discrimina\u00e7\u00e3o \u2013 Possibilitar o acesso \u00e0s plataformas de Contrata\u00e7\u00e3o Electr\u00f3nica a todos aqueles que dele o necessitem para fins de neg\u00f3cio;<\/li>\n<li>Compatibilidade \u2013 Assegurar que as plataformas de Contrata\u00e7\u00e3o Electr\u00f3nica permitem que os seus Clientes utilizem recursos tecnol\u00f3gicos comuns de redes inform\u00e1ticas de uso p\u00fablico;<\/li>\n<li>Confidencialidade \u2013 Garantir de que a informa\u00e7\u00e3o apenas se encontra dispon\u00edvel para quem est\u00e1 devidamente autorizado a aced\u00ea-la;<\/li>\n<li>Integridade \u2013 Salvaguardar, no tempo, a exactid\u00e3o da informa\u00e7\u00e3o das plataformas de Contrata\u00e7\u00e3o Electr\u00f3nica e dos seus m\u00e9todos de processamento;<\/li>\n<li>Disponibilidade &#8211; Garantir que as pessoas autorizadas a aceder \u00e0 informa\u00e7\u00e3o podem faz\u00ea-lo sempre que necess\u00e1rio e em tempo \u00fatil para com o seu neg\u00f3cio;<\/li>\n<li>Seguran\u00e7a \u2013 Garantir o n\u00edvel de seguran\u00e7a da informa\u00e7\u00e3o apropriado \u00e0s caracter\u00edsticas do neg\u00f3cio incorporando, com vista \u00e0 protec\u00e7\u00e3o dos seus recursos cr\u00edticos, controlos expressos em reconhecidos modelos de gest\u00e3o e pr\u00e1ticas de seguran\u00e7a internacionalmente reconhecidas.<\/li>\n<\/ul>\n<p>Assim, a Vortal, S.A. compromete-se a prestar servi\u00e7os atrav\u00e9s das suas plataformas electr\u00f3nicas, nomeadamente em termos de disponibiliza\u00e7\u00e3o, opera\u00e7\u00e3o, gest\u00e3o, manuten\u00e7\u00e3o e alojamento, respeitando os princ\u00edpios fundamentais da disponibilidade, da n\u00e3o discrimina\u00e7\u00e3o e livre acesso, da interoperabilidade e compatibilidade, da confidencialidade, da integridade e da seguran\u00e7a, e outros conexos, descritos na Lei 96\/2015, de 17 de agosto, definindo os seguintes princ\u00edpios de actua\u00e7\u00e3o:<\/p>\n<ul>\n<li>Zelar pelo cumprimento da nova legisla\u00e7\u00e3o em vigor, nomeadamente:<br \/>\no No Decreto-Lei n.\u00ba 18\/2008 &#8211; C\u00f3digo dos Contratos P\u00fablicos (CCP)<br \/>\no Na Lei 96\/2015, de 17 de Agoso, que veio substituir ao Decreto-Lei n.\u00ba 143-A\/2008 e Portaria 701-G\/2008<br \/>\no Bem como toda a restante legisla\u00e7\u00e3o aplic\u00e1vel.<\/li>\n<li>Manter as certifica\u00e7\u00f5es ISO 27001 e 20000 no seu ciclo de neg\u00f3cio principal, desde o planeamento de novas funcionalidades nos sistemas, passando pelo cumprimento das leis e regulamenta\u00e7\u00f5es, pela identifica\u00e7\u00e3o cont\u00ednua de riscos e pela subsequente aplica\u00e7\u00e3o de controlos tecnol\u00f3gicos, ambientais, humanos e processuais que permitam a sua mitiga\u00e7\u00e3o;<\/li>\n<li>Disponibilizar um Servi\u00e7o de Apoio ao Cliente que permita, sob registo, auxiliar os utilizadores quando necess\u00e1rio, dentro do \u00e2mbito dos servi\u00e7os disponibilizados;<\/li>\n<li>Primar pela incorpora\u00e7\u00e3o das melhores pr\u00e1ticas reconhecidas internacionalmente e pela Ind\u00fastria, que permitam atingir n\u00edveis de conforto elevado em termos de continuidade do neg\u00f3cio e recupera\u00e7\u00e3o de desastres;<\/li>\n<li>Monitorizar permanentemente, atrav\u00e9s da utiliza\u00e7\u00e3o dos recursos considerados mais apropriados, a infra-estrutura tecnol\u00f3gica, o desempenho de servidores, os acessos a estes, o tr\u00e1fego de comunica\u00e7\u00f5es, a exist\u00eancia de v\u00edrus, worms e bots, entre outros;<\/li>\n<li>Auditar regularmente os controlos de seguran\u00e7a da informa\u00e7\u00e3o e a execu\u00e7\u00e3o de processos e procedimentos internos a fim de se detectarem pontos de melhoria e de refor\u00e7o da qualidade do servi\u00e7o prestado;<\/li>\n<li>Identificar regularmente pontos de optimiza\u00e7\u00e3o nos servi\u00e7os disponibilizados pelas suas plataformas de Contrata\u00e7\u00e3o Electr\u00f3nica com o prop\u00f3sito de melhor\u00e1-los de forma continuada;<\/li>\n<li>Possuir uma equipa altamente especializada e regularmente formada para o excepcional desempenho das suas fun\u00e7\u00f5es na organiza\u00e7\u00e3o;<\/li>\n<li>Sensibilizar continuamente os seus colaboradores directos e indirectos sobre temas de seguran\u00e7a, gest\u00e3o do risco, protec\u00e7\u00e3o de recursos e legisla\u00e7\u00e3o aplic\u00e1vel, entre outras mat\u00e9rias.<\/li>\n<li>Assumir o compromisso do servi\u00e7o prestado pela Vortal junto dos nossos clientes, mesmo que esse servi\u00e7o tenha sido sub-contratado a um terceiro.<\/li>\n<\/ul>\n<\/div><\/div><style type=\"text\/css\">.fusion-body .fusion-builder-column-1{width:50% !important;margin-top : 0px;margin-bottom : 0px;}.fusion-builder-column-1 > .fusion-column-wrapper {padding-top : 0px !important;padding-right : 0px !important;margin-right : 0px;padding-bottom : 0px !important;padding-left : 0px !important;margin-left : 0px;}@media only screen and (max-width:1024px) {.fusion-body .fusion-builder-column-1{width:50% !important;order : 0;}.fusion-builder-column-1 > .fusion-column-wrapper {margin-right : 0px;margin-left : 0px;}}@media only screen and (max-width:640px) {.fusion-body .fusion-builder-column-1{width:100% !important;order : 0;}.fusion-builder-column-1 > .fusion-column-wrapper {margin-right : 16px;margin-left : 16px;}}<\/style><\/div><div class=\"fusion-layout-column fusion_builder_column fusion-builder-column-2 fusion_builder_column_1_4 1_4 fusion-flex-column\"><div class=\"fusion-column-wrapper fusion-flex-justify-content-flex-start fusion-content-layout-column\" style=\"background-position:left top;background-repeat:no-repeat;-webkit-background-size:cover;-moz-background-size:cover;-o-background-size:cover;background-size:cover;padding: 0px 0px 0px 0px;\"><\/div><style type=\"text\/css\">.fusion-body .fusion-builder-column-2{width:25% !important;margin-top : 0px;margin-bottom : 0px;}.fusion-builder-column-2 > .fusion-column-wrapper {padding-top : 0px !important;padding-right : 0px !important;margin-right : 16px;padding-bottom : 0px !important;padding-left : 0px !important;margin-left : 16px;}@media only screen and (max-width:1024px) {.fusion-body .fusion-builder-column-2{width:25% !important;order : 0;}.fusion-builder-column-2 > .fusion-column-wrapper {margin-right : 16px;margin-left : 16px;}}@media only screen and (max-width:640px) {.fusion-body .fusion-builder-column-2{width:100% !important;order : 0;}.fusion-builder-column-2 > .fusion-column-wrapper {margin-right : 16px;margin-left : 16px;}}<\/style><\/div><\/div><style type=\"text\/css\">.fusion-fullwidth.fusion-builder-row-1 { z-index:1 !important; }.fusion-body .fusion-flex-container.fusion-builder-row-1{ padding-top : 104px;margin-top : 0px;padding-right : 16px;padding-bottom : 104px;margin-bottom : 0px;padding-left : 16px;}<\/style><\/div>\n","protected":false},"excerpt":{"rendered":"","protected":false},"author":5639,"featured_media":0,"parent":0,"menu_order":0,"comment_status":"closed","ping_status":"closed","template":"100-width.php","meta":{"footnotes":""},"yoast_head":"<!-- This site is optimized with the Yoast SEO plugin v22.3 - https:\/\/yoast.com\/wordpress\/plugins\/seo\/ -->\n<title>Compromisso Vortal - VORTAL<\/title>\n<meta name=\"robots\" content=\"index, follow, max-snippet:-1, max-image-preview:large, max-video-preview:-1\" \/>\n<link rel=\"canonical\" href=\"https:\/\/www.vortal.biz\/pt-pt\/compromisso-vortal\/\" \/>\n<meta property=\"og:locale\" content=\"pt_PT\" \/>\n<meta property=\"og:type\" content=\"article\" \/>\n<meta property=\"og:title\" content=\"Compromisso Vortal - VORTAL\" \/>\n<meta property=\"og:url\" content=\"https:\/\/www.vortal.biz\/pt-pt\/compromisso-vortal\/\" \/>\n<meta property=\"og:site_name\" content=\"VORTAL\" \/>\n<meta name=\"twitter:card\" content=\"summary_large_image\" \/>\n<meta name=\"twitter:label1\" content=\"Tempo estimado de leitura\" \/>\n\t<meta name=\"twitter:data1\" content=\"10 minutos\" \/>\n<script type=\"application\/ld+json\" class=\"yoast-schema-graph\">{\"@context\":\"https:\/\/schema.org\",\"@graph\":[{\"@type\":\"WebPage\",\"@id\":\"https:\/\/www.vortal.biz\/pt-pt\/compromisso-vortal\/\",\"url\":\"https:\/\/www.vortal.biz\/pt-pt\/compromisso-vortal\/\",\"name\":\"Compromisso Vortal - VORTAL\",\"isPartOf\":{\"@id\":\"https:\/\/www.vortal.biz\/pt-pt\/#website\"},\"datePublished\":\"2021-02-16T15:53:09+00:00\",\"dateModified\":\"2021-02-16T15:53:09+00:00\",\"breadcrumb\":{\"@id\":\"https:\/\/www.vortal.biz\/pt-pt\/compromisso-vortal\/#breadcrumb\"},\"inLanguage\":\"pt-PT\",\"potentialAction\":[{\"@type\":\"ReadAction\",\"target\":[\"https:\/\/www.vortal.biz\/pt-pt\/compromisso-vortal\/\"]}]},{\"@type\":\"BreadcrumbList\",\"@id\":\"https:\/\/www.vortal.biz\/pt-pt\/compromisso-vortal\/#breadcrumb\",\"itemListElement\":[{\"@type\":\"ListItem\",\"position\":1,\"name\":\"Home\",\"item\":\"https:\/\/www.vortal.biz\/pt-pt\/\"},{\"@type\":\"ListItem\",\"position\":2,\"name\":\"Compromisso Vortal\"}]},{\"@type\":\"WebSite\",\"@id\":\"https:\/\/www.vortal.biz\/pt-pt\/#website\",\"url\":\"https:\/\/www.vortal.biz\/pt-pt\/\",\"name\":\"VORTAL\",\"description\":\"Connecting Business\",\"potentialAction\":[{\"@type\":\"SearchAction\",\"target\":{\"@type\":\"EntryPoint\",\"urlTemplate\":\"https:\/\/www.vortal.biz\/pt-pt\/?s={search_term_string}\"},\"query-input\":\"required name=search_term_string\"}],\"inLanguage\":\"pt-PT\"}]}<\/script>\n<!-- \/ Yoast SEO plugin. -->","yoast_head_json":{"title":"Compromisso Vortal - VORTAL","robots":{"index":"index","follow":"follow","max-snippet":"max-snippet:-1","max-image-preview":"max-image-preview:large","max-video-preview":"max-video-preview:-1"},"canonical":"https:\/\/www.vortal.biz\/pt-pt\/compromisso-vortal\/","og_locale":"pt_PT","og_type":"article","og_title":"Compromisso Vortal - VORTAL","og_url":"https:\/\/www.vortal.biz\/pt-pt\/compromisso-vortal\/","og_site_name":"VORTAL","twitter_card":"summary_large_image","twitter_misc":{"Tempo estimado de leitura":"10 minutos"},"schema":{"@context":"https:\/\/schema.org","@graph":[{"@type":"WebPage","@id":"https:\/\/www.vortal.biz\/pt-pt\/compromisso-vortal\/","url":"https:\/\/www.vortal.biz\/pt-pt\/compromisso-vortal\/","name":"Compromisso Vortal - VORTAL","isPartOf":{"@id":"https:\/\/www.vortal.biz\/pt-pt\/#website"},"datePublished":"2021-02-16T15:53:09+00:00","dateModified":"2021-02-16T15:53:09+00:00","breadcrumb":{"@id":"https:\/\/www.vortal.biz\/pt-pt\/compromisso-vortal\/#breadcrumb"},"inLanguage":"pt-PT","potentialAction":[{"@type":"ReadAction","target":["https:\/\/www.vortal.biz\/pt-pt\/compromisso-vortal\/"]}]},{"@type":"BreadcrumbList","@id":"https:\/\/www.vortal.biz\/pt-pt\/compromisso-vortal\/#breadcrumb","itemListElement":[{"@type":"ListItem","position":1,"name":"Home","item":"https:\/\/www.vortal.biz\/pt-pt\/"},{"@type":"ListItem","position":2,"name":"Compromisso Vortal"}]},{"@type":"WebSite","@id":"https:\/\/www.vortal.biz\/pt-pt\/#website","url":"https:\/\/www.vortal.biz\/pt-pt\/","name":"VORTAL","description":"Connecting Business","potentialAction":[{"@type":"SearchAction","target":{"@type":"EntryPoint","urlTemplate":"https:\/\/www.vortal.biz\/pt-pt\/?s={search_term_string}"},"query-input":"required name=search_term_string"}],"inLanguage":"pt-PT"}]}},"_links":{"self":[{"href":"https:\/\/www.vortal.biz\/pt-pt\/wp-json\/wp\/v2\/pages\/5688"}],"collection":[{"href":"https:\/\/www.vortal.biz\/pt-pt\/wp-json\/wp\/v2\/pages"}],"about":[{"href":"https:\/\/www.vortal.biz\/pt-pt\/wp-json\/wp\/v2\/types\/page"}],"author":[{"embeddable":true,"href":"https:\/\/www.vortal.biz\/pt-pt\/wp-json\/wp\/v2\/users\/5639"}],"replies":[{"embeddable":true,"href":"https:\/\/www.vortal.biz\/pt-pt\/wp-json\/wp\/v2\/comments?post=5688"}],"version-history":[{"count":0,"href":"https:\/\/www.vortal.biz\/pt-pt\/wp-json\/wp\/v2\/pages\/5688\/revisions"}],"wp:attachment":[{"href":"https:\/\/www.vortal.biz\/pt-pt\/wp-json\/wp\/v2\/media?parent=5688"}],"curies":[{"name":"wp","href":"https:\/\/api.w.org\/{rel}","templated":true}]}}