{"id":5123,"date":"2021-02-05T15:58:21","date_gmt":"2021-02-05T15:58:21","guid":{"rendered":"https:\/\/www.vortal.biz\/?page_id=5123"},"modified":"2024-02-29T10:40:34","modified_gmt":"2024-02-29T10:40:34","slug":"cookies-policy","status":"publish","type":"page","link":"https:\/\/www.vortal.biz\/pt-pt\/cookies-policy\/","title":{"rendered":"Cookies Policy"},"content":{"rendered":"<div class=\"fusion-fullwidth fullwidth-box fusion-builder-row-1 fusion-flex-container nonhundred-percent-fullwidth non-hundred-percent-height-scrolling fusion-custom-z-index\" style=\"background-color: #ffffff;background-position: center center;background-repeat: no-repeat;border-width: 0px 0px 0px 0px;border-color:#e2e2e2;border-style:solid;\" ><div class=\"fusion-builder-row fusion-row fusion-flex-align-items-flex-start\" style=\"max-width:calc( 1640px + 32px );margin-left: calc(-32px \/ 2 );margin-right: calc(-32px \/ 2 );\"><div class=\"fusion-layout-column fusion_builder_column fusion-builder-column-0 fusion_builder_column_1_4 1_4 fusion-flex-column fusion-flex-align-self-stretch\"><div class=\"fusion-column-wrapper fusion-flex-justify-content-flex-start fusion-content-layout-column\" style=\"background-position:left top;background-repeat:no-repeat;-webkit-background-size:cover;-moz-background-size:cover;-o-background-size:cover;background-size:cover;padding: 0px 0px 0px 0px;\"><\/div><style type=\"text\/css\">.fusion-body .fusion-builder-column-0{width:25% !important;margin-top : 0px;margin-bottom : 0px;}.fusion-builder-column-0 > .fusion-column-wrapper {padding-top : 0px !important;padding-right : 0px !important;margin-right : 16px;padding-bottom : 0px !important;padding-left : 0px !important;margin-left : 16px;}@media only screen and (max-width:1024px) {.fusion-body .fusion-builder-column-0{width:25% !important;order : 0;}.fusion-builder-column-0 > .fusion-column-wrapper {margin-right : 16px;margin-left : 16px;}}@media only screen and (max-width:640px) {.fusion-body .fusion-builder-column-0{width:100% !important;order : 0;}.fusion-builder-column-0 > .fusion-column-wrapper {margin-right : 16px;margin-left : 16px;}}<\/style><\/div><div class=\"fusion-layout-column fusion_builder_column fusion-builder-column-1 fusion_builder_column_1_2 1_2 fusion-flex-column fusion-flex-align-self-stretch\"><div class=\"fusion-column-wrapper fusion-flex-justify-content-center fusion-content-layout-column\" style=\"background-position:left top;background-repeat:no-repeat;-webkit-background-size:cover;-moz-background-size:cover;-o-background-size:cover;background-size:cover;padding: 0px 0px 0px 0px;\"><style type=\"text\/css\">@media only screen and (max-width:1024px) {.fusion-title.fusion-title-1{margin-top:0px!important; margin-right:0px!important;margin-bottom:40px!important;margin-left:0px!important;}}@media only screen and (max-width:640px) {.fusion-title.fusion-title-1{margin-top:10px!important; margin-right:0px!important;margin-bottom:10px!important; margin-left:0px!important;}}<\/style><div class=\"fusion-title title fusion-title-1 fusion-sep-none fusion-title-center fusion-title-text fusion-title-size-three\" style=\"margin-top:0px;margin-right:0px;margin-bottom:40px;margin-left:0px;\"><h3 class=\"title-heading-center\" style=\"margin:0;\">Pol\u00edtica de Cookies<\/h3><\/div><div class=\"fusion-text fusion-text-1\" style=\"line-height:2;\"><p>Esta Pol\u00edtica de Cookies \u00e9 parte integrante da <a href=\"https:\/\/www.vortal.biz\/pt-pt\/personal-data-protection-policy\/\">Pol\u00edtica de Privacidade<\/a>\u00a0da VORTAL.<\/p>\n<p>O website VORTAL utiliza \u201cCookies\u201d permitindo melhorar a experi\u00eancia dos nossos utilizadores. A presente pol\u00edtica explica como utilizamos cookies e tecnologias semelhantes para proporcionar, melhorar, promover e proteger os nossos servi\u00e7os.<\/p>\n<p>A sua privacidade \u00e9 importante para n\u00f3s e, como tal, a VORTAL segue e cumpre detalhadamente o Regulamento Geral sobre a Prote\u00e7\u00e3o de Dados (RGPD). <\/p>\n<p><strong>O que s\u00e3o Cookies?<\/strong><\/p>\n<p>Os cookies s\u00e3o arquivos ou ficheiros de texto que cont\u00eam pequenas quantidades de informa\u00e7\u00f5es que s\u00e3o descarregadas e guardadas no dispositivo do utilizador, atrav\u00e9s do seu browser, quando visita uma p\u00e1gina da Web.<\/p>\n<p>Os cookies podem ser categorizados face ao prop\u00f3sito que servem. Existem cookies que s\u00e3o estritamente necess\u00e1rios ao funcionamento do site, enquanto outros recolhem informa\u00e7\u00e3o estat\u00edstica com o intuito de analisar a utiliza\u00e7\u00e3o do site e respetivo desempenho ou s\u00e3o utilizados para assegurar a disponibiliza\u00e7\u00e3o de funcionalidades adicionais ao site ou para guardar as prefer\u00eancias do visitante relativamente \u00e0 navega\u00e7\u00e3o no mesmo, sempre que utilizar o mesmo dispositivo. Outros cookies podem ainda servir para medir o sucesso de aplica\u00e7\u00f5es e a efic\u00e1cia da publicidade de terceiros.<\/p>\n<p>Os cookies s\u00e3o essenciais para o funcionamento da Internet; n\u00e3o danificam o equipamento ou dispositivo do utilizador e, se estiverem ativados na configura\u00e7\u00e3o do seu navegador, ajudam a identificar e resolver poss\u00edveis erros na opera\u00e7\u00e3o do site.<\/p>\n<p><strong>Porqu\u00ea utilizar Cookies?<\/strong><\/p>\n<p>O objetivo principal \u00e9 simplificar a navega\u00e7\u00e3o e permitir ao utilizador um melhor uso do site. Para esse efeito, o utilizador \u00e9 reconhecido sempre que acede ao site, eliminando a necessidade de introduzir repetidamente as mesmas informa\u00e7\u00f5es e, deste modo, permitindo uma navega\u00e7\u00e3o mais r\u00e1pida, eficiente e com melhor qualidade. As informa\u00e7\u00f5es recolhidas pelos cookies permitem, ainda, VORTAL melhorar o site.<\/p>\n<p><strong>Cookies utilizados e respetivas Funcionalidades<\/strong><\/p>\n<p>A VORTAL utiliza cookies para os prop\u00f3sitos a seguir identificados. Caso a VORTAL venha a utilizar outros cookies com a finalidade de conceder mais e melhores servi\u00e7os, o utilizador ser\u00e1 devidamente informado.<\/p>\n<ul>\n<li><strong>Cookies Necess\u00e1rios:<\/strong> dizem respeito a cookies essenciais para o funcionamento do website, facilitando funcionalidades b\u00e1sicas como navega\u00e7\u00e3o na p\u00e1gina e acesso a \u00e1reas seguras (autentica\u00e7\u00e3o de dados do utilizador, como o nome, email e senha utilizada para proceder ao login). Assim, o nosso site n\u00e3o poder\u00e1 funcionar corretamente sem estes cookies.<\/li>\n<\/ul>\n<p>cookie-law-info-checkbox-performance<br \/>Este cookie est\u00e1 relacionado com as prefer\u00eancias do utilizador para cookies de desempenho. \u00c9 usado para recordar se o utilizador consentiu ou n\u00e3o com o uso de cookies de desempenho, que s\u00e3o utilizados para melhorar a performance do nosso website.<\/p>\n<p>cookie-law-info-checkbox-analytics<br \/>Este cookie refere-se \u00e0 escolha do utilizador sobre cookies anal\u00edticos. Regista o consentimento do utilizador para o uso de cookies anal\u00edticos, que recolhem dados sobre a intera\u00e7\u00e3o do utilizador com o site, como p\u00e1ginas visitadas e cliques, com o objectivo de melhorar a experi\u00eancia do utilizador e a efici\u00eancia do site. <\/p>\n<p>cookie-law-info-checkbox-advertisement<br \/>Este cookie armazena as prefer\u00eancias do utilizador relativamente aos cookies de publicidade. \u00c9 utilizado para lembrar se o utilizador concorda com o uso de cookies que rastreiam e recolhem informa\u00e7\u00f5es para exibir an\u00fancios personalizados baseados nos interesses do utilizador.<\/p>\n<p>cookie-law-info-checkbox-others<br \/>Este cookie \u00e9 utilizado para gerir o consentimento do utilizador para cookies que n\u00e3o se enquadram nas outras categorias padr\u00e3o (como necess\u00e1rios, funcionais, de desempenho, anal\u00edticos e de publicidade). Permite que o utilizador controle a aceita\u00e7\u00e3o de cookies que podem ter finalidades diversas.<\/p>\n<p>PHPSESSID<br \/>Este cookie nativo do PHP permite que os websites armazenem dados serializados de estado. \u00c9 usado para estabelecer uma sess\u00e3o de utilizador e transmitir dados de estado atrav\u00e9s de um cookie tempor\u00e1rio, que \u00e9 comumente referido como cookie de sess\u00e3o.<\/p>\n<p>cookie-law-info-consent<br \/>Este cookie \u00e9 usado para registar o consentimento geral do utilizador para o uso de cookies. Armazena informa\u00e7\u00f5es sobre as categorias de cookies aceites pelo utilizador e \u00e9 utilizado para gerir o consentimento em v\u00e1rias categorias de cookies no website. <\/p>\n<ul>\n<li><strong>Cookies Anal\u00edticos:<\/strong> Ajudam a compreender como os utilizadores interagem com o website, fornecendo informa\u00e7\u00f5es sobre as \u00e1reas visitadas, o tempo despendido no site e quaisquer problemas encontrados, como mensagem de erro.<\/li>\n<\/ul>\n<p>ga*<br \/>Este cookie est\u00e1 associado ao Google Analytics. \u00c9 utilizado para distinguir utilizadores \u00fanicos, criando um n\u00famero gerado aleatoriamente como identificador do cliente. Inclu\u00eddo em cada pedido de p\u00e1gina num site, \u00e9 usado para calcular dados de visitantes, sess\u00f5es e campanhas para os relat\u00f3rios anal\u00edticos do site.<\/p>\n<p>_ga<br \/>Semelhante ao ga*, este cookie tamb\u00e9m faz parte do Google Analytics. Serve para distinguir utilizadores \u00fanicos, atribuindo um n\u00famero gerado aleatoriamente como identificador de cliente. Ajuda a calcular dados de visitantes, sess\u00f5es e campanhas para relat\u00f3rios anal\u00edticos do site.<\/p>\n<p>_gcl_au<br \/>Este cookie \u00e9 usado pelo Google AdSense para testar a efici\u00eancia da publicidade nos websites que utilizam os seus servi\u00e7os. \u00c9 o cookie padr\u00e3o de convers\u00e3o de link de an\u00fancios do Google AdSense.<\/p>\n<p>_gid<br \/>Associado ao Google Analytics, este cookie armazena e atualiza um valor \u00fanico para cada p\u00e1gina visitada. \u00c9 utilizado para contar e rastrear visualiza\u00e7\u00f5es de p\u00e1ginas.<\/p>\n<p>_gat_gtag_UA*<br \/>Relacionado ao Google Analytics, este cookie \u00e9 usado para limitar a quantidade de dados recolhidos pelo Google em sites de alto tr\u00e1fego, reduzindo a taxa de pedidos.<\/p>\n<p>_gat_UA-<br \/>Tamb\u00e9m associado ao Google Analytics, este cookie funciona de forma semelhante ao gat_gtag_UA, sendo utilizado para controlar a taxa de pedido e limitar a coleta de dados em sites com grande volume de tr\u00e1fego.<\/p>\n<p><strong>Devo aceitar a utiliza\u00e7\u00e3o de cookies?<\/strong><\/p>\n<p>\u00c9 importante referir que a utiliza\u00e7\u00e3o de cookies \u00e9 essencial para o correto funcionamento do site na sua totalidade, pelo que a sua aceita\u00e7\u00e3o \u00e9 recomendada.<\/p>\n<p><strong>Consentimento e Prefer\u00eancias do Utilizador<\/strong><\/p>\n<p>Ao utilizar os nossos servi\u00e7os, aceitando e continuando a navegar no nosso website, declara o seu consentimento quanto ao uso de cookies essenciais. Tem tamb\u00e9m a possibilidade de autorizar todas as cookies presentes neste website, podendo sempre e a qualquer momento, gerir as suas prefer\u00eancias e revogar o seu consentimento atrav\u00e9s das configura\u00e7\u00f5es do seu motor de navega\u00e7\u00e3o.<\/p>\n<p><strong>Seguran\u00e7a e Privacidade dos Dados<\/strong><\/p>\n<p>Comprometemo-nos a proteger a sua privacidade e os seus dados pessoais. Tem, contudo, o direito de aceder, corrigir ou solicitar a elimina\u00e7\u00e3o dos seus dados pessoais a qualquer momento.<\/p>\n<p>Esta pol\u00edtica de cookies pode ser atualizada pontualmente. Assim sendo, os utilizadores do nosso website devem sempre que necess\u00e1rio, devem revisitar esta p\u00e1gina para se manterem informados sobre a nossa pol\u00edtica de cookies.<\/p>\n<p>Vers\u00e3o 02. Atualizado em 29 de Fevereiro 2024.<\/p>\n<\/div><\/div><style type=\"text\/css\">.fusion-body .fusion-builder-column-1{width:50% !important;margin-top : 0px;margin-bottom : 0px;}.fusion-builder-column-1 > .fusion-column-wrapper {padding-top : 0px !important;padding-right : 0px !important;margin-right : 0px;padding-bottom : 0px !important;padding-left : 0px !important;margin-left : 0px;}@media only screen and (max-width:1024px) {.fusion-body .fusion-builder-column-1{width:50% !important;order : 0;}.fusion-builder-column-1 > .fusion-column-wrapper {margin-right : 0px;margin-left : 0px;}}@media only screen and (max-width:640px) {.fusion-body .fusion-builder-column-1{width:100% !important;order : 0;}.fusion-builder-column-1 > .fusion-column-wrapper {margin-right : 16px;margin-left : 16px;}}<\/style><\/div><div class=\"fusion-layout-column fusion_builder_column fusion-builder-column-2 fusion_builder_column_1_4 1_4 fusion-flex-column\"><div class=\"fusion-column-wrapper fusion-flex-justify-content-flex-start fusion-content-layout-column\" style=\"background-position:left top;background-repeat:no-repeat;-webkit-background-size:cover;-moz-background-size:cover;-o-background-size:cover;background-size:cover;padding: 0px 0px 0px 0px;\"><\/div><style type=\"text\/css\">.fusion-body .fusion-builder-column-2{width:25% !important;margin-top : 0px;margin-bottom : 0px;}.fusion-builder-column-2 > .fusion-column-wrapper {padding-top : 0px !important;padding-right : 0px !important;margin-right : 16px;padding-bottom : 0px !important;padding-left : 0px !important;margin-left : 16px;}@media only screen and (max-width:1024px) {.fusion-body .fusion-builder-column-2{width:25% !important;order : 0;}.fusion-builder-column-2 > .fusion-column-wrapper {margin-right : 16px;margin-left : 16px;}}@media only screen and (max-width:640px) {.fusion-body .fusion-builder-column-2{width:100% !important;order : 0;}.fusion-builder-column-2 > .fusion-column-wrapper {margin-right : 16px;margin-left : 16px;}}<\/style><\/div><\/div><style type=\"text\/css\">.fusion-fullwidth.fusion-builder-row-1 { z-index:1 !important; }.fusion-body .fusion-flex-container.fusion-builder-row-1{ padding-top : 104px;margin-top : 0px;padding-right : 16px;padding-bottom : 104px;margin-bottom : 0px;padding-left : 16px;}<\/style><\/div>\n","protected":false},"excerpt":{"rendered":"","protected":false},"author":5639,"featured_media":0,"parent":0,"menu_order":0,"comment_status":"closed","ping_status":"closed","template":"100-width.php","meta":{"footnotes":""},"yoast_head":"<!-- This site is optimized with the Yoast SEO plugin v22.3 - https:\/\/yoast.com\/wordpress\/plugins\/seo\/ -->\n<title>Cookies Policy - VORTAL<\/title>\n<meta name=\"robots\" content=\"index, follow, max-snippet:-1, max-image-preview:large, max-video-preview:-1\" \/>\n<link rel=\"canonical\" href=\"https:\/\/www.vortal.biz\/pt-pt\/cookies-policy\/\" \/>\n<meta property=\"og:locale\" content=\"pt_PT\" \/>\n<meta property=\"og:type\" content=\"article\" \/>\n<meta property=\"og:title\" content=\"Cookies Policy - VORTAL\" \/>\n<meta property=\"og:url\" content=\"https:\/\/www.vortal.biz\/pt-pt\/cookies-policy\/\" \/>\n<meta property=\"og:site_name\" content=\"VORTAL\" \/>\n<meta property=\"article:modified_time\" content=\"2024-02-29T10:40:34+00:00\" \/>\n<meta name=\"twitter:card\" content=\"summary_large_image\" \/>\n<meta name=\"twitter:label1\" content=\"Tempo estimado de leitura\" \/>\n\t<meta name=\"twitter:data1\" content=\"6 minutos\" \/>\n<script type=\"application\/ld+json\" class=\"yoast-schema-graph\">{\"@context\":\"https:\/\/schema.org\",\"@graph\":[{\"@type\":\"WebPage\",\"@id\":\"https:\/\/www.vortal.biz\/pt-pt\/cookies-policy\/\",\"url\":\"https:\/\/www.vortal.biz\/pt-pt\/cookies-policy\/\",\"name\":\"Cookies Policy - VORTAL\",\"isPartOf\":{\"@id\":\"https:\/\/www.vortal.biz\/pt-pt\/#website\"},\"datePublished\":\"2021-02-05T15:58:21+00:00\",\"dateModified\":\"2024-02-29T10:40:34+00:00\",\"breadcrumb\":{\"@id\":\"https:\/\/www.vortal.biz\/pt-pt\/cookies-policy\/#breadcrumb\"},\"inLanguage\":\"pt-PT\",\"potentialAction\":[{\"@type\":\"ReadAction\",\"target\":[\"https:\/\/www.vortal.biz\/pt-pt\/cookies-policy\/\"]}]},{\"@type\":\"BreadcrumbList\",\"@id\":\"https:\/\/www.vortal.biz\/pt-pt\/cookies-policy\/#breadcrumb\",\"itemListElement\":[{\"@type\":\"ListItem\",\"position\":1,\"name\":\"Home\",\"item\":\"https:\/\/www.vortal.biz\/pt-pt\/\"},{\"@type\":\"ListItem\",\"position\":2,\"name\":\"Cookies Policy\"}]},{\"@type\":\"WebSite\",\"@id\":\"https:\/\/www.vortal.biz\/pt-pt\/#website\",\"url\":\"https:\/\/www.vortal.biz\/pt-pt\/\",\"name\":\"VORTAL\",\"description\":\"Connecting Business\",\"potentialAction\":[{\"@type\":\"SearchAction\",\"target\":{\"@type\":\"EntryPoint\",\"urlTemplate\":\"https:\/\/www.vortal.biz\/pt-pt\/?s={search_term_string}\"},\"query-input\":\"required name=search_term_string\"}],\"inLanguage\":\"pt-PT\"}]}<\/script>\n<!-- \/ Yoast SEO plugin. -->","yoast_head_json":{"title":"Cookies Policy - VORTAL","robots":{"index":"index","follow":"follow","max-snippet":"max-snippet:-1","max-image-preview":"max-image-preview:large","max-video-preview":"max-video-preview:-1"},"canonical":"https:\/\/www.vortal.biz\/pt-pt\/cookies-policy\/","og_locale":"pt_PT","og_type":"article","og_title":"Cookies Policy - VORTAL","og_url":"https:\/\/www.vortal.biz\/pt-pt\/cookies-policy\/","og_site_name":"VORTAL","article_modified_time":"2024-02-29T10:40:34+00:00","twitter_card":"summary_large_image","twitter_misc":{"Tempo estimado de leitura":"6 minutos"},"schema":{"@context":"https:\/\/schema.org","@graph":[{"@type":"WebPage","@id":"https:\/\/www.vortal.biz\/pt-pt\/cookies-policy\/","url":"https:\/\/www.vortal.biz\/pt-pt\/cookies-policy\/","name":"Cookies Policy - VORTAL","isPartOf":{"@id":"https:\/\/www.vortal.biz\/pt-pt\/#website"},"datePublished":"2021-02-05T15:58:21+00:00","dateModified":"2024-02-29T10:40:34+00:00","breadcrumb":{"@id":"https:\/\/www.vortal.biz\/pt-pt\/cookies-policy\/#breadcrumb"},"inLanguage":"pt-PT","potentialAction":[{"@type":"ReadAction","target":["https:\/\/www.vortal.biz\/pt-pt\/cookies-policy\/"]}]},{"@type":"BreadcrumbList","@id":"https:\/\/www.vortal.biz\/pt-pt\/cookies-policy\/#breadcrumb","itemListElement":[{"@type":"ListItem","position":1,"name":"Home","item":"https:\/\/www.vortal.biz\/pt-pt\/"},{"@type":"ListItem","position":2,"name":"Cookies Policy"}]},{"@type":"WebSite","@id":"https:\/\/www.vortal.biz\/pt-pt\/#website","url":"https:\/\/www.vortal.biz\/pt-pt\/","name":"VORTAL","description":"Connecting Business","potentialAction":[{"@type":"SearchAction","target":{"@type":"EntryPoint","urlTemplate":"https:\/\/www.vortal.biz\/pt-pt\/?s={search_term_string}"},"query-input":"required name=search_term_string"}],"inLanguage":"pt-PT"}]}},"_links":{"self":[{"href":"https:\/\/www.vortal.biz\/pt-pt\/wp-json\/wp\/v2\/pages\/5123"}],"collection":[{"href":"https:\/\/www.vortal.biz\/pt-pt\/wp-json\/wp\/v2\/pages"}],"about":[{"href":"https:\/\/www.vortal.biz\/pt-pt\/wp-json\/wp\/v2\/types\/page"}],"author":[{"embeddable":true,"href":"https:\/\/www.vortal.biz\/pt-pt\/wp-json\/wp\/v2\/users\/5639"}],"replies":[{"embeddable":true,"href":"https:\/\/www.vortal.biz\/pt-pt\/wp-json\/wp\/v2\/comments?post=5123"}],"version-history":[{"count":4,"href":"https:\/\/www.vortal.biz\/pt-pt\/wp-json\/wp\/v2\/pages\/5123\/revisions"}],"predecessor-version":[{"id":9448,"href":"https:\/\/www.vortal.biz\/pt-pt\/wp-json\/wp\/v2\/pages\/5123\/revisions\/9448"}],"wp:attachment":[{"href":"https:\/\/www.vortal.biz\/pt-pt\/wp-json\/wp\/v2\/media?parent=5123"}],"curies":[{"name":"wp","href":"https:\/\/api.w.org\/{rel}","templated":true}]}}