{"id":2581,"date":"2021-01-24T17:06:50","date_gmt":"2021-01-24T17:06:50","guid":{"rendered":"https:\/\/pt.vortal.biz\/?page_id=2581"},"modified":"2024-12-01T00:49:20","modified_gmt":"2024-12-01T00:49:20","slug":"home","status":"publish","type":"page","link":"https:\/\/www.vortal.biz\/pt-pt\/","title":{"rendered":"Home"},"content":{"rendered":"<p><div class=\"fusion-fullwidth fullwidth-box fusion-builder-row-1 fusion-flex-container hundred-percent-fullwidth non-hundred-percent-height-scrolling\" style=\"background-color: #ffffff;background-position: center center;background-repeat: no-repeat;border-width: 0px 0px 0px 0px;border-color:#e2e2e2;border-style:solid;\" ><div class=\"fusion-builder-row fusion-row fusion-flex-align-items-center fusion-flex-justify-content-center\" style=\"width:calc( 100% + 32px ) !important;max-width:calc( 100% + 32px ) !important;margin-left: calc(-32px \/ 2 );margin-right: calc(-32px \/ 2 );\"><div class=\"fusion-layout-column fusion_builder_column fusion-builder-column-0 fusion_builder_column_1_1 1_1 fusion-flex-column fusion-flex-align-self-center\"><div class=\"fusion-column-wrapper fusion-flex-justify-content-center fusion-content-layout-column\" style=\"background-position:left top;background-repeat:no-repeat;-webkit-background-size:cover;-moz-background-size:cover;-o-background-size:cover;background-size:cover;padding: 0px 0px 0px 0px;\"><div class=\"fusion-text fusion-text-1\"><p style=\"text-align: center;\"><strong>Aceda \u00e0 plataforma <a href=\"https:\/\/www.vortal.biz\/pt-pt\/login\/\">aqui<\/a>.<\/strong><\/p>\n<\/div><\/div><style type=\"text\/css\">.fusion-body .fusion-builder-column-0{width:100% !important;margin-top : 0px;margin-bottom : 0px;}.fusion-builder-column-0 > .fusion-column-wrapper {padding-top : 0px !important;padding-right : 0px !important;margin-right : 0px;padding-bottom : 0px !important;padding-left : 0px !important;margin-left : 0px;}@media only screen and (max-width:1024px) {.fusion-body .fusion-builder-column-0{width:100% !important;order : 0;}.fusion-builder-column-0 > .fusion-column-wrapper {margin-right : 0px;margin-left : 0px;}}@media only screen and (max-width:640px) {.fusion-body .fusion-builder-column-0{width:100% !important;order : 0;}.fusion-builder-column-0 > .fusion-column-wrapper {margin-right : 16px;margin-left : 16px;}}<\/style><\/div><\/div><style type=\"text\/css\">.fusion-body .fusion-flex-container.fusion-builder-row-1{ padding-top : 16px;margin-top : 0px;padding-right : 16px;padding-bottom : 0px;margin-bottom : 0px;padding-left : 16px;}<\/style><\/div><div class=\"fusion-fullwidth fullwidth-box fusion-builder-row-2 fusion-flex-container hundred-percent-fullwidth hundred-percent-height hundred-percent-height-center-content non-hundred-percent-height-scrolling\" style=\"background-color: #001529;background-position: center center;background-repeat: no-repeat;border-width: 0px 0px 0px 0px;border-color:#e2e2e2;border-style:solid;\" ><div class=\"fusion-builder-row fusion-row fusion-flex-align-items-stretch fusion-flex-justify-content-center\" style=\"width:calc( 100% + 0px ) !important;max-width:calc( 100% + 0px ) !important;margin-left: calc(-0px \/ 2 );margin-right: calc(-0px \/ 2 );\"><div class=\"fusion-layout-column fusion_builder_column fusion-builder-column-1 fusion_builder_column_1_3 1_3 fusion-flex-column fusion-flex-align-self-stretch fusion-animated\" data-animationType=\"slideInLeft\" data-animationDuration=\"0.5\" data-animationOffset=\"100%\"><div class=\"fusion-column-wrapper fusion-flex-justify-content-center fusion-content-layout-column\" style=\"background-position:left top;background-repeat:no-repeat;-webkit-background-size:cover;-moz-background-size:cover;-o-background-size:cover;background-size:cover;background-color:#ff1744;padding: 20px 20px 20px 20px;\"><\/div><style type=\"text\/css\">.fusion-body .fusion-builder-column-1{width:33.333333333333% !important;margin-top : 0px;margin-bottom : 8px;}.fusion-builder-column-1 > .fusion-column-wrapper {padding-top : 20px !important;padding-right : 20px !important;margin-right : 0px;padding-bottom : 20px !important;padding-left : 20px !important;margin-left : 0px;}@media only screen and (max-width:1024px) {.fusion-body .fusion-builder-column-1{width:33.333333333333% !important;order : 0;}.fusion-builder-column-1 > .fusion-column-wrapper {margin-right : 0px;margin-left : 0px;}}@media only screen and (max-width:640px) {.fusion-body .fusion-builder-column-1{width:100% !important;order : 0;}.fusion-builder-column-1 > .fusion-column-wrapper {margin-right : 0px;margin-left : 0px;}}<\/style><\/div><div class=\"fusion-layout-column fusion_builder_column fusion-builder-column-2 fusion_builder_column_1_3 1_3 fusion-flex-column fusion-flex-align-self-stretch fusion-column-inner-bg-wrapper fusion-animated\" data-animationType=\"slideInLeft\" data-animationDuration=\"1.0\" data-animationOffset=\"100%\"><div class=\"fusion-column-wrapper fusion-flex-justify-content-center fusion-content-layout-column\" style=\"padding: 40px 40px 40px 40px;\" data-bg-url=\"https:\/\/www.vortal.biz\/wp-content\/uploads\/2021\/05\/vortal_buy_better_02.jpg\"><div style=\"text-align:center;\"><span class=\" fusion-imageframe imageframe-none imageframe-1 hover-type-none fusion-animated\" style=\"width:100%;max-width:64px;margin-top:0px;margin-right:0px;margin-bottom:24px;margin-left:0px;\" data-animationType=\"fadeIn\" data-animationDuration=\"3.5\" data-animationOffset=\"100%\"><img decoding=\"async\" title=\"vortal_solutions_buy_better\" src=\"https:\/\/www.vortal.biz\/wp-content\/uploads\/2021\/01\/vortal_solutions_buy_better.svg\" class=\"img-responsive wp-image-87\"\/><\/span><\/div><style type=\"text\/css\">@media only screen and (max-width:1024px) {.fusion-title.fusion-title-1{margin-top:0px!important; margin-right:0px!important;margin-bottom:24px!important;margin-left:0px!important;}}@media only screen and (max-width:640px) {.fusion-title.fusion-title-1{margin-top:10px!important; margin-right:0px!important;margin-bottom:10px!important; margin-left:0px!important;}}<\/style><div class=\"fusion-title title fusion-title-1 fusion-sep-none fusion-title-center fusion-title-text fusion-title-size-one fusion-animated\" style=\"margin-top:0px;margin-right:0px;margin-bottom:24px;margin-left:0px;\" data-animationType=\"fadeIn\" data-animationDuration=\"3.5\" data-animationOffset=\"100%\"><h1 class=\"title-heading-center\" style=\"margin:0;\"><p>Solu\u00e7\u00f5es Para<br \/>\nComprar Melhor<\/p><\/h1><\/div><div class=\"fusion-text fusion-text-2 fusion-animated\" style=\"color:#ffffff;\" data-animationType=\"fadeIn\" data-animationDuration=\"3.5\" data-animationOffset=\"100%\"><p style=\"text-align: center;\">Desenvolvemos solu\u00e7\u00f5es source-to-order para organiza\u00e7\u00f5es p\u00fablicas ou privadas.<\/p>\n<\/div><div style=\"text-align:center;\"><style type=\"text\/css\">.fusion-button.button-1 {border-radius:24px;}<\/style><a class=\"fusion-button button-flat fusion-button-default-size button-default button-1 fusion-button-default-span fusion-button-default-type\" target=\"_self\" href=\"https:\/\/www.vortal.biz\/pt-pt\/buy-better\/\" style=\"margin-top:40px;margin-right:0px;margin-bottom:0px;margin-left:0px;\"><span class=\"fusion-button-text\">Comprar melhor<\/span><\/a><\/div><\/div><span class=\"fusion-column-inner-bg hover-type-zoomin\"><a href=\"https:\/\/www.vortal.biz\/pt-pt\/buy-better\/\"><span class=\"fusion-column-inner-bg-image\" style=\"background-image: url(&#039;https:\/\/www.vortal.biz\/wp-content\/uploads\/2021\/05\/vortal_buy_better_02.jpg&#039;);background-position:left center;background-repeat:no-repeat;-webkit-background-size:cover;-moz-background-size:cover;-o-background-size:cover;background-size:cover;\"><\/span><\/a><\/span><style type=\"text\/css\">.fusion-body .fusion-builder-column-2{width:33.333333333333% !important;margin-top : 0px;margin-bottom : 8px;}.fusion-builder-column-2 > .fusion-column-wrapper {padding-top : 40px !important;padding-right : 40px !important;margin-right : 0px;padding-bottom : 40px !important;padding-left : 40px !important;margin-left : 0px;}.fusion-flex-container .fusion-row .fusion-builder-column-2 > .fusion-column-inner-bg { margin-right:0px;margin-left:0px; }@media only screen and (max-width:1024px) {.fusion-body .fusion-builder-column-2{width:33.333333333333% !important;order : 0;}.fusion-builder-column-2 > .fusion-column-wrapper {margin-right : 0px;margin-left : 0px;}.fusion-flex-container .fusion-row .fusion-builder-column-2 > .fusion-column-inner-bg { margin-right:0px;margin-left:0px; }}@media only screen and (max-width:640px) {.fusion-body .fusion-builder-column-2{width:100% !important;order : 0;}.fusion-builder-column-2 > .fusion-column-wrapper {margin-right : 0px;margin-left : 0px;}.fusion-flex-container .fusion-row .fusion-builder-column-2 > .fusion-column-inner-bg { margin-right:0px;margin-left:0px; }}<\/style><\/div><div class=\"fusion-layout-column fusion_builder_column fusion-builder-column-3 fusion_builder_column_1_3 1_3 fusion-flex-column fusion-flex-align-self-stretch fusion-column-inner-bg-wrapper fusion-animated\" data-animationType=\"slideInLeft\" data-animationDuration=\"1.5\" data-animationOffset=\"100%\"><div class=\"fusion-column-wrapper fusion-flex-justify-content-center fusion-content-layout-column\" style=\"padding: 40px 40px 40px 40px;\" data-bg-url=\"https:\/\/www.vortal.biz\/wp-content\/uploads\/2021\/05\/vortal_sell_more_02.jpg\"><div style=\"text-align:center;\"><span class=\" fusion-imageframe imageframe-none imageframe-2 hover-type-none fusion-animated\" style=\"width:100%;max-width:64px;margin-top:0px;margin-right:0px;margin-bottom:24px;margin-left:0px;\" data-animationType=\"fadeIn\" data-animationDuration=\"4.0\" data-animationOffset=\"100%\"><img decoding=\"async\" title=\"vortal_solutions_sell_more\" src=\"https:\/\/www.vortal.biz\/wp-content\/uploads\/2021\/01\/vortal_solutions_sell_more.svg\" class=\"img-responsive wp-image-93\"\/><\/span><\/div><style type=\"text\/css\">@media only screen and (max-width:1024px) {.fusion-title.fusion-title-2{margin-top:0px!important; margin-right:0px!important;margin-bottom:24px!important;margin-left:0px!important;}}@media only screen and (max-width:640px) {.fusion-title.fusion-title-2{margin-top:10px!important; margin-right:0px!important;margin-bottom:10px!important; margin-left:0px!important;}}<\/style><div class=\"fusion-title title fusion-title-2 fusion-sep-none fusion-title-center fusion-title-text fusion-title-size-one fusion-animated\" style=\"margin-top:0px;margin-right:0px;margin-bottom:24px;margin-left:0px;\" data-animationType=\"fadeIn\" data-animationDuration=\"4.0\" data-animationOffset=\"100%\"><h1 class=\"title-heading-center\" style=\"margin:0;\"><p>Solu\u00e7\u00f5es para<br \/>\nVender Mais<\/p><\/h1><\/div><div class=\"fusion-text fusion-text-3 fusion-animated\" style=\"color:#ffffff;\" data-animationType=\"fadeIn\" data-animationDuration=\"4.0\" data-animationOffset=\"100%\"><p style=\"text-align: center;\">E melhor.<\/p>\n<\/div><div style=\"text-align:center;\"><style type=\"text\/css\">.fusion-button.button-2 {border-radius:24px;}<\/style><a class=\"fusion-button button-flat fusion-button-default-size button-default button-2 fusion-button-default-span fusion-button-default-type\" target=\"_self\" href=\"https:\/\/www.vortal.biz\/pt-pt\/sell-more\/\" style=\"margin-top:40px;margin-right:0px;margin-bottom:0px;margin-left:0px;\"><span class=\"fusion-button-text\">Vender mais<\/span><\/a><\/div><\/div><span class=\"fusion-column-inner-bg hover-type-zoomin\"><a href=\"https:\/\/www.vortal.biz\/pt-pt\/sell-more\/\"><span class=\"fusion-column-inner-bg-image\" style=\"background-image: url(&#039;https:\/\/www.vortal.biz\/wp-content\/uploads\/2021\/05\/vortal_sell_more_02.jpg&#039;);background-position:right center;background-repeat:no-repeat;-webkit-background-size:cover;-moz-background-size:cover;-o-background-size:cover;background-size:cover;\"><\/span><\/a><\/span><style type=\"text\/css\">.fusion-body .fusion-builder-column-3{width:33.333333333333% !important;margin-top : 0px;margin-bottom : 8px;}.fusion-builder-column-3 > .fusion-column-wrapper {padding-top : 40px !important;padding-right : 40px !important;margin-right : 0px;padding-bottom : 40px !important;padding-left : 40px !important;margin-left : 0px;}.fusion-flex-container .fusion-row .fusion-builder-column-3 > .fusion-column-inner-bg { margin-right:0px;margin-left:0px; }@media only screen and (max-width:1024px) {.fusion-body .fusion-builder-column-3{width:33.333333333333% !important;order : 0;}.fusion-builder-column-3 > .fusion-column-wrapper {margin-right : 0px;margin-left : 0px;}.fusion-flex-container .fusion-row .fusion-builder-column-3 > .fusion-column-inner-bg { margin-right:0px;margin-left:0px; }}@media only screen and (max-width:640px) {.fusion-body .fusion-builder-column-3{width:100% !important;order : 0;}.fusion-builder-column-3 > .fusion-column-wrapper {margin-right : 0px;margin-left : 0px;}.fusion-flex-container .fusion-row .fusion-builder-column-3 > .fusion-column-inner-bg { margin-right:0px;margin-left:0px; }}<\/style><\/div><\/div><style type=\"text\/css\">.fusion-body .fusion-flex-container.fusion-builder-row-2{ padding-top : 0px;margin-top : 0px;padding-right : 0px;padding-bottom : 0px;margin-bottom : 0px;padding-left : 0px;}<\/style><\/div><\/p>\n","protected":false},"excerpt":{"rendered":"","protected":false},"author":5639,"featured_media":0,"parent":0,"menu_order":0,"comment_status":"closed","ping_status":"closed","template":"100-width.php","meta":{"footnotes":""},"yoast_head":"<!-- This site is optimized with the Yoast SEO plugin v22.3 - https:\/\/yoast.com\/wordpress\/plugins\/seo\/ -->\n<title>VORTAL | eSourcing e eProcurement<\/title>\n<meta name=\"description\" content=\"A VORTAL \u00e9 l\u00edder mundial em solu\u00e7\u00f5es de eSourcing e eProcurement. O nosso objetivo \u00e9 ajud\u00e1-lo a comprar melhor e a vender mais.\" \/>\n<meta name=\"robots\" content=\"index, follow, max-snippet:-1, max-image-preview:large, max-video-preview:-1\" \/>\n<link rel=\"canonical\" href=\"https:\/\/www.vortal.biz\/pt-pt\/\" \/>\n<meta property=\"og:locale\" content=\"pt_PT\" \/>\n<meta property=\"og:type\" content=\"article\" \/>\n<meta property=\"og:title\" content=\"VORTAL | eSourcing e eProcurement\" \/>\n<meta property=\"og:description\" content=\"A VORTAL \u00e9 l\u00edder mundial em solu\u00e7\u00f5es de eSourcing e eProcurement. O nosso objetivo \u00e9 ajud\u00e1-lo a comprar melhor e a vender mais.\" \/>\n<meta property=\"og:url\" content=\"https:\/\/www.vortal.biz\/pt-pt\/\" \/>\n<meta property=\"og:site_name\" content=\"VORTAL\" \/>\n<meta property=\"article:modified_time\" content=\"2024-12-01T00:49:20+00:00\" \/>\n<meta name=\"twitter:card\" content=\"summary_large_image\" \/>\n<meta name=\"twitter:label1\" content=\"Tempo estimado de leitura\" \/>\n\t<meta name=\"twitter:data1\" content=\"4 minutos\" \/>\n<script type=\"application\/ld+json\" class=\"yoast-schema-graph\">{\"@context\":\"https:\/\/schema.org\",\"@graph\":[{\"@type\":\"WebPage\",\"@id\":\"https:\/\/www.vortal.biz\/pt-pt\/\",\"url\":\"https:\/\/www.vortal.biz\/pt-pt\/\",\"name\":\"VORTAL | eSourcing e eProcurement\",\"isPartOf\":{\"@id\":\"https:\/\/www.vortal.biz\/pt-pt\/#website\"},\"datePublished\":\"2021-01-24T17:06:50+00:00\",\"dateModified\":\"2024-12-01T00:49:20+00:00\",\"description\":\"A VORTAL \u00e9 l\u00edder mundial em solu\u00e7\u00f5es de eSourcing e eProcurement. O nosso objetivo \u00e9 ajud\u00e1-lo a comprar melhor e a vender mais.\",\"breadcrumb\":{\"@id\":\"https:\/\/www.vortal.biz\/pt-pt\/#breadcrumb\"},\"inLanguage\":\"pt-PT\",\"potentialAction\":[{\"@type\":\"ReadAction\",\"target\":[\"https:\/\/www.vortal.biz\/pt-pt\/\"]}]},{\"@type\":\"BreadcrumbList\",\"@id\":\"https:\/\/www.vortal.biz\/pt-pt\/#breadcrumb\",\"itemListElement\":[{\"@type\":\"ListItem\",\"position\":1,\"name\":\"Home\",\"item\":\"https:\/\/www.vortal.biz\/pt-pt\/\"},{\"@type\":\"ListItem\",\"position\":2,\"name\":\"Home\"}]},{\"@type\":\"WebSite\",\"@id\":\"https:\/\/www.vortal.biz\/pt-pt\/#website\",\"url\":\"https:\/\/www.vortal.biz\/pt-pt\/\",\"name\":\"VORTAL\",\"description\":\"Connecting Business\",\"potentialAction\":[{\"@type\":\"SearchAction\",\"target\":{\"@type\":\"EntryPoint\",\"urlTemplate\":\"https:\/\/www.vortal.biz\/pt-pt\/?s={search_term_string}\"},\"query-input\":\"required name=search_term_string\"}],\"inLanguage\":\"pt-PT\"}]}<\/script>\n<!-- \/ Yoast SEO plugin. -->","yoast_head_json":{"title":"VORTAL | eSourcing e eProcurement","description":"A VORTAL \u00e9 l\u00edder mundial em solu\u00e7\u00f5es de eSourcing e eProcurement. O nosso objetivo \u00e9 ajud\u00e1-lo a comprar melhor e a vender mais.","robots":{"index":"index","follow":"follow","max-snippet":"max-snippet:-1","max-image-preview":"max-image-preview:large","max-video-preview":"max-video-preview:-1"},"canonical":"https:\/\/www.vortal.biz\/pt-pt\/","og_locale":"pt_PT","og_type":"article","og_title":"VORTAL | eSourcing e eProcurement","og_description":"A VORTAL \u00e9 l\u00edder mundial em solu\u00e7\u00f5es de eSourcing e eProcurement. O nosso objetivo \u00e9 ajud\u00e1-lo a comprar melhor e a vender mais.","og_url":"https:\/\/www.vortal.biz\/pt-pt\/","og_site_name":"VORTAL","article_modified_time":"2024-12-01T00:49:20+00:00","twitter_card":"summary_large_image","twitter_misc":{"Tempo estimado de leitura":"4 minutos"},"schema":{"@context":"https:\/\/schema.org","@graph":[{"@type":"WebPage","@id":"https:\/\/www.vortal.biz\/pt-pt\/","url":"https:\/\/www.vortal.biz\/pt-pt\/","name":"VORTAL | eSourcing e eProcurement","isPartOf":{"@id":"https:\/\/www.vortal.biz\/pt-pt\/#website"},"datePublished":"2021-01-24T17:06:50+00:00","dateModified":"2024-12-01T00:49:20+00:00","description":"A VORTAL \u00e9 l\u00edder mundial em solu\u00e7\u00f5es de eSourcing e eProcurement. O nosso objetivo \u00e9 ajud\u00e1-lo a comprar melhor e a vender mais.","breadcrumb":{"@id":"https:\/\/www.vortal.biz\/pt-pt\/#breadcrumb"},"inLanguage":"pt-PT","potentialAction":[{"@type":"ReadAction","target":["https:\/\/www.vortal.biz\/pt-pt\/"]}]},{"@type":"BreadcrumbList","@id":"https:\/\/www.vortal.biz\/pt-pt\/#breadcrumb","itemListElement":[{"@type":"ListItem","position":1,"name":"Home","item":"https:\/\/www.vortal.biz\/pt-pt\/"},{"@type":"ListItem","position":2,"name":"Home"}]},{"@type":"WebSite","@id":"https:\/\/www.vortal.biz\/pt-pt\/#website","url":"https:\/\/www.vortal.biz\/pt-pt\/","name":"VORTAL","description":"Connecting Business","potentialAction":[{"@type":"SearchAction","target":{"@type":"EntryPoint","urlTemplate":"https:\/\/www.vortal.biz\/pt-pt\/?s={search_term_string}"},"query-input":"required name=search_term_string"}],"inLanguage":"pt-PT"}]}},"_links":{"self":[{"href":"https:\/\/www.vortal.biz\/pt-pt\/wp-json\/wp\/v2\/pages\/2581"}],"collection":[{"href":"https:\/\/www.vortal.biz\/pt-pt\/wp-json\/wp\/v2\/pages"}],"about":[{"href":"https:\/\/www.vortal.biz\/pt-pt\/wp-json\/wp\/v2\/types\/page"}],"author":[{"embeddable":true,"href":"https:\/\/www.vortal.biz\/pt-pt\/wp-json\/wp\/v2\/users\/5639"}],"replies":[{"embeddable":true,"href":"https:\/\/www.vortal.biz\/pt-pt\/wp-json\/wp\/v2\/comments?post=2581"}],"version-history":[{"count":2,"href":"https:\/\/www.vortal.biz\/pt-pt\/wp-json\/wp\/v2\/pages\/2581\/revisions"}],"predecessor-version":[{"id":9739,"href":"https:\/\/www.vortal.biz\/pt-pt\/wp-json\/wp\/v2\/pages\/2581\/revisions\/9739"}],"wp:attachment":[{"href":"https:\/\/www.vortal.biz\/pt-pt\/wp-json\/wp\/v2\/media?parent=2581"}],"curies":[{"name":"wp","href":"https:\/\/api.w.org\/{rel}","templated":true}]}}