{"id":8447,"date":"2023-03-22T15:46:46","date_gmt":"2023-03-22T15:46:46","guid":{"rendered":"https:\/\/www.vortal.biz\/?page_id=8447"},"modified":"2023-03-23T16:42:45","modified_gmt":"2023-03-23T16:42:45","slug":"top-policies","status":"publish","type":"page","link":"https:\/\/www.vortal.biz\/es\/top-policies\/","title":{"rendered":"Top Policy"},"content":{"rendered":"<div class=\"fusion-fullwidth fullwidth-box fusion-builder-row-1 fusion-flex-container nonhundred-percent-fullwidth non-hundred-percent-height-scrolling fusion-custom-z-index\" style=\"background-color: #ffffff;background-position: center center;background-repeat: no-repeat;border-width: 0px 0px 0px 0px;border-color:#e2e2e2;border-style:solid;\" ><div class=\"fusion-builder-row fusion-row fusion-flex-align-items-flex-start\" style=\"max-width:calc( 1640px + 32px );margin-left: calc(-32px \/ 2 );margin-right: calc(-32px \/ 2 );\"><div class=\"fusion-layout-column fusion_builder_column fusion-builder-column-0 fusion_builder_column_1_4 1_4 fusion-flex-column fusion-flex-align-self-stretch\"><div class=\"fusion-column-wrapper fusion-flex-justify-content-flex-start fusion-content-layout-column\" style=\"background-position:left top;background-repeat:no-repeat;-webkit-background-size:cover;-moz-background-size:cover;-o-background-size:cover;background-size:cover;padding: 0px 0px 0px 0px;\"><\/div><style type=\"text\/css\">.fusion-body .fusion-builder-column-0{width:25% !important;margin-top : 0px;margin-bottom : 0px;}.fusion-builder-column-0 > .fusion-column-wrapper {padding-top : 0px !important;padding-right : 0px !important;margin-right : 16px;padding-bottom : 0px !important;padding-left : 0px !important;margin-left : 16px;}@media only screen and (max-width:1024px) {.fusion-body .fusion-builder-column-0{width:25% !important;order : 0;}.fusion-builder-column-0 > .fusion-column-wrapper {margin-right : 16px;margin-left : 16px;}}@media only screen and (max-width:640px) {.fusion-body .fusion-builder-column-0{width:100% !important;order : 0;}.fusion-builder-column-0 > .fusion-column-wrapper {margin-right : 16px;margin-left : 16px;}}<\/style><\/div><div class=\"fusion-layout-column fusion_builder_column fusion-builder-column-1 fusion_builder_column_1_2 1_2 fusion-flex-column fusion-flex-align-self-stretch\"><div class=\"fusion-column-wrapper fusion-flex-justify-content-center fusion-content-layout-column\" style=\"background-position:left top;background-repeat:no-repeat;-webkit-background-size:cover;-moz-background-size:cover;-o-background-size:cover;background-size:cover;padding: 0px 0px 0px 0px;\"><style type=\"text\/css\">@media only screen and (max-width:1024px) {.fusion-title.fusion-title-1{margin-top:0px!important; margin-right:0px!important;margin-bottom:40px!important;margin-left:0px!important;}}@media only screen and (max-width:640px) {.fusion-title.fusion-title-1{margin-top:10px!important; margin-right:0px!important;margin-bottom:10px!important; margin-left:0px!important;}}<\/style><div class=\"fusion-title title fusion-title-1 fusion-sep-none fusion-title-center fusion-title-text fusion-title-size-three\" style=\"margin-top:0px;margin-right:0px;margin-bottom:40px;margin-left:0px;\"><h3 class=\"title-heading-center\" style=\"margin:0;\">Pol\u00edtica de Calidad<\/h3><\/div><div class=\"fusion-text fusion-text-1\" style=\"line-height:2;\"><p>La pol\u00edtica de calidad de VORTAL es una orientaci\u00f3n colectiva de la empresa emanada (producida) por su direcci\u00f3n y liderazgo, orientada a la superaci\u00f3n de las expectativas de nuestros clientes y a la mejora continua del sistema de calidad, mediante la revisi\u00f3n de objetivos, el cumplimiento de requisitos (de clientes, sistemas de gesti\u00f3n y legales) y la adaptaci\u00f3n a las necesidades y expectativas de nuestros clientes. Esta orientaci\u00f3n se refleja en nuestras actitudes, procedimientos y control centrados en las actividades directamente relacionadas con la prestaci\u00f3n de servicios al cliente.<\/p>\n<p><strong>Nuestros valores<\/strong><\/p>\n<p>Nuestros valores son las l\u00edneas que definen nuestras acciones y nuestros comportamientos en el d\u00eda a d\u00eda. Preservando el pasado y honrando el futuro. Que son:<\/p>\n<p><strong>INTEGRIDAD<\/strong><\/p>\n<p>Actuamos bas\u00e1ndonos en nuestros principios: decimos con franqueza lo que pensamos y hacemos lo que decimos.<br \/>Nos abstenemos de cualquier acci\u00f3n que pueda avergonzarnos.<br \/>Decidimos bas\u00e1ndonos en nuestros m\u00e9ritos.<\/p>\n<p><strong>ORIENTACI\u00d3N AL CLIENTE<\/strong><\/p>\n<p>Basamos nuestra actividad en la calidad y la generaci\u00f3n de valor, claramente percibidos por el cliente.<br \/>Actuamos con agilidad y optimizando los recursos.<br \/>Trabajamos para mantener continuamente la seguridad de la informaci\u00f3n del cliente en los sistemas transaccionales.<br \/>Trabajamos donde sea m\u00e1s conveniente para nuestros clientes.<br \/>Lo que hacemos, lo hacemos para la satisfacci\u00f3n final y continua de nuestros clientes.<\/p>\n<p><strong>ESP\u00cdRITU DE EQUIPO<\/strong><\/p>\n<p>Trabajamos en equipo, promoviendo la participaci\u00f3n y la ayuda mutua, aumentando el valor de la entrega.<br \/>Comprometidos con el \u00e9xito, actuamos con responsabilidad y disciplina.<\/p>\n<p><strong>CREATIVIDAD E INNOVACI\u00d3N<\/strong><\/p>\n<p>Promovemos el intercambio de ideas y el pensamiento creativo para desarrollar nuevas soluciones, animando a asumir riesgos con sentido com\u00fan y pragmatismo.<br \/>Asumimos una actitud innovadora ante todos los retos, evaluando e incorporando riesgos conscientemente.<\/p>\n<p><strong>TALENTO Y SENCILLEZ<\/strong><\/p>\n<p>Creemos que la fuerza motriz para lograr nuestrso objetivos es contar con los mejores talentos.<br \/>Gestionamos eficazmente nuestros talentos, capacit\u00e1ndolos para afrontar retos y buscar el conocimiento y la mejora constante.<br \/>Demostramos nuestro talento con la sencillez de nuestras soluciones.<\/p>\n<p><strong>RESPETO A LA DIVERSIDAD<\/strong><\/p>\n<p>Al entrar en contacto con realidades culturales diferentes, en consonancia con nuestro patr\u00f3n de referencia, las respetamos y nos adaptamos a ellas.<br \/>Afrontamos el pensamiento diferente con naturalidad, y lo tomamos en consideraci\u00f3n para la mejora continua de nuestra organizaci\u00f3n.<\/p>\n<p>Lisboa, agosto de 2022<\/p>\n<p>CEO<br \/><strong>Jorge Macara<\/strong><\/p>\n<\/div><\/div><style type=\"text\/css\">.fusion-body .fusion-builder-column-1{width:50% !important;margin-top : 0px;margin-bottom : 0px;}.fusion-builder-column-1 > .fusion-column-wrapper {padding-top : 0px !important;padding-right : 0px !important;margin-right : 0px;padding-bottom : 0px !important;padding-left : 0px !important;margin-left : 0px;}@media only screen and (max-width:1024px) {.fusion-body .fusion-builder-column-1{width:50% !important;order : 0;}.fusion-builder-column-1 > .fusion-column-wrapper {margin-right : 0px;margin-left : 0px;}}@media only screen and (max-width:640px) {.fusion-body .fusion-builder-column-1{width:100% !important;order : 0;}.fusion-builder-column-1 > .fusion-column-wrapper {margin-right : 16px;margin-left : 16px;}}<\/style><\/div><div class=\"fusion-layout-column fusion_builder_column fusion-builder-column-2 fusion_builder_column_1_4 1_4 fusion-flex-column\"><div class=\"fusion-column-wrapper fusion-flex-justify-content-flex-start fusion-content-layout-column\" style=\"background-position:left top;background-repeat:no-repeat;-webkit-background-size:cover;-moz-background-size:cover;-o-background-size:cover;background-size:cover;padding: 0px 0px 0px 0px;\"><\/div><style type=\"text\/css\">.fusion-body .fusion-builder-column-2{width:25% !important;margin-top : 0px;margin-bottom : 0px;}.fusion-builder-column-2 > .fusion-column-wrapper {padding-top : 0px !important;padding-right : 0px !important;margin-right : 16px;padding-bottom : 0px !important;padding-left : 0px !important;margin-left : 16px;}@media only screen and (max-width:1024px) {.fusion-body .fusion-builder-column-2{width:25% !important;order : 0;}.fusion-builder-column-2 > .fusion-column-wrapper {margin-right : 16px;margin-left : 16px;}}@media only screen and (max-width:640px) {.fusion-body .fusion-builder-column-2{width:100% !important;order : 0;}.fusion-builder-column-2 > .fusion-column-wrapper {margin-right : 16px;margin-left : 16px;}}<\/style><\/div><\/div><style type=\"text\/css\">.fusion-fullwidth.fusion-builder-row-1 { z-index:1 !important; }.fusion-body .fusion-flex-container.fusion-builder-row-1{ padding-top : 104px;margin-top : 0px;padding-right : 16px;padding-bottom : 104px;margin-bottom : 0px;padding-left : 16px;}<\/style><\/div>\n","protected":false},"excerpt":{"rendered":"","protected":false},"author":3,"featured_media":0,"parent":0,"menu_order":0,"comment_status":"closed","ping_status":"closed","template":"100-width.php","meta":{"footnotes":""},"yoast_head":"<!-- This site is optimized with the Yoast SEO plugin v22.3 - https:\/\/yoast.com\/wordpress\/plugins\/seo\/ -->\n<title>Top Policy - VORTAL<\/title>\n<meta name=\"robots\" content=\"index, follow, max-snippet:-1, max-image-preview:large, max-video-preview:-1\" \/>\n<link rel=\"canonical\" href=\"https:\/\/www.vortal.biz\/es\/top-policies\/\" \/>\n<meta property=\"og:locale\" content=\"es_ES\" \/>\n<meta property=\"og:type\" content=\"article\" \/>\n<meta property=\"og:title\" content=\"Top Policy - VORTAL\" \/>\n<meta property=\"og:url\" content=\"https:\/\/www.vortal.biz\/es\/top-policies\/\" \/>\n<meta property=\"og:site_name\" content=\"VORTAL\" \/>\n<meta property=\"article:modified_time\" content=\"2023-03-23T16:42:45+00:00\" \/>\n<meta name=\"twitter:card\" content=\"summary_large_image\" \/>\n<meta name=\"twitter:label1\" content=\"Tiempo de lectura\" \/>\n\t<meta name=\"twitter:data1\" content=\"4 minutos\" \/>\n<script type=\"application\/ld+json\" class=\"yoast-schema-graph\">{\"@context\":\"https:\/\/schema.org\",\"@graph\":[{\"@type\":\"WebPage\",\"@id\":\"https:\/\/www.vortal.biz\/es\/top-policies\/\",\"url\":\"https:\/\/www.vortal.biz\/es\/top-policies\/\",\"name\":\"Top Policy - VORTAL\",\"isPartOf\":{\"@id\":\"https:\/\/www.vortal.biz\/pt-pt\/#website\"},\"datePublished\":\"2023-03-22T15:46:46+00:00\",\"dateModified\":\"2023-03-23T16:42:45+00:00\",\"breadcrumb\":{\"@id\":\"https:\/\/www.vortal.biz\/es\/top-policies\/#breadcrumb\"},\"inLanguage\":\"es\",\"potentialAction\":[{\"@type\":\"ReadAction\",\"target\":[\"https:\/\/www.vortal.biz\/es\/top-policies\/\"]}]},{\"@type\":\"BreadcrumbList\",\"@id\":\"https:\/\/www.vortal.biz\/es\/top-policies\/#breadcrumb\",\"itemListElement\":[{\"@type\":\"ListItem\",\"position\":1,\"name\":\"Home\",\"item\":\"https:\/\/www.vortal.biz\/es\/\"},{\"@type\":\"ListItem\",\"position\":2,\"name\":\"Top Policy\"}]},{\"@type\":\"WebSite\",\"@id\":\"https:\/\/www.vortal.biz\/pt-pt\/#website\",\"url\":\"https:\/\/www.vortal.biz\/pt-pt\/\",\"name\":\"VORTAL\",\"description\":\"Connecting Business\",\"potentialAction\":[{\"@type\":\"SearchAction\",\"target\":{\"@type\":\"EntryPoint\",\"urlTemplate\":\"https:\/\/www.vortal.biz\/pt-pt\/?s={search_term_string}\"},\"query-input\":\"required name=search_term_string\"}],\"inLanguage\":\"es\"}]}<\/script>\n<!-- \/ Yoast SEO plugin. -->","yoast_head_json":{"title":"Top Policy - VORTAL","robots":{"index":"index","follow":"follow","max-snippet":"max-snippet:-1","max-image-preview":"max-image-preview:large","max-video-preview":"max-video-preview:-1"},"canonical":"https:\/\/www.vortal.biz\/es\/top-policies\/","og_locale":"es_ES","og_type":"article","og_title":"Top Policy - VORTAL","og_url":"https:\/\/www.vortal.biz\/es\/top-policies\/","og_site_name":"VORTAL","article_modified_time":"2023-03-23T16:42:45+00:00","twitter_card":"summary_large_image","twitter_misc":{"Tiempo de lectura":"4 minutos"},"schema":{"@context":"https:\/\/schema.org","@graph":[{"@type":"WebPage","@id":"https:\/\/www.vortal.biz\/es\/top-policies\/","url":"https:\/\/www.vortal.biz\/es\/top-policies\/","name":"Top Policy - VORTAL","isPartOf":{"@id":"https:\/\/www.vortal.biz\/pt-pt\/#website"},"datePublished":"2023-03-22T15:46:46+00:00","dateModified":"2023-03-23T16:42:45+00:00","breadcrumb":{"@id":"https:\/\/www.vortal.biz\/es\/top-policies\/#breadcrumb"},"inLanguage":"es","potentialAction":[{"@type":"ReadAction","target":["https:\/\/www.vortal.biz\/es\/top-policies\/"]}]},{"@type":"BreadcrumbList","@id":"https:\/\/www.vortal.biz\/es\/top-policies\/#breadcrumb","itemListElement":[{"@type":"ListItem","position":1,"name":"Home","item":"https:\/\/www.vortal.biz\/es\/"},{"@type":"ListItem","position":2,"name":"Top Policy"}]},{"@type":"WebSite","@id":"https:\/\/www.vortal.biz\/pt-pt\/#website","url":"https:\/\/www.vortal.biz\/pt-pt\/","name":"VORTAL","description":"Connecting Business","potentialAction":[{"@type":"SearchAction","target":{"@type":"EntryPoint","urlTemplate":"https:\/\/www.vortal.biz\/pt-pt\/?s={search_term_string}"},"query-input":"required name=search_term_string"}],"inLanguage":"es"}]}},"_links":{"self":[{"href":"https:\/\/www.vortal.biz\/es\/wp-json\/wp\/v2\/pages\/8447"}],"collection":[{"href":"https:\/\/www.vortal.biz\/es\/wp-json\/wp\/v2\/pages"}],"about":[{"href":"https:\/\/www.vortal.biz\/es\/wp-json\/wp\/v2\/types\/page"}],"author":[{"embeddable":true,"href":"https:\/\/www.vortal.biz\/es\/wp-json\/wp\/v2\/users\/3"}],"replies":[{"embeddable":true,"href":"https:\/\/www.vortal.biz\/es\/wp-json\/wp\/v2\/comments?post=8447"}],"version-history":[{"count":0,"href":"https:\/\/www.vortal.biz\/es\/wp-json\/wp\/v2\/pages\/8447\/revisions"}],"wp:attachment":[{"href":"https:\/\/www.vortal.biz\/es\/wp-json\/wp\/v2\/media?parent=8447"}],"curies":[{"name":"wp","href":"https:\/\/api.w.org\/{rel}","templated":true}]}}