{"id":5155,"date":"2021-02-05T16:46:11","date_gmt":"2021-02-05T16:46:11","guid":{"rendered":"https:\/\/www.vortal.biz\/?page_id=5155"},"modified":"2024-08-26T13:40:02","modified_gmt":"2024-08-26T13:40:02","slug":"terms-of-use","status":"publish","type":"page","link":"https:\/\/www.vortal.biz\/es\/terms-of-use\/","title":{"rendered":"Terms of Use"},"content":{"rendered":"<div class=\"fusion-fullwidth fullwidth-box fusion-builder-row-1 fusion-flex-container nonhundred-percent-fullwidth non-hundred-percent-height-scrolling fusion-custom-z-index\" style=\"background-color: #ffffff;background-position: center center;background-repeat: no-repeat;border-width: 0px 0px 0px 0px;border-color:#e2e2e2;border-style:solid;\" ><div class=\"fusion-builder-row fusion-row fusion-flex-align-items-flex-start\" style=\"max-width:calc( 1640px + 32px );margin-left: calc(-32px \/ 2 );margin-right: calc(-32px \/ 2 );\"><div class=\"fusion-layout-column fusion_builder_column fusion-builder-column-0 fusion_builder_column_1_4 1_4 fusion-flex-column fusion-flex-align-self-stretch\"><div class=\"fusion-column-wrapper fusion-flex-justify-content-flex-start fusion-content-layout-column\" style=\"background-position:left top;background-repeat:no-repeat;-webkit-background-size:cover;-moz-background-size:cover;-o-background-size:cover;background-size:cover;padding: 0px 0px 0px 0px;\"><\/div><style type=\"text\/css\">.fusion-body .fusion-builder-column-0{width:25% !important;margin-top : 0px;margin-bottom : 0px;}.fusion-builder-column-0 > .fusion-column-wrapper {padding-top : 0px !important;padding-right : 0px !important;margin-right : 16px;padding-bottom : 0px !important;padding-left : 0px !important;margin-left : 16px;}@media only screen and (max-width:1024px) {.fusion-body .fusion-builder-column-0{width:25% !important;order : 0;}.fusion-builder-column-0 > .fusion-column-wrapper {margin-right : 16px;margin-left : 16px;}}@media only screen and (max-width:640px) {.fusion-body .fusion-builder-column-0{width:100% !important;order : 0;}.fusion-builder-column-0 > .fusion-column-wrapper {margin-right : 16px;margin-left : 16px;}}<\/style><\/div><div class=\"fusion-layout-column fusion_builder_column fusion-builder-column-1 fusion_builder_column_1_2 1_2 fusion-flex-column fusion-flex-align-self-stretch\"><div class=\"fusion-column-wrapper fusion-flex-justify-content-center fusion-content-layout-column\" style=\"background-position:left top;background-repeat:no-repeat;-webkit-background-size:cover;-moz-background-size:cover;-o-background-size:cover;background-size:cover;padding: 0px 0px 0px 0px;\"><style type=\"text\/css\">@media only screen and (max-width:1024px) {.fusion-title.fusion-title-1{margin-top:0px!important; margin-right:0px!important;margin-bottom:40px!important;margin-left:0px!important;}}@media only screen and (max-width:640px) {.fusion-title.fusion-title-1{margin-top:10px!important; margin-right:0px!important;margin-bottom:10px!important; margin-left:0px!important;}}<\/style><div class=\"fusion-title title fusion-title-1 fusion-sep-none fusion-title-center fusion-title-text fusion-title-size-three\" style=\"margin-top:0px;margin-right:0px;margin-bottom:40px;margin-left:0px;\"><h3 class=\"title-heading-center\" style=\"margin:0;\">T\u00e9rminos De Uso<\/h3><\/div><div class=\"fusion-text fusion-text-1\" style=\"line-height:2;\"><p>CONSTITUYEN OBLIGACIONES DEL CLIENTE Y USUARIOS PARA CON VORTAL: <\/p>\n<p>a) Transmitir de forma exacta y correcta la informaci\u00f3n solicitada en el momento de la adhesi\u00f3n al servicio o PLATAFORMA, as\u00ed como en cualquier interacci\u00f3n o contacto con VORTAL, siendo que la omisi\u00f3n o inexactitud de las informaciones prestadas por el CLIENTE son de su entera responsabilidad; <\/p>\n<p>b) Cumplir y hacer cumplir a sus representantes y USUARIOS la utilizaci\u00f3n de PLATAFORMA en el marco de los servicios acordados o suscritos, de acuerdo con las indicaciones y con los procedimientos t\u00e9cnicos o limitaciones transmitidas por VORTAL; <\/p>\n<p>c) Mantener correcta y actualizada la lista de representantes \/ usuarios del CLIENTE, con la redundancia necesaria para mantener la autonom\u00eda en la gesti\u00f3n de usuarios y autorizaciones, as\u00ed como la actualizaci\u00f3n de los datos de la empresa y los respetuosos usuarios, que utilizan las PLATAFORMAS, y actuar prontamente en la inhibici\u00f3n del acceso y la solicitud de revocaci\u00f3n del certificado cuando procede en caso de cese de relaci\u00f3n entre el CLIENTE y alguno de sus representantes y usuarios de la PLATAFORMA; <\/p>\n<p>d) No enviar o transmitir a trav\u00e9s de PLATAFORMA informaci\u00f3n ilegal, difamatoria o enga\u00f1osa; <\/p>\n<p>e) Utilizar el acceso a los servicios o a la informaci\u00f3n contenida en la PLATAFORMA con el cumplimiento de las Condiciones Generales de Adhesi\u00f3n (y otras Condiciones Particulares aplicables o acordadas), respetando la Ley, en particular los derechos de personalidad y de propiedad intelectual, as\u00ed como los principios de orden p\u00fablica, buenas costumbres y buenas pr\u00e1cticas comerciales, as\u00ed como Leyes y decretos aplicables; <\/p>\n<p>f) No utilizar ninguna tecnolog\u00eda que permita acceder, o intentar acceder, a trav\u00e9s de PLATAFORMA, a canales, secciones, comunicaciones o documentos codificados o protegidos por nombre de usuario y palabra clave, certificado digital u otros c\u00f3digos secretos; <\/p>\n<p>g) No poner en peligro la seguridad de la red, en particular mediante el env\u00edo o transmisi\u00f3n de virus, worms u otros bugs a trav\u00e9s de PLATAFORMA u otras t\u00e9cnicas que puedan afectar su rendimiento; <\/p>\n<p>h) En el caso de que se trate de un sistema de gesti\u00f3n de la calidad, se debe tener en cuenta que, no accediendo simult\u00e1neamente con el mismo USUARIO en navegadores de Internet diferentes en la misma cuenta; no editando simult\u00e1neamente el mismo objeto en PLATAFORMA con dos UTILIZADORES distintos; <\/p>\n<p>i) No adjuntar archivos con extensiones no soportadas y constantes en la lista negra de extensiones, publicada en la ventana de anexi\u00f3n de la plataforma y que se informan aqu\u00ed de forma ejemplificativa: bat, reg, vbs, com, dll, exe, swf, ascx, asmx, asp, aspx, eml, htc, htm, html, ini, js, pif, wsdl, wsml; <\/p>\n<p>j) No divulgar el contenido, condiciones, procedimientos t\u00e9cnicos o documentaci\u00f3n entregada por VORTAL directa o indirectamente relacionada con los servicios; <\/p>\n<p>k) No reproducir la informaci\u00f3n consultada o accedida, sea por su forma, sin autorizaci\u00f3n e indicaci\u00f3n o referencia expresa a la PLATAFORMA, o comercializ\u00e1ndola, sea por la forma; <\/p>\n<p>l) Mantener el secretismo e intransferibilidad del nombre individual, de usuario y de la palabra clave, clave privada de los certificados digitales u otros c\u00f3digos secretos y asegurar su no comunicaci\u00f3n, copia o divulgaci\u00f3n, cualquiera que sea el medio empleado; <\/p>\n<p>m) Comunicar, en el plazo m\u00e1ximo de 24 horas, la anomal\u00eda o ilicitud de que haya tenido conocimiento, la p\u00e9rdida, transmisi\u00f3n o cualquier violaci\u00f3n de su nombre de usuario, palabra clave, clave privada, cualquier otro c\u00f3digo secreto o cualquier dato que se comprometa a no divulgar. <\/p>\n<p>n) Proporcionar, libres de cualquier carga, y de conformidad con las normas legales u otras eventualmente aplicables, el contenido de los anuncios (banners, botones u otros), marcas, logotipos u otros destaques que se publicar\u00e1n en la PLATAFORMA y que son de la total responsabilidad del CLIENTE, reserv\u00e1ndose a VORTAL el derecho de retirada inmediata de dichos contenidos de su PLATAFORMA, en particular mediante decisi\u00f3n judicial, decisi\u00f3n equivalente tomada por entidad con competencia a tal efecto o aut\u00f3nomamente cuando se detecte la violaci\u00f3n de las presentes Condiciones; <\/p>\n<p>o) Anticipar las acciones en PLATAFORMA, principalmente las que tengan que ocurrir dentro de un plazo establecido, como forma preventiva de no comprometer los plazos aplicables, considerando, por ejemplo, que los plazos medios para activaci\u00f3n de servicios y emisi\u00f3n de certificados para autenticaci\u00f3n es de 48h \u00fatil; <\/p>\n<p>p) Considerar la consulta de informaci\u00f3n en PLATAFORMA como medio preferencial en virtud de que el env\u00edo de emails autom\u00e1ticos est\u00e9 sujeto a diversos factores que pueden influir en su entrega en el destinatario (buz\u00f3n lleno, bloqueo a trav\u00e9s del antivirus, programas espec\u00edficos de bloqueo de spam, considerado basura, etc.); <\/p>\n<p>q) Reconocer que una vez que el env\u00edo de emails autom\u00e1ticos est\u00e9 sujeto a diversos factores que pueden influir en su entrega en el destinatario y si no recibe los correos electr\u00f3nicos autom\u00e1ticos de activaci\u00f3n de usuario y confirmaci\u00f3n de pedido de la Tienda Online en un plazo m\u00e1ximo de 24 horas, deber\u00e1 ponerse en contacto con Vortal. <\/p>\n<p>r) Reconocer que el env\u00edo de correos electr\u00f3nicos autom\u00e1ticos de alertas sobre las notificaciones en PLATAFORMA es una funcionalidad redundante y se env\u00eda s\u00f3lo a una direcci\u00f3n de correo electr\u00f3nico cuya correcta definici\u00f3n y actualizaci\u00f3n es responsabilidad del CLIENTE y el USUARIO responsable debe acceder a la PLATAFORMA y proceder a su actualizaci\u00f3n, si procede; <\/p>\n<p>s) Reconocer que cualquier contador de tiempo presentado en la plataforma (contador decreciente, barra cronol\u00f3gica, etc.) es \u00fanicamente indicativo, debiendo el usuario validar en detalle del procedimiento, proceso, concurso u otro la fecha correspondiente, teniendo el USUARIO, adicionalmente, la posibilidad de consultar las horas en UTC (tiempo universal coordinado); <\/p>\n<p>t) Reconocer que todas las fechas presentadas en la PLATAFORMA est\u00e1n de acuerdo con la zona horaria definida por el USUARIO, siendo que el usuario siempre tiene la posibilidad de consultar las horas en UTC (Tiempo Universal Coordinado); <\/p>\n<p>u) Reconocer que el CLIENTE y USUARIO es responsable de la informaci\u00f3n que publica sobre su Entidad, y no debe publicar informaci\u00f3n de contenido enga\u00f1oso, injurias, racista, sexual, pol\u00edtico, moral o \u00e9tico; <\/p>\n<p>v) Reconoce que la aceptaci\u00f3n de estos t\u00e9rminos de uso implica la aceptaci\u00f3n de la publicaci\u00f3n de datos sobre su ENTIDAD para, por ejemplo, la inclusi\u00f3n de su empresa en el sistema de clasificaci\u00f3n existente, informaci\u00f3n sobre la fecha del \u00faltimo premio o la fecha de env\u00edo de la \u00faltima propuesta, entre otras; <\/p>\n<p>\u200bw) Reconocer la aceptaci\u00f3n de la implementaci\u00f3n por parte de VORTAL de los controles que \u00e9sta determine como necesarios, como resultado de an\u00e1lisis efectuados en el marco de los sistemas de gesti\u00f3n de la seguridad de la informaci\u00f3n y la continuidad de negocio (en particular, an\u00e1lisis de riesgos, perfiles de utilizaci\u00f3n, gesti\u00f3n de reclamaciones, gesti\u00f3n de incidentes y respectos impactos), para apoyar a los UTILIZADORES de la PLATAFORMA a garantizar en sus acciones en la plataforma, el cumplimiento de algunas de las disposiciones establecidas en la legislaci\u00f3n; <\/p>\n<p>x) Reconocer que el sistema de ranking de Vortal no califica, no distingue, no beneficia a las empresas, s\u00f3lo define criterios de informaci\u00f3n y calificaci\u00f3n, definiendo ratios y ponderaciones para las empresas que la PLATAFORMA \u00abpunt\u00faa\u00bb; <\/p>\n<p>y) Reconocer que el CLIENTE tiene disponible una herramienta online de apoyo al uso de la plataforma, en la que podr\u00e1 aclarar dudas de utilizaci\u00f3n; <\/p>\n<p>z) Reconocer, si es applicable y si no se acuerda diferente, que despu\u00e9s de efectuar la compra de cualquier servicio en la Tienda Online, los servicios correspondientes s\u00f3lo quedar\u00e1n activos mediante pago o acuerdo de d\u00e9bito directo; <\/p>\n<p>aa) Reconocer que es responsable de la veracidad de la informaci\u00f3n transmitida durante el registro; <\/p>\n<p>bb) Reconocer que es responsable, cuando sea aplicable, por la creaci\u00f3n \/ aceptaci\u00f3n \/ actualizaci\u00f3n de solicitudes de acceso y respectiva gesti\u00f3n de accesos y perfiles, permanentes o temporales, de todos los usuarios con acceso a su cuenta \/ Entidad, debiendo para ello realizar todas las diligencias necesarias para la correcta identificaci\u00f3n de los usuarios; <\/p>\n<p>cc) Garantizar el correcto cierre de su sesi\u00f3n de trabajo cuando efect\u00fae \u00abSalir\u00bb de la plataforma, confirmando el \u00e9xito del mismo a nivel de las diferentes aplicaciones; <\/p>\n<p>dd) Reconocer que es responsable de aceptar la revisi\u00f3n de los t\u00e9rminos que ser\u00e1 transmitida por VORTAL a trav\u00e9s de diversos medios (plataforma y \/ o e-mail y \/ o newsletter), as\u00ed como estar\u00e1 disponible permanentemente a trav\u00e9s de la direcci\u00f3n a pie de p\u00e1gina en la PLATAFORMA y \/ o de la p\u00e1gina es.vortal.biz; <\/p>\n<p>ee) En el caso de la aplicaci\u00f3n de la PLATAFORMA, se debe considerar que la velocidad de Internet contratada y \/ o el ancho de banda disponible en el momento de la acci\u00f3n, puede constituirse como factores influyentes en el desempe\u00f1o de la PLATAFORMA, ya que con la PLATAFORMA, interact\u00faan varios factores locales, como el ordenador, la red de usuario del usuario, el ancho de banda, sobre los que VORTAL no tiene responsabilidad y por consiguiente, forma de supervisarlos, as\u00ed como de la combinaci\u00f3n de sistemas operativos, navegadores de Internet y otros componentes de acuerdo con la lista publicada y actualizada en la p\u00e1gina es.vortal.biz; <\/p>\n<p>ff) Reconoce que el uso de la plataforma implica el uso de cookies de acuerdo con la Pol\u00edtica de Cookies de VORTAL. <\/p>\n<p>gg) Reconocer y aceptar expresamente que VORTAL podr\u00e1 utilizar los contactos proporcionados en el marco de la prestaci\u00f3n de servicios con fines comerciales y de presentaci\u00f3n de productos y servicios relacionados con los servicios suscritos, en cuyo caso el CLIENTE no pretenda que VORTAL utilice estos datos para los fines , deber\u00e1 enviar un e-mail a privacidade@vortal.es en el que indique expresamente su no consentimiento para la recepci\u00f3n de informaci\u00f3n con fines comerciales, pudiendo hacerlo a trav\u00e9s de las plataformas de comunicaci\u00f3n y marketing utilizadas por VORTAL a trav\u00e9s funcionalidad de \u00abQuitar la suscripci\u00f3n\u00bb o similar. <\/p>\n<p>hh) Inf\u00f3rmese de los contactos de VORTAL: <\/p>\n<p>PORTUGAL\/GENERAL<br \/>\nEmpresa: VORTAL \u2013 Com. Electr\u00f3nico, Consultar. y Multimedia SA<br \/>\nSede: Centro Comercial Brasilia \u2013 Pra\u00e7a Mouzinho de Albuquerque, n\u00ba 113, 5\u00ba, 4100 359 Porto<br \/>\nTel\u00e9fono: 707 202 712<br \/>\nCorreo electr\u00f3nico: info@vortal.biz <\/p>\n<p>ESPA\u00d1A<br \/>\nEmpresa: VORTAL Connecting Business, SA<br \/>\nSede: Jos\u00e9 Echegaray, 8 \u2013 Planta edificio 3 | Parque Empresarial Alvia, 28232 Las Rozas \u2013 Madrid \u2013 Espa\u00f1a<br \/>\nTel\u00e9fono: +34 917 89 65 57<br \/>\nCorreo electr\u00f3nico: info@vortal.biz<\/p>\n<\/div><\/div><style type=\"text\/css\">.fusion-body .fusion-builder-column-1{width:50% !important;margin-top : 0px;margin-bottom : 0px;}.fusion-builder-column-1 > .fusion-column-wrapper {padding-top : 0px !important;padding-right : 0px !important;margin-right : 0px;padding-bottom : 0px !important;padding-left : 0px !important;margin-left : 0px;}@media only screen and (max-width:1024px) {.fusion-body .fusion-builder-column-1{width:50% !important;order : 0;}.fusion-builder-column-1 > .fusion-column-wrapper {margin-right : 0px;margin-left : 0px;}}@media only screen and (max-width:640px) {.fusion-body .fusion-builder-column-1{width:100% !important;order : 0;}.fusion-builder-column-1 > .fusion-column-wrapper {margin-right : 16px;margin-left : 16px;}}<\/style><\/div><div class=\"fusion-layout-column fusion_builder_column fusion-builder-column-2 fusion_builder_column_1_4 1_4 fusion-flex-column\"><div class=\"fusion-column-wrapper fusion-flex-justify-content-flex-start fusion-content-layout-column\" style=\"background-position:left top;background-repeat:no-repeat;-webkit-background-size:cover;-moz-background-size:cover;-o-background-size:cover;background-size:cover;padding: 0px 0px 0px 0px;\"><\/div><style type=\"text\/css\">.fusion-body .fusion-builder-column-2{width:25% !important;margin-top : 0px;margin-bottom : 0px;}.fusion-builder-column-2 > .fusion-column-wrapper {padding-top : 0px !important;padding-right : 0px !important;margin-right : 16px;padding-bottom : 0px !important;padding-left : 0px !important;margin-left : 16px;}@media only screen and (max-width:1024px) {.fusion-body .fusion-builder-column-2{width:25% !important;order : 0;}.fusion-builder-column-2 > .fusion-column-wrapper {margin-right : 16px;margin-left : 16px;}}@media only screen and (max-width:640px) {.fusion-body .fusion-builder-column-2{width:100% !important;order : 0;}.fusion-builder-column-2 > .fusion-column-wrapper {margin-right : 16px;margin-left : 16px;}}<\/style><\/div><\/div><style type=\"text\/css\">.fusion-fullwidth.fusion-builder-row-1 { z-index:1 !important; }.fusion-body .fusion-flex-container.fusion-builder-row-1{ padding-top : 104px;margin-top : 0px;padding-right : 16px;padding-bottom : 104px;margin-bottom : 0px;padding-left : 16px;}<\/style><\/div>\n","protected":false},"excerpt":{"rendered":"","protected":false},"author":5639,"featured_media":0,"parent":0,"menu_order":0,"comment_status":"closed","ping_status":"closed","template":"100-width.php","meta":{"footnotes":""},"yoast_head":"<!-- This site is optimized with the Yoast SEO plugin v22.3 - https:\/\/yoast.com\/wordpress\/plugins\/seo\/ -->\n<title>T\u00e9rminos de uso | VORTAL<\/title>\n<meta name=\"description\" content=\"T\u00e9rminos de Uso de VORTAL.\" \/>\n<meta name=\"robots\" content=\"index, follow, max-snippet:-1, max-image-preview:large, max-video-preview:-1\" \/>\n<link rel=\"canonical\" href=\"https:\/\/www.vortal.biz\/es\/terms-of-use\/\" \/>\n<meta property=\"og:locale\" content=\"es_ES\" \/>\n<meta property=\"og:type\" content=\"article\" \/>\n<meta property=\"og:title\" content=\"T\u00e9rminos de uso | VORTAL\" \/>\n<meta property=\"og:description\" content=\"T\u00e9rminos de Uso de VORTAL.\" \/>\n<meta property=\"og:url\" content=\"https:\/\/www.vortal.biz\/es\/terms-of-use\/\" \/>\n<meta property=\"og:site_name\" content=\"VORTAL\" \/>\n<meta property=\"article:modified_time\" content=\"2024-08-26T13:40:02+00:00\" \/>\n<meta name=\"twitter:card\" content=\"summary_large_image\" \/>\n<meta name=\"twitter:label1\" content=\"Tiempo de lectura\" \/>\n\t<meta name=\"twitter:data1\" content=\"10 minutos\" \/>\n<script type=\"application\/ld+json\" class=\"yoast-schema-graph\">{\"@context\":\"https:\/\/schema.org\",\"@graph\":[{\"@type\":\"WebPage\",\"@id\":\"https:\/\/www.vortal.biz\/es\/terms-of-use\/\",\"url\":\"https:\/\/www.vortal.biz\/es\/terms-of-use\/\",\"name\":\"T\u00e9rminos de uso | VORTAL\",\"isPartOf\":{\"@id\":\"https:\/\/www.vortal.biz\/pt-pt\/#website\"},\"datePublished\":\"2021-02-05T16:46:11+00:00\",\"dateModified\":\"2024-08-26T13:40:02+00:00\",\"description\":\"T\u00e9rminos de Uso de VORTAL.\",\"breadcrumb\":{\"@id\":\"https:\/\/www.vortal.biz\/es\/terms-of-use\/#breadcrumb\"},\"inLanguage\":\"es\",\"potentialAction\":[{\"@type\":\"ReadAction\",\"target\":[\"https:\/\/www.vortal.biz\/es\/terms-of-use\/\"]}]},{\"@type\":\"BreadcrumbList\",\"@id\":\"https:\/\/www.vortal.biz\/es\/terms-of-use\/#breadcrumb\",\"itemListElement\":[{\"@type\":\"ListItem\",\"position\":1,\"name\":\"Home\",\"item\":\"https:\/\/www.vortal.biz\/es\/\"},{\"@type\":\"ListItem\",\"position\":2,\"name\":\"Terms of Use\"}]},{\"@type\":\"WebSite\",\"@id\":\"https:\/\/www.vortal.biz\/pt-pt\/#website\",\"url\":\"https:\/\/www.vortal.biz\/pt-pt\/\",\"name\":\"VORTAL\",\"description\":\"Connecting Business\",\"potentialAction\":[{\"@type\":\"SearchAction\",\"target\":{\"@type\":\"EntryPoint\",\"urlTemplate\":\"https:\/\/www.vortal.biz\/pt-pt\/?s={search_term_string}\"},\"query-input\":\"required name=search_term_string\"}],\"inLanguage\":\"es\"}]}<\/script>\n<!-- \/ Yoast SEO plugin. -->","yoast_head_json":{"title":"T\u00e9rminos de uso | VORTAL","description":"T\u00e9rminos de Uso de VORTAL.","robots":{"index":"index","follow":"follow","max-snippet":"max-snippet:-1","max-image-preview":"max-image-preview:large","max-video-preview":"max-video-preview:-1"},"canonical":"https:\/\/www.vortal.biz\/es\/terms-of-use\/","og_locale":"es_ES","og_type":"article","og_title":"T\u00e9rminos de uso | VORTAL","og_description":"T\u00e9rminos de Uso de VORTAL.","og_url":"https:\/\/www.vortal.biz\/es\/terms-of-use\/","og_site_name":"VORTAL","article_modified_time":"2024-08-26T13:40:02+00:00","twitter_card":"summary_large_image","twitter_misc":{"Tiempo de lectura":"10 minutos"},"schema":{"@context":"https:\/\/schema.org","@graph":[{"@type":"WebPage","@id":"https:\/\/www.vortal.biz\/es\/terms-of-use\/","url":"https:\/\/www.vortal.biz\/es\/terms-of-use\/","name":"T\u00e9rminos de uso | VORTAL","isPartOf":{"@id":"https:\/\/www.vortal.biz\/pt-pt\/#website"},"datePublished":"2021-02-05T16:46:11+00:00","dateModified":"2024-08-26T13:40:02+00:00","description":"T\u00e9rminos de Uso de VORTAL.","breadcrumb":{"@id":"https:\/\/www.vortal.biz\/es\/terms-of-use\/#breadcrumb"},"inLanguage":"es","potentialAction":[{"@type":"ReadAction","target":["https:\/\/www.vortal.biz\/es\/terms-of-use\/"]}]},{"@type":"BreadcrumbList","@id":"https:\/\/www.vortal.biz\/es\/terms-of-use\/#breadcrumb","itemListElement":[{"@type":"ListItem","position":1,"name":"Home","item":"https:\/\/www.vortal.biz\/es\/"},{"@type":"ListItem","position":2,"name":"Terms of Use"}]},{"@type":"WebSite","@id":"https:\/\/www.vortal.biz\/pt-pt\/#website","url":"https:\/\/www.vortal.biz\/pt-pt\/","name":"VORTAL","description":"Connecting Business","potentialAction":[{"@type":"SearchAction","target":{"@type":"EntryPoint","urlTemplate":"https:\/\/www.vortal.biz\/pt-pt\/?s={search_term_string}"},"query-input":"required name=search_term_string"}],"inLanguage":"es"}]}},"_links":{"self":[{"href":"https:\/\/www.vortal.biz\/es\/wp-json\/wp\/v2\/pages\/5155"}],"collection":[{"href":"https:\/\/www.vortal.biz\/es\/wp-json\/wp\/v2\/pages"}],"about":[{"href":"https:\/\/www.vortal.biz\/es\/wp-json\/wp\/v2\/types\/page"}],"author":[{"embeddable":true,"href":"https:\/\/www.vortal.biz\/es\/wp-json\/wp\/v2\/users\/5639"}],"replies":[{"embeddable":true,"href":"https:\/\/www.vortal.biz\/es\/wp-json\/wp\/v2\/comments?post=5155"}],"version-history":[{"count":1,"href":"https:\/\/www.vortal.biz\/es\/wp-json\/wp\/v2\/pages\/5155\/revisions"}],"predecessor-version":[{"id":9589,"href":"https:\/\/www.vortal.biz\/es\/wp-json\/wp\/v2\/pages\/5155\/revisions\/9589"}],"wp:attachment":[{"href":"https:\/\/www.vortal.biz\/es\/wp-json\/wp\/v2\/media?parent=5155"}],"curies":[{"name":"wp","href":"https:\/\/api.w.org\/{rel}","templated":true}]}}