{"id":3475,"date":"2021-01-27T17:46:49","date_gmt":"2021-01-27T17:46:49","guid":{"rendered":"https:\/\/pt.vortal.biz\/?page_id=3475"},"modified":"2025-02-27T15:22:27","modified_gmt":"2025-02-27T15:22:27","slug":"certifications","status":"publish","type":"page","link":"https:\/\/www.vortal.biz\/es\/certifications\/","title":{"rendered":"Certifications"},"content":{"rendered":"<p><div class=\"fusion-fullwidth fullwidth-box fusion-builder-row-1 fusion-flex-container fusion-parallax-none hundred-percent-fullwidth non-hundred-percent-height-scrolling fusion-custom-z-index\" style=\"background-color: #001529;background-image: url(&quot;https:\/\/pt.vortal.biz\/wp-content\/uploads\/2021\/01\/vortal_certifications.jpg&quot;);background-position: center center;background-repeat: no-repeat;border-width: 0px 0px 0px 0px;border-color:#e2e2e2;border-style:solid;-webkit-background-size:cover;-moz-background-size:cover;-o-background-size:cover;background-size:cover;min-height:400px;\" ><div class=\"fusion-builder-row fusion-row fusion-flex-align-items-stretch fusion-flex-justify-content-center\" style=\"width:calc( 100% + 0px ) !important;max-width:calc( 100% + 0px ) !important;margin-left: calc(-0px \/ 2 );margin-right: calc(-0px \/ 2 );\"><div class=\"fusion-layout-column fusion_builder_column fusion-builder-column-0 fusion_builder_column_1_1 1_1 fusion-flex-column fusion-flex-align-self-stretch fusion-column-inner-bg-wrapper\"><div class=\"fusion-column-wrapper fusion-flex-justify-content-center fusion-content-layout-column\" style=\"padding: 0px 0px 0px 0px;\"><style type=\"text\/css\">@media only screen and (max-width:1024px) {.fusion-title.fusion-title-1{margin-top:0px!important; margin-right:0px!important;margin-bottom:40px!important;margin-left:0px!important;}}@media only screen and (max-width:640px) {.fusion-title.fusion-title-1{margin-top:10px!important; margin-right:0px!important;margin-bottom:10px!important; margin-left:0px!important;}}<\/style><div class=\"fusion-title title fusion-title-1 fusion-sep-none fusion-title-center fusion-title-text fusion-title-size-one fusion-animated\" style=\"margin-top:0px;margin-right:0px;margin-bottom:40px;margin-left:0px;\" data-animationType=\"slideInLeft\" data-animationDuration=\"1.0\" data-animationOffset=\"100%\"><h1 class=\"title-heading-center\" style=\"margin:0;\">Certificaciones<\/h1><\/div><style type=\"text\/css\">@media only screen and (max-width:1024px) {.fusion-title.fusion-title-2{margin-top:0px!important; margin-right:0px!important;margin-bottom:0px!important;margin-left:0px!important;}}@media only screen and (max-width:640px) {.fusion-title.fusion-title-2{margin-top:10px!important; margin-right:0px!important;margin-bottom:10px!important; margin-left:0px!important;}}<\/style><div class=\"fusion-title title fusion-title-2 fusion-sep-none fusion-title-text fusion-title-size-four fusion-animated\" style=\"margin-top:0px;margin-right:0px;margin-bottom:0px;margin-left:0px;\" data-animationType=\"slideInLeft\" data-animationDuration=\"1.2\" data-animationOffset=\"100%\"><h4 class=\"title-heading-left\" style=\"margin:0;color:#ffffff;\"><p style=\"text-align: center;\">VORTAL cuenta con certificaciones internacionales con los m\u00e1s altos est\u00e1ndares de seguridad y calidad.<\/p><\/h4><\/div><\/div><span class=\"fusion-column-inner-bg hover-type-zoomin\"><a class=\"fusion-column-anchor\"><span class=\"fusion-column-inner-bg-image\" style=\"background-position:center center;background-repeat:no-repeat;-webkit-background-size:cover;-moz-background-size:cover;-o-background-size:cover;background-size:cover;\"><\/span><\/a><\/span><style type=\"text\/css\">.fusion-body .fusion-builder-column-0{width:100% !important;margin-top : 0px;margin-bottom : 0px;}.fusion-builder-column-0 > .fusion-column-wrapper {padding-top : 0px !important;padding-right : 0px !important;margin-right : 0px;padding-bottom : 0px !important;padding-left : 0px !important;margin-left : 0px;}.fusion-flex-container .fusion-row .fusion-builder-column-0 > .fusion-column-inner-bg { margin-right:0px;margin-left:0px; }@media only screen and (max-width:1024px) {.fusion-body .fusion-builder-column-0{width:100% !important;order : 0;}.fusion-builder-column-0 > .fusion-column-wrapper {margin-right : 0px;margin-left : 0px;}.fusion-flex-container .fusion-row .fusion-builder-column-0 > .fusion-column-inner-bg { margin-right:0px;margin-left:0px; }}@media only screen and (max-width:640px) {.fusion-body .fusion-builder-column-0{width:100% !important;order : 0;}.fusion-builder-column-0 > .fusion-column-wrapper {margin-right : 0px;margin-left : 0px;}.fusion-flex-container .fusion-row .fusion-builder-column-0 > .fusion-column-inner-bg { margin-right:0px;margin-left:0px; }}<\/style><\/div><\/div><style type=\"text\/css\">.fusion-fullwidth.fusion-builder-row-1 { z-index:0 !important; }.fusion-body .fusion-flex-container.fusion-builder-row-1{ padding-top : 40px;margin-top : 0px;padding-right : 40px;padding-bottom : 40px;margin-bottom : 0px;padding-left : 40px;}<\/style><\/div><div class=\"fusion-fullwidth fullwidth-box fusion-builder-row-2 fusion-flex-container nonhundred-percent-fullwidth non-hundred-percent-height-scrolling fusion-custom-z-index\" style=\"background-color: #ffffff;background-position: center center;background-repeat: no-repeat;border-width: 0px 0px 0px 0px;border-color:#e2e2e2;border-style:solid;\" ><div class=\"fusion-builder-row fusion-row fusion-flex-align-items-flex-start\" style=\"max-width:calc( 1640px + 32px );margin-left: calc(-32px \/ 2 );margin-right: calc(-32px \/ 2 );\"><div class=\"fusion-layout-column fusion_builder_column fusion-builder-column-1 fusion_builder_column_1_4 1_4 fusion-flex-column fusion-flex-align-self-stretch\"><div class=\"fusion-column-wrapper fusion-flex-justify-content-flex-start fusion-content-layout-column\" style=\"background-position:left top;background-repeat:no-repeat;-webkit-background-size:cover;-moz-background-size:cover;-o-background-size:cover;background-size:cover;padding: 0px 0px 0px 0px;\"><\/div><style type=\"text\/css\">.fusion-body .fusion-builder-column-1{width:25% !important;margin-top : 0px;margin-bottom : 0px;}.fusion-builder-column-1 > .fusion-column-wrapper {padding-top : 0px !important;padding-right : 0px !important;margin-right : 16px;padding-bottom : 0px !important;padding-left : 0px !important;margin-left : 16px;}@media only screen and (max-width:1024px) {.fusion-body .fusion-builder-column-1{width:25% !important;order : 0;}.fusion-builder-column-1 > .fusion-column-wrapper {margin-right : 16px;margin-left : 16px;}}@media only screen and (max-width:640px) {.fusion-body .fusion-builder-column-1{width:100% !important;order : 0;}.fusion-builder-column-1 > .fusion-column-wrapper {margin-right : 16px;margin-left : 16px;}}<\/style><\/div><div class=\"fusion-layout-column fusion_builder_column fusion-builder-column-2 fusion_builder_column_1_2 1_2 fusion-flex-column fusion-flex-align-self-stretch\"><div class=\"fusion-column-wrapper fusion-flex-justify-content-center fusion-content-layout-column\" style=\"background-position:left top;background-repeat:no-repeat;-webkit-background-size:cover;-moz-background-size:cover;-o-background-size:cover;background-size:cover;padding: 0px 0px 0px 0px;\"><div class=\"fusion-text fusion-text-1\" style=\"line-height:2;\"><p>Estamos profundamente comprometidos con la seguridad de la informaci\u00f3n y ofrecemos las m\u00e1ximas garant\u00edas de calidad, seguridad e integridad en todos nuestros servicios y plataformas.<\/p>\n<\/div><div style=\"text-align:left;\"><span class=\" fusion-imageframe imageframe-none imageframe-1 hover-type-none\" style=\"width:100%;max-width:365px;margin-top:40px;margin-right:0px;margin-bottom:16px;margin-left:0px;\"><img decoding=\"async\" width=\"365\" height=\"118\" title=\"logo_27001_27017_27018_v1\" src=\"https:\/\/www.vortal.biz\/wp-content\/uploads\/2025\/02\/logo_27001_27017_27018_v1.png\" class=\"img-responsive wp-image-9871\"\/><\/span><\/div><div class=\"fusion-text fusion-text-2\" style=\"line-height:2;\"><p>Gesti\u00f3n de la seguridad de la informaci\u00f3n<\/p>\n<\/div><div style=\"text-align:left;\"><span class=\" fusion-imageframe imageframe-none imageframe-2 hover-type-none\" style=\"width:100%;max-width:177px;margin-top:40px;margin-right:0px;margin-bottom:16px;margin-left:0px;\"><img decoding=\"async\" width=\"177\" height=\"118\" title=\"logo_20000-1_v1\" src=\"https:\/\/www.vortal.biz\/wp-content\/uploads\/2025\/02\/logo_20000-1_v1.png\" class=\"img-responsive wp-image-9865\"\/><\/span><\/div><div class=\"fusion-text fusion-text-3\" style=\"line-height:2;\"><p>Gesti\u00f3n de servicios de TI<\/p>\n<\/div><div style=\"text-align:left;\"><span class=\" fusion-imageframe imageframe-none imageframe-3 hover-type-none\" style=\"width:100%;max-width:177px;margin-top:40px;margin-right:0px;margin-bottom:16px;margin-left:0px;\"><img decoding=\"async\" width=\"177\" height=\"118\" title=\"logo_22301_v1\" src=\"https:\/\/www.vortal.biz\/wp-content\/uploads\/2025\/02\/logo_22301_v1.png\" class=\"img-responsive wp-image-9868\"\/><\/span><\/div><div class=\"fusion-text fusion-text-4\" style=\"line-height:2;\"><p>Sistema de gesti\u00f3n de la continuidad del negocio<\/p>\n<\/div><div style=\"text-align:left;\"><span class=\" fusion-imageframe imageframe-none imageframe-4 hover-type-none\" style=\"width:100%;max-width:177px;margin-top:40px;margin-right:0px;margin-bottom:16px;margin-left:0px;\"><img decoding=\"async\" width=\"177\" height=\"118\" title=\"logo_9001_v1\" src=\"https:\/\/www.vortal.biz\/wp-content\/uploads\/2025\/02\/logo_9001_v1.png\" class=\"img-responsive wp-image-9862\"\/><\/span><\/div><div class=\"fusion-text fusion-text-5\" style=\"line-height:2;\"><p>Certificaci\u00f3n de conformidad<\/p>\n<\/div><div style=\"text-align:left;\"><span class=\" fusion-imageframe imageframe-none imageframe-5 hover-type-none\" style=\"width:100%;max-width:177px;margin-top:40px;margin-right:0px;margin-bottom:16px;margin-left:0px;\"><img decoding=\"async\" width=\"177\" height=\"118\" alt=\"VORTAL Certifications\" title=\"logo_impic_v1\" src=\"https:\/\/www.vortal.biz\/wp-content\/uploads\/2021\/01\/logo_impic_v1.png\" class=\"img-responsive wp-image-2510\"\/><\/span><\/div><div class=\"fusion-text fusion-text-6\" style=\"line-height:2;\"><p>El GNS (Gabinete Nacional de Seguridad &#8211; Gabinete Nacional de Seguran\u00e7a &#8211; GNS) y el IMPIC\/ (Instituto dos Mercados P\u00fablicos, do Imobili\u00e1rio e da Constru\u00e7\u00e3o &#8211; IMPIC) se encargan de que la plataforma cumpla con los requisitos legales, los estrictos requisitos de seguridad, la transparencia y la confidencialidad en los procedimientos de contrataci\u00f3n p\u00fablica.<\/p>\n<\/div><div style=\"text-align:left;\"><span class=\" fusion-imageframe imageframe-none imageframe-6 hover-type-none\" style=\"width:100%;max-width:177px;margin-top:40px;margin-right:0px;margin-bottom:16px;margin-left:0px;\"><img decoding=\"async\" width=\"177\" height=\"118\" title=\"logo_ens_v1\" src=\"https:\/\/www.vortal.biz\/wp-content\/uploads\/2025\/02\/logo_ens_v1-1.png\" class=\"img-responsive wp-image-9888\"\/><\/span><\/div><div class=\"fusion-text fusion-text-7\" style=\"line-height:2;\"><p>VORTAL tiene un sistema de gesti\u00f3n integrada maduro que cumple con los requisitos para los sistemas en el nivel m\u00e1s alto de ENS. Las medidas de seguridad se refieren a la pol\u00edtica, las normas y los procedimientos de seguridad, los procesos de autorizaci\u00f3n, el control de acceso, los servicios externos, la vigilancia de los sistemas y las medidas de protecci\u00f3n (informaci\u00f3n, comunicaciones, locales e infraestructura). Es crucial operar en Espa\u00f1a.<\/p>\n<\/div><\/div><style type=\"text\/css\">.fusion-body .fusion-builder-column-2{width:50% !important;margin-top : 0px;margin-bottom : 0px;}.fusion-builder-column-2 > .fusion-column-wrapper {padding-top : 0px !important;padding-right : 0px !important;margin-right : 0px;padding-bottom : 0px !important;padding-left : 0px !important;margin-left : 0px;}@media only screen and (max-width:1024px) {.fusion-body .fusion-builder-column-2{width:50% !important;order : 0;}.fusion-builder-column-2 > .fusion-column-wrapper {margin-right : 0px;margin-left : 0px;}}@media only screen and (max-width:640px) {.fusion-body .fusion-builder-column-2{width:100% !important;order : 0;}.fusion-builder-column-2 > .fusion-column-wrapper {margin-right : 16px;margin-left : 16px;}}<\/style><\/div><div class=\"fusion-layout-column fusion_builder_column fusion-builder-column-3 fusion_builder_column_1_4 1_4 fusion-flex-column\"><div class=\"fusion-column-wrapper fusion-flex-justify-content-flex-start fusion-content-layout-column\" style=\"background-position:left top;background-repeat:no-repeat;-webkit-background-size:cover;-moz-background-size:cover;-o-background-size:cover;background-size:cover;padding: 0px 0px 0px 0px;\"><\/div><style type=\"text\/css\">.fusion-body .fusion-builder-column-3{width:25% !important;margin-top : 0px;margin-bottom : 0px;}.fusion-builder-column-3 > .fusion-column-wrapper {padding-top : 0px !important;padding-right : 0px !important;margin-right : 16px;padding-bottom : 0px !important;padding-left : 0px !important;margin-left : 16px;}@media only screen and (max-width:1024px) {.fusion-body .fusion-builder-column-3{width:25% !important;order : 0;}.fusion-builder-column-3 > .fusion-column-wrapper {margin-right : 16px;margin-left : 16px;}}@media only screen and (max-width:640px) {.fusion-body .fusion-builder-column-3{width:100% !important;order : 0;}.fusion-builder-column-3 > .fusion-column-wrapper {margin-right : 16px;margin-left : 16px;}}<\/style><\/div><\/div><style type=\"text\/css\">.fusion-fullwidth.fusion-builder-row-2 { z-index:1 !important; }.fusion-body .fusion-flex-container.fusion-builder-row-2{ padding-top : 104px;margin-top : 0px;padding-right : 16px;padding-bottom : 104px;margin-bottom : 0px;padding-left : 16px;}<\/style><\/div><\/p>\n","protected":false},"excerpt":{"rendered":"","protected":false},"author":5639,"featured_media":0,"parent":0,"menu_order":0,"comment_status":"closed","ping_status":"closed","template":"100-width.php","meta":{"footnotes":""},"yoast_head":"<!-- This site is optimized with the Yoast SEO plugin v22.3 - https:\/\/yoast.com\/wordpress\/plugins\/seo\/ -->\n<title>Certificaciones | VORTAL<\/title>\n<meta name=\"description\" content=\"VORTAL cuenta con certificaciones internacionales con los m\u00e1s altos est\u00e1ndares de seguridad y calidad.\" \/>\n<meta name=\"robots\" content=\"index, follow, max-snippet:-1, max-image-preview:large, max-video-preview:-1\" \/>\n<link rel=\"canonical\" href=\"https:\/\/www.vortal.biz\/es\/certifications\/\" \/>\n<meta property=\"og:locale\" content=\"es_ES\" \/>\n<meta property=\"og:type\" content=\"article\" \/>\n<meta property=\"og:title\" content=\"Certificaciones | VORTAL\" \/>\n<meta property=\"og:description\" content=\"VORTAL cuenta con certificaciones internacionales con los m\u00e1s altos est\u00e1ndares de seguridad y calidad.\" \/>\n<meta property=\"og:url\" content=\"https:\/\/www.vortal.biz\/es\/certifications\/\" \/>\n<meta property=\"og:site_name\" content=\"VORTAL\" \/>\n<meta property=\"article:modified_time\" content=\"2025-02-27T15:22:27+00:00\" \/>\n<meta name=\"twitter:card\" content=\"summary_large_image\" \/>\n<meta name=\"twitter:label1\" content=\"Tiempo de lectura\" \/>\n\t<meta name=\"twitter:data1\" content=\"7 minutos\" \/>\n<script type=\"application\/ld+json\" class=\"yoast-schema-graph\">{\"@context\":\"https:\/\/schema.org\",\"@graph\":[{\"@type\":\"WebPage\",\"@id\":\"https:\/\/www.vortal.biz\/es\/certifications\/\",\"url\":\"https:\/\/www.vortal.biz\/es\/certifications\/\",\"name\":\"Certificaciones | VORTAL\",\"isPartOf\":{\"@id\":\"https:\/\/www.vortal.biz\/pt-pt\/#website\"},\"datePublished\":\"2021-01-27T17:46:49+00:00\",\"dateModified\":\"2025-02-27T15:22:27+00:00\",\"description\":\"VORTAL cuenta con certificaciones internacionales con los m\u00e1s altos est\u00e1ndares de seguridad y calidad.\",\"breadcrumb\":{\"@id\":\"https:\/\/www.vortal.biz\/es\/certifications\/#breadcrumb\"},\"inLanguage\":\"es\",\"potentialAction\":[{\"@type\":\"ReadAction\",\"target\":[\"https:\/\/www.vortal.biz\/es\/certifications\/\"]}]},{\"@type\":\"BreadcrumbList\",\"@id\":\"https:\/\/www.vortal.biz\/es\/certifications\/#breadcrumb\",\"itemListElement\":[{\"@type\":\"ListItem\",\"position\":1,\"name\":\"Home\",\"item\":\"https:\/\/www.vortal.biz\/es\/\"},{\"@type\":\"ListItem\",\"position\":2,\"name\":\"Certifications\"}]},{\"@type\":\"WebSite\",\"@id\":\"https:\/\/www.vortal.biz\/pt-pt\/#website\",\"url\":\"https:\/\/www.vortal.biz\/pt-pt\/\",\"name\":\"VORTAL\",\"description\":\"Connecting Business\",\"potentialAction\":[{\"@type\":\"SearchAction\",\"target\":{\"@type\":\"EntryPoint\",\"urlTemplate\":\"https:\/\/www.vortal.biz\/pt-pt\/?s={search_term_string}\"},\"query-input\":\"required name=search_term_string\"}],\"inLanguage\":\"es\"}]}<\/script>\n<!-- \/ Yoast SEO plugin. -->","yoast_head_json":{"title":"Certificaciones | VORTAL","description":"VORTAL cuenta con certificaciones internacionales con los m\u00e1s altos est\u00e1ndares de seguridad y calidad.","robots":{"index":"index","follow":"follow","max-snippet":"max-snippet:-1","max-image-preview":"max-image-preview:large","max-video-preview":"max-video-preview:-1"},"canonical":"https:\/\/www.vortal.biz\/es\/certifications\/","og_locale":"es_ES","og_type":"article","og_title":"Certificaciones | VORTAL","og_description":"VORTAL cuenta con certificaciones internacionales con los m\u00e1s altos est\u00e1ndares de seguridad y calidad.","og_url":"https:\/\/www.vortal.biz\/es\/certifications\/","og_site_name":"VORTAL","article_modified_time":"2025-02-27T15:22:27+00:00","twitter_card":"summary_large_image","twitter_misc":{"Tiempo de lectura":"7 minutos"},"schema":{"@context":"https:\/\/schema.org","@graph":[{"@type":"WebPage","@id":"https:\/\/www.vortal.biz\/es\/certifications\/","url":"https:\/\/www.vortal.biz\/es\/certifications\/","name":"Certificaciones | VORTAL","isPartOf":{"@id":"https:\/\/www.vortal.biz\/pt-pt\/#website"},"datePublished":"2021-01-27T17:46:49+00:00","dateModified":"2025-02-27T15:22:27+00:00","description":"VORTAL cuenta con certificaciones internacionales con los m\u00e1s altos est\u00e1ndares de seguridad y calidad.","breadcrumb":{"@id":"https:\/\/www.vortal.biz\/es\/certifications\/#breadcrumb"},"inLanguage":"es","potentialAction":[{"@type":"ReadAction","target":["https:\/\/www.vortal.biz\/es\/certifications\/"]}]},{"@type":"BreadcrumbList","@id":"https:\/\/www.vortal.biz\/es\/certifications\/#breadcrumb","itemListElement":[{"@type":"ListItem","position":1,"name":"Home","item":"https:\/\/www.vortal.biz\/es\/"},{"@type":"ListItem","position":2,"name":"Certifications"}]},{"@type":"WebSite","@id":"https:\/\/www.vortal.biz\/pt-pt\/#website","url":"https:\/\/www.vortal.biz\/pt-pt\/","name":"VORTAL","description":"Connecting Business","potentialAction":[{"@type":"SearchAction","target":{"@type":"EntryPoint","urlTemplate":"https:\/\/www.vortal.biz\/pt-pt\/?s={search_term_string}"},"query-input":"required name=search_term_string"}],"inLanguage":"es"}]}},"_links":{"self":[{"href":"https:\/\/www.vortal.biz\/es\/wp-json\/wp\/v2\/pages\/3475"}],"collection":[{"href":"https:\/\/www.vortal.biz\/es\/wp-json\/wp\/v2\/pages"}],"about":[{"href":"https:\/\/www.vortal.biz\/es\/wp-json\/wp\/v2\/types\/page"}],"author":[{"embeddable":true,"href":"https:\/\/www.vortal.biz\/es\/wp-json\/wp\/v2\/users\/5639"}],"replies":[{"embeddable":true,"href":"https:\/\/www.vortal.biz\/es\/wp-json\/wp\/v2\/comments?post=3475"}],"version-history":[{"count":7,"href":"https:\/\/www.vortal.biz\/es\/wp-json\/wp\/v2\/pages\/3475\/revisions"}],"predecessor-version":[{"id":9901,"href":"https:\/\/www.vortal.biz\/es\/wp-json\/wp\/v2\/pages\/3475\/revisions\/9901"}],"wp:attachment":[{"href":"https:\/\/www.vortal.biz\/es\/wp-json\/wp\/v2\/media?parent=3475"}],"curies":[{"name":"wp","href":"https:\/\/api.w.org\/{rel}","templated":true}]}}